{"id":3092,"date":"2025-03-24T15:57:53","date_gmt":"2025-03-24T15:57:53","guid":{"rendered":"https:\/\/tinellasuperfoods.nl\/product\/gelules-de-gingembre-tinella-120-unites\/"},"modified":"2026-03-09T12:03:40","modified_gmt":"2026-03-09T12:03:40","slug":"gelules-de-gingembre-tinella-120-unites","status":"publish","type":"product","link":"https:\/\/tinellasuperfoods.nl\/fr\/produit\/gelules-de-gingembre-tinella-120-unites\/","title":{"rendered":"G\u00e9lules de gingembre Tinella, 120 unit\u00e9s"},"content":{"rendered":"<p><strong>120 g\u00e9lules de gingembre de Tinella<\/strong><\/p>\n<p><b>Description <\/b><\/p>\n<p data-sourcepos=\"7:1-7:519\">D\u00e9couvrez les bienfaits incomparables des g\u00e9lules de gingembre Tinella, un compl\u00e9ment alimentaire enti\u00e8rement naturel, soigneusement formul\u00e9 pour favoriser votre sant\u00e9 et votre vitalit\u00e9. Nos g\u00e9lules contiennent de l&rsquo;extrait pur de racine de gingembre (Zingiber officinale), une \u00e9pice puissante, pris\u00e9e depuis des si\u00e8cles pour ses nombreuses propri\u00e9t\u00e9s th\u00e9rapeutiques. Originaire des paysages luxuriants d&rsquo;Asie du Sud-Est, le gingembre est reconnu pour sa capacit\u00e9 \u00e0 soutenir naturellement l&rsquo;organisme.<\/p>\n<p data-sourcepos=\"9:1-9:65\"><strong>Le pouvoir du gingembre : bien plus qu\u2019une simple \u00e9pice<\/strong><\/p>\n<p data-sourcepos=\"11:1-11:456\">Le gingembre est riche en compos\u00e9s bioactifs, notamment en ging\u00e9rols, qui poss\u00e8dent de puissantes propri\u00e9t\u00e9s anti-inflammatoires et antioxydantes. Ces propri\u00e9t\u00e9s naturelles contribuent \u00e0 r\u00e9duire l&rsquo;inflammation dans l&rsquo;organisme, un facteur cl\u00e9 dans de nombreuses maladies chroniques. En int\u00e9grant les capsules de gingembre Tinella \u00e0 votre routine quotidienne, vous pouvez aider naturellement votre corps \u00e0 lutter contre l&rsquo;inflammation.<\/p>\n<p data-sourcepos=\"13:1-13:290\">Le gingembre joue \u00e9galement un r\u00f4le dans la r\u00e9gulation de la glyc\u00e9mie. Des \u00e9tudes sugg\u00e8rent qu&rsquo;il peut am\u00e9liorer la sensibilit\u00e9 \u00e0 l&rsquo;insuline et contribuer \u00e0 stabiliser la glyc\u00e9mie, ce qui est b\u00e9n\u00e9fique pour les personnes souhaitant maintenir un taux de glyc\u00e9mie \u00e9quilibr\u00e9.<\/p>\n<p data-sourcepos=\"15:1-15:424\">Un autre bienfait reconnu du gingembre est son efficacit\u00e9 contre les naus\u00e9es. Qu&rsquo;il s&rsquo;agisse du mal des transports, des naus\u00e9es matinales de la grossesse ou de naus\u00e9es d&rsquo;autres origines, le gingembre peut constituer une solution naturelle et s\u00fbre pour att\u00e9nuer ces sympt\u00f4mes d\u00e9sagr\u00e9ables. Les g\u00e9lules de gingembre Tinella offrent une fa\u00e7on pratique et sans go\u00fbt de profiter de ce bienfait.<\/p>\n<p data-sourcepos=\"17:1-17:363\">Durant les mois les plus froids, le gingembre peut \u00e9galement \u00eatre un pr\u00e9cieux alli\u00e9. Reconnu pour ses propri\u00e9t\u00e9s stimulantes du syst\u00e8me immunitaire, il contribue \u00e0 soulager les sympt\u00f4mes du rhume. Ses propri\u00e9t\u00e9s r\u00e9chauffantes apaisent les voies respiratoires et favorisent le bien-\u00eatre g\u00e9n\u00e9ral pendant la maladie.<\/p>\n<p data-sourcepos=\"19:1-19:50\"><strong>Gingembre Tinella : La qualit\u00e9 et la puret\u00e9 avant tout<\/strong><\/p>\n<p data-sourcepos=\"21:1-21:492\">Chez Tinella, nous croyons au pouvoir de la nature et nous nous effor\u00e7ons d&rsquo;offrir la meilleure qualit\u00e9 pour tous nos produits. Notre gingembre est cultiv\u00e9 sans pesticides nocifs, vous garantissant ainsi un compl\u00e9ment alimentaire pur et sans contamination. Ce processus de culture rigoureux pr\u00e9serve tous les pr\u00e9cieux nutriments et principes actifs de la racine de gingembre, pour un compl\u00e9ment alimentaire \u00e0 base de plantes de qualit\u00e9 sup\u00e9rieure et d&rsquo;une efficacit\u00e9 optimale.<\/p>\n<p data-sourcepos=\"23:1-23:301\">Chaque capsule contient une dose concentr\u00e9e des bienfaits naturels du gingembre, notamment une quantit\u00e9 mod\u00e9r\u00e9e de vitamine B6 et des min\u00e9raux essentiels comme le magn\u00e9sium et le mangan\u00e8se. Ces nutriments jouent un r\u00f4le crucial dans diverses fonctions de l&rsquo;organisme et contribuent \u00e0 votre sant\u00e9 globale.<\/p>\n<p data-sourcepos=\"25:1-25:53\"><strong>Pourquoi choisir les g\u00e9lules de gingembre v\u00e9g\u00e9taliennes Tinella ?<\/strong><\/p>\n<ul data-sourcepos=\"27:1-34:0\">\n<li data-sourcepos=\"27:1-27:98\">Anti-inflammatoire naturel : Aide l&rsquo;organisme \u00e0 r\u00e9duire l&rsquo;inflammation.<\/li>\n<li data-sourcepos=\"28:1-28:86\">R\u00e9gulation de la glyc\u00e9mie : Peut contribuer \u00e0 stabiliser la glyc\u00e9mie.<\/li>\n<li data-sourcepos=\"29:1-29:104\"><strong>Soulager les naus\u00e9es : <\/strong>un rem\u00e8de naturel contre diff\u00e9rentes formes de naus\u00e9es.<\/li>\n<li data-sourcepos=\"30:1-30:96\"><strong>Soutien en cas de rhume :<\/strong> Peut soulager les sympt\u00f4mes et renforcer le syst\u00e8me immunitaire.<\/li>\n<li data-sourcepos=\"31:1-31:98\"><strong>100% naturel et pur <\/strong>: culture sans pesticides pour une qualit\u00e9 sup\u00e9rieure.<\/li>\n<li data-sourcepos=\"32:1-32:67\">Riche en nutriments : Contient de la vitamine B6, du magn\u00e9sium et du mangan\u00e8se.<\/li>\n<li data-sourcepos=\"33:1-34:0\"><strong>G\u00e9lules v\u00e9g\u00e9taliennes pratiques :<\/strong> faciles \u00e0 prendre et adapt\u00e9es \u00e0 un mode de vie v\u00e9g\u00e9talien.<\/li>\n<\/ul>\n<p data-sourcepos=\"35:1-35:229\">Choisissez les g\u00e9lules de gingembre v\u00e9g\u00e9taliennes Tinella et d\u00e9couvrez les multiples bienfaits de ce superaliment naturel puissant. Prenez soin de votre corps naturellement et investissez dans votre bien-\u00eatre. Commandez d\u00e8s aujourd&rsquo;hui et constatez la diff\u00e9rence !<\/p>\n","protected":false},"excerpt":{"rendered":"<p>120 g\u00e9lules de gingembre de Tinella Description D\u00e9couvrez les bienfaits incomparables des g\u00e9lules de gingembre Tinella, un compl\u00e9ment alimentaire enti\u00e8rement&#8230;<\/p>\n","protected":false},"featured_media":3089,"comment_status":"open","ping_status":"closed","template":"","meta":{"_acf_changed":false},"product_brand":[],"product_cat":[67],"product_tag":[],"class_list":{"0":"post-3092","1":"product","2":"type-product","3":"status-publish","4":"has-post-thumbnail","6":"product_cat-gelules-de-gingembre","8":"first","9":"instock","10":"taxable","11":"shipping-taxable","12":"purchasable","13":"product-type-simple"},"acf":[],"_links":{"self":[{"href":"https:\/\/tinellasuperfoods.nl\/fr\/wp-json\/wp\/v2\/product\/3092","targetHints":{"allow":["GET"]}}],"collection":[{"href":"https:\/\/tinellasuperfoods.nl\/fr\/wp-json\/wp\/v2\/product"}],"about":[{"href":"https:\/\/tinellasuperfoods.nl\/fr\/wp-json\/wp\/v2\/types\/product"}],"replies":[{"embeddable":true,"href":"https:\/\/tinellasuperfoods.nl\/fr\/wp-json\/wp\/v2\/comments?post=3092"}],"wp:featuredmedia":[{"embeddable":true,"href":"https:\/\/tinellasuperfoods.nl\/fr\/wp-json\/wp\/v2\/media\/3089"}],"wp:attachment":[{"href":"https:\/\/tinellasuperfoods.nl\/fr\/wp-json\/wp\/v2\/media?parent=3092"}],"wp:term":[{"taxonomy":"product_brand","embeddable":true,"href":"https:\/\/tinellasuperfoods.nl\/fr\/wp-json\/wp\/v2\/product_brand?post=3092"},{"taxonomy":"product_cat","embeddable":true,"href":"https:\/\/tinellasuperfoods.nl\/fr\/wp-json\/wp\/v2\/product_cat?post=3092"},{"taxonomy":"product_tag","embeddable":true,"href":"https:\/\/tinellasuperfoods.nl\/fr\/wp-json\/wp\/v2\/product_tag?post=3092"}],"curies":[{"name":"wp","href":"https:\/\/api.w.org\/{rel}","templated":true}]}}