{"id":3414,"date":"2025-04-07T17:34:35","date_gmt":"2025-04-07T17:34:35","guid":{"rendered":"https:\/\/tinellasuperfoods.nl\/reduce-muscle-pain\/"},"modified":"2026-03-09T07:08:46","modified_gmt":"2026-03-09T07:08:46","slug":"reduce-muscle-pain","status":"publish","type":"page","link":"https:\/\/tinellasuperfoods.nl\/fr\/reduce-muscle-pain\/","title":{"rendered":"R\u00e9duire les douleurs musculaires"},"content":{"rendered":"\t\t<div data-elementor-type=\"wp-page\" data-elementor-id=\"3414\" class=\"elementor elementor-3414 elementor-865\">\n\t\t\t\t<div class=\"elementor-element elementor-element-b979be7 e-flex e-con-boxed e-con e-parent\" data-id=\"b979be7\" data-element_type=\"container\" data-e-type=\"container\">\n\t\t\t\t\t<div class=\"e-con-inner\">\n\t\t\t\t<div class=\"elementor-element elementor-element-57f21b5 elementor-widget__width-initial elementor-widget-laptop__width-initial elementor-widget elementor-widget-heading\" data-id=\"57f21b5\" data-element_type=\"widget\" data-e-type=\"widget\" data-widget_type=\"heading.default\">\n\t\t\t\t\t<h1 class=\"elementor-heading-title elementor-size-default\">Soulagez vos douleurs musculaires gr\u00e2ce au gingembre : un soutien naturel pour la r\u00e9cup\u00e9ration et le soulagement de la douleur<\/h1>\t\t\t\t<\/div>\n\t\t\t\t\t<\/div>\n\t\t\t\t<\/div>\n\t\t<div class=\"elementor-element elementor-element-f8ba609 e-flex e-con-boxed e-con e-parent\" data-id=\"f8ba609\" data-element_type=\"container\" data-e-type=\"container\">\n\t\t\t\t\t<div class=\"e-con-inner\">\n\t\t<div class=\"elementor-element elementor-element-12e0cd7 e-con-full e-flex e-con e-child\" data-id=\"12e0cd7\" data-element_type=\"container\" data-e-type=\"container\">\n\t\t\t\t<div class=\"elementor-element elementor-element-c7d6f81 elementor-widget elementor-widget-text-editor\" data-id=\"c7d6f81\" data-element_type=\"widget\" data-e-type=\"widget\" data-widget_type=\"text-editor.default\">\n\t\t\t\t\t\t\t\t\t<p class=\"body\" dir=\"auto\" data-pm-slice=\"1 1 []\"><span style=\"color: #000000;\">Nos <strong><span style=\"color: #99cc00;\"><u><a style=\"color: #99cc00;\" href=\"https:\/\/tinellasuperfoods.nl\/fr\/produit\/gelules-de-gingembre-tinella-120-unites\/\">g\u00e9lules de gingembre bio<\/a><\/u><\/span><\/strong> contribuent \u00e0 r\u00e9duire naturellement les douleurs musculaires, favorisant une r\u00e9cup\u00e9ration plus rapide et des performances accrues. Elles soulagent la douleur naturellement et contribuent \u00e0 un bien-\u00eatre physique optimal. Elles constituent ainsi un choix id\u00e9al pour les sportifs, les personnes souffrant de douleurs chroniques et tous ceux qui souhaitent am\u00e9liorer leur bien-\u00eatre physique.  <\/span><\/p>\t\t\t\t\t\t\t\t<\/div>\n\t\t\t\t<div class=\"elementor-element elementor-element-bd4749a elementor-widget__width-initial elementor-widget-tablet__width-initial elementor-widget-mobile__width-initial elementor-widget elementor-widget-heading\" data-id=\"bd4749a\" data-element_type=\"widget\" data-e-type=\"widget\" data-widget_type=\"heading.default\">\n\t\t\t\t\t<h2 class=\"elementor-heading-title elementor-size-default\">Le gingembre comme soutien \u00e0 la r\u00e9cup\u00e9ration musculaire<\/h2>\t\t\t\t<\/div>\n\t\t\t\t<div class=\"elementor-element elementor-element-523a5c5 elementor-widget elementor-widget-text-editor\" data-id=\"523a5c5\" data-element_type=\"widget\" data-e-type=\"widget\" data-widget_type=\"text-editor.default\">\n\t\t\t\t\t\t\t\t\t<p class=\"body\" dir=\"auto\" data-pm-slice=\"1 1 []\"><span style=\"color: #000000;\">Apr\u00e8s un entra\u00eenement intense, les fibres musculaires peuvent \u00eatre endommag\u00e9es, entra\u00eenant des courbatures et des raideurs. Le gingembre contient des compos\u00e9s anti-inflammatoires comme le ging\u00e9rol, qui contribuent \u00e0 r\u00e9duire ces douleurs et \u00e0 acc\u00e9l\u00e9rer la r\u00e9cup\u00e9ration. La prise r\u00e9guli\u00e8re de nos g\u00e9lules de gingembre bio optimise votre r\u00e9cup\u00e9ration et vous permet de reprendre vos activit\u00e9s plus rapidement.  <\/span><\/p>\t\t\t\t\t\t\t\t<\/div>\n\t\t\t\t<\/div>\n\t\t<div class=\"elementor-element elementor-element-347fb61 e-con-full e-flex e-con e-child\" data-id=\"347fb61\" data-element_type=\"container\" data-e-type=\"container\">\n\t\t\t\t<div class=\"elementor-element elementor-element-04700d1 elementor-widget elementor-widget-image\" data-id=\"04700d1\" data-element_type=\"widget\" data-e-type=\"widget\" data-widget_type=\"image.default\">\n\t\t\t\t\t\t\t\t\t\t\t\t\t\t\t<img fetchpriority=\"high\" decoding=\"async\" width=\"1024\" height=\"1024\" src=\"https:\/\/tinellasuperfoods.nl\/wp-content\/uploads\/2025\/04\/Geconcentreerde-Gember-Extract-Capsule-Optimale-Werking.jpg-1024x1024.webp\" class=\"attachment-large size-large wp-image-3412\" alt=\"\" srcset=\"https:\/\/tinellasuperfoods.nl\/wp-content\/uploads\/2025\/04\/Geconcentreerde-Gember-Extract-Capsule-Optimale-Werking.jpg-1024x1024.webp 1024w, https:\/\/tinellasuperfoods.nl\/wp-content\/uploads\/2025\/04\/Geconcentreerde-Gember-Extract-Capsule-Optimale-Werking.jpg-300x300.webp 300w, https:\/\/tinellasuperfoods.nl\/wp-content\/uploads\/2025\/04\/Geconcentreerde-Gember-Extract-Capsule-Optimale-Werking.jpg-150x150.webp 150w, https:\/\/tinellasuperfoods.nl\/wp-content\/uploads\/2025\/04\/Geconcentreerde-Gember-Extract-Capsule-Optimale-Werking.jpg-768x768.webp 768w, https:\/\/tinellasuperfoods.nl\/wp-content\/uploads\/2025\/04\/Geconcentreerde-Gember-Extract-Capsule-Optimale-Werking.jpg-1536x1536.webp 1536w, https:\/\/tinellasuperfoods.nl\/wp-content\/uploads\/2025\/04\/Geconcentreerde-Gember-Extract-Capsule-Optimale-Werking.jpg-12x12.webp 12w, https:\/\/tinellasuperfoods.nl\/wp-content\/uploads\/2025\/04\/Geconcentreerde-Gember-Extract-Capsule-Optimale-Werking.jpg-600x600.webp 600w, https:\/\/tinellasuperfoods.nl\/wp-content\/uploads\/2025\/04\/Geconcentreerde-Gember-Extract-Capsule-Optimale-Werking.jpg-100x100.webp 100w, https:\/\/tinellasuperfoods.nl\/wp-content\/uploads\/2025\/04\/Geconcentreerde-Gember-Extract-Capsule-Optimale-Werking.jpg.webp 1920w\" sizes=\"(max-width: 1024px) 100vw, 1024px\" \/>\t\t\t\t\t\t\t\t\t\t\t\t\t\t\t<\/div>\n\t\t\t\t<\/div>\n\t\t\t\t\t<\/div>\n\t\t\t\t<\/div>\n\t\t<div class=\"elementor-element elementor-element-81fbfbb e-flex e-con-boxed e-con e-parent\" data-id=\"81fbfbb\" data-element_type=\"container\" data-e-type=\"container\">\n\t\t\t\t\t<div class=\"e-con-inner\">\n\t\t<div class=\"elementor-element elementor-element-0d815fd e-con-full e-flex e-con e-child\" data-id=\"0d815fd\" data-element_type=\"container\" data-e-type=\"container\">\n\t\t\t\t<div class=\"elementor-element elementor-element-91b18cc elementor-widget elementor-widget-image\" data-id=\"91b18cc\" data-element_type=\"widget\" data-e-type=\"widget\" data-widget_type=\"image.default\">\n\t\t\t\t\t\t\t\t\t\t\t\t\t\t\t<img decoding=\"async\" width=\"1024\" height=\"1024\" src=\"https:\/\/tinellasuperfoods.nl\/wp-content\/uploads\/2025\/04\/Fit-en-Energiek-Na-De-Race-Biologische-Gember-Supplementen.jpg-1024x1024.webp\" class=\"attachment-large size-large wp-image-3413\" alt=\"Soutien naturel \u00e0 la r\u00e9cup\u00e9ration musculaire\" srcset=\"https:\/\/tinellasuperfoods.nl\/wp-content\/uploads\/2025\/04\/Fit-en-Energiek-Na-De-Race-Biologische-Gember-Supplementen.jpg-1024x1024.webp 1024w, https:\/\/tinellasuperfoods.nl\/wp-content\/uploads\/2025\/04\/Fit-en-Energiek-Na-De-Race-Biologische-Gember-Supplementen.jpg-300x300.webp 300w, https:\/\/tinellasuperfoods.nl\/wp-content\/uploads\/2025\/04\/Fit-en-Energiek-Na-De-Race-Biologische-Gember-Supplementen.jpg-150x150.webp 150w, https:\/\/tinellasuperfoods.nl\/wp-content\/uploads\/2025\/04\/Fit-en-Energiek-Na-De-Race-Biologische-Gember-Supplementen.jpg-768x768.webp 768w, https:\/\/tinellasuperfoods.nl\/wp-content\/uploads\/2025\/04\/Fit-en-Energiek-Na-De-Race-Biologische-Gember-Supplementen.jpg-1536x1536.webp 1536w, https:\/\/tinellasuperfoods.nl\/wp-content\/uploads\/2025\/04\/Fit-en-Energiek-Na-De-Race-Biologische-Gember-Supplementen.jpg-12x12.webp 12w, https:\/\/tinellasuperfoods.nl\/wp-content\/uploads\/2025\/04\/Fit-en-Energiek-Na-De-Race-Biologische-Gember-Supplementen.jpg-600x600.webp 600w, https:\/\/tinellasuperfoods.nl\/wp-content\/uploads\/2025\/04\/Fit-en-Energiek-Na-De-Race-Biologische-Gember-Supplementen.jpg-100x100.webp 100w, https:\/\/tinellasuperfoods.nl\/wp-content\/uploads\/2025\/04\/Fit-en-Energiek-Na-De-Race-Biologische-Gember-Supplementen.jpg.webp 1920w\" sizes=\"(max-width: 1024px) 100vw, 1024px\" \/>\t\t\t\t\t\t\t\t\t\t\t\t\t\t\t<\/div>\n\t\t\t\t<\/div>\n\t\t<div class=\"elementor-element elementor-element-9a40e71 e-con-full e-flex e-con e-child\" data-id=\"9a40e71\" data-element_type=\"container\" data-e-type=\"container\">\n\t\t\t\t<div class=\"elementor-element elementor-element-93250c7 elementor-widget__width-initial elementor-widget-tablet__width-initial elementor-widget-mobile__width-initial elementor-widget elementor-widget-heading\" data-id=\"93250c7\" data-element_type=\"widget\" data-e-type=\"widget\" data-widget_type=\"heading.default\">\n\t\t\t\t\t<h2 class=\"elementor-heading-title elementor-size-default\">Un soutien efficace contre la douleur chronique<\/h2>\t\t\t\t<\/div>\n\t\t\t\t<div class=\"elementor-element elementor-element-53d4e96 elementor-widget elementor-widget-text-editor\" data-id=\"53d4e96\" data-element_type=\"widget\" data-e-type=\"widget\" data-widget_type=\"text-editor.default\">\n\t\t\t\t\t\t\t\t\t<p class=\"body\" dir=\"auto\" data-pm-slice=\"1 1 []\"><span style=\"color: #000000;\">Outre les douleurs musculaires aigu\u00ebs, le gingembre est \u00e9galement efficace contre les douleurs chroniques telles que les maux de dos et de nuque. Ceci est d\u00fb \u00e0 ses propri\u00e9t\u00e9s analg\u00e9siques naturelles, qui contribuent \u00e0 r\u00e9duire l&rsquo;intensit\u00e9 de la douleur. La prise r\u00e9guli\u00e8re de g\u00e9lules de gingembre peut donc contribuer \u00e0 un soulagement durable, sans les effets secondaires des analg\u00e9siques de synth\u00e8se. Am\u00e9lioration de l&rsquo;\u00e9nergie et de l&rsquo;endurance physiques : le gingembre stimule la circulation sanguine, ce qui assure un meilleur apport d&rsquo;oxyg\u00e8ne et de nutriments aux muscles. Ceci peut non seulement favoriser la r\u00e9cup\u00e9ration, mais aussi augmenter le niveau d&rsquo;\u00e9nergie et am\u00e9liorer vos performances physiques globales. Que vous soyez sportif ou que vous souhaitiez simplement dynamiser votre quotidien, le gingembre vous apporte le soutien dont vous avez besoin.    <\/span><\/p>\t\t\t\t\t\t\t\t<\/div>\n\t\t\t\t<div class=\"elementor-element elementor-element-6407847 elementor-widget__width-initial elementor-widget-tablet__width-initial elementor-widget-mobile__width-initial elementor-widget elementor-widget-heading\" data-id=\"6407847\" data-element_type=\"widget\" data-e-type=\"widget\" data-widget_type=\"heading.default\">\n\t\t\t\t\t<h2 class=\"elementor-heading-title elementor-size-default\">Soulagement naturel des douleurs menstruelles<\/h2>\t\t\t\t<\/div>\n\t\t\t\t<div class=\"elementor-element elementor-element-6f2620a elementor-widget elementor-widget-text-editor\" data-id=\"6f2620a\" data-element_type=\"widget\" data-e-type=\"widget\" data-widget_type=\"text-editor.default\">\n\t\t\t\t\t\t\t\t\t<p class=\"body\" dir=\"auto\" data-pm-slice=\"1 1 []\"><span style=\"color: #000000;\">Les crampes menstruelles peuvent \u00eatre tr\u00e8s douloureuses et perturber le quotidien. Le gingembre s&rsquo;est r\u00e9v\u00e9l\u00e9 \u00eatre un analg\u00e9sique naturel efficace, contribuant \u00e0 att\u00e9nuer ces crampes et \u00e0 am\u00e9liorer la circulation sanguine dans la r\u00e9gion abdominale. C&rsquo;est pourquoi les g\u00e9lules de gingembre constituent une option int\u00e9ressante pour les femmes recherchant un soulagement naturel.  <\/span><\/p>\t\t\t\t\t\t\t\t<\/div>\n\t\t\t\t<\/div>\n\t\t\t\t\t<\/div>\n\t\t\t\t<\/div>\n\t\t\t\t<\/div>\n\t\t","protected":false},"excerpt":{"rendered":"<p>Soulagez vos douleurs musculaires gr\u00e2ce au gingembre : un soutien naturel pour la r\u00e9cup\u00e9ration et le soulagement de la douleur&#8230;<\/p>\n","protected":false},"author":1,"featured_media":0,"parent":0,"menu_order":0,"comment_status":"closed","ping_status":"closed","template":"elementor_header_footer","meta":{"_acf_changed":false,"footnotes":""},"class_list":["post-3414","page","type-page","status-publish","hentry"],"acf":[],"_links":{"self":[{"href":"https:\/\/tinellasuperfoods.nl\/fr\/wp-json\/wp\/v2\/pages\/3414","targetHints":{"allow":["GET"]}}],"collection":[{"href":"https:\/\/tinellasuperfoods.nl\/fr\/wp-json\/wp\/v2\/pages"}],"about":[{"href":"https:\/\/tinellasuperfoods.nl\/fr\/wp-json\/wp\/v2\/types\/page"}],"author":[{"embeddable":true,"href":"https:\/\/tinellasuperfoods.nl\/fr\/wp-json\/wp\/v2\/users\/1"}],"replies":[{"embeddable":true,"href":"https:\/\/tinellasuperfoods.nl\/fr\/wp-json\/wp\/v2\/comments?post=3414"}],"version-history":[{"count":5,"href":"https:\/\/tinellasuperfoods.nl\/fr\/wp-json\/wp\/v2\/pages\/3414\/revisions"}],"predecessor-version":[{"id":3643,"href":"https:\/\/tinellasuperfoods.nl\/fr\/wp-json\/wp\/v2\/pages\/3414\/revisions\/3643"}],"wp:attachment":[{"href":"https:\/\/tinellasuperfoods.nl\/fr\/wp-json\/wp\/v2\/media?parent=3414"}],"curies":[{"name":"wp","href":"https:\/\/api.w.org\/{rel}","templated":true}]}}