{"id":3402,"date":"2025-03-24T16:47:46","date_gmt":"2025-03-24T16:47:46","guid":{"rendered":"https:\/\/tinellasuperfoods.nl\/pourquoi-le-bio\/"},"modified":"2026-02-27T10:40:32","modified_gmt":"2026-02-27T10:40:32","slug":"pourquoi-le-bio","status":"publish","type":"page","link":"https:\/\/tinellasuperfoods.nl\/fr\/pourquoi-le-bio\/","title":{"rendered":"Pourquoi le bio ?"},"content":{"rendered":"\t\t<div data-elementor-type=\"wp-page\" data-elementor-id=\"3402\" class=\"elementor elementor-3402 elementor-150\">\n\t\t\t\t<div class=\"elementor-element elementor-element-32bf430 bdt-backdrop-filter-yes e-flex e-con-boxed bdt-filter-backdrop e-con e-parent\" data-id=\"32bf430\" data-element_type=\"container\" data-e-type=\"container\" data-settings=\"{&quot;background_background&quot;:&quot;classic&quot;}\">\n\t\t\t\t\t<div class=\"e-con-inner\">\n\t\t\t\t<div class=\"elementor-element elementor-element-24a30d1 elementor-widget elementor-widget-heading\" data-id=\"24a30d1\" data-element_type=\"widget\" data-e-type=\"widget\" data-widget_type=\"heading.default\">\n\t\t\t\t\t<h1 class=\"elementor-heading-title elementor-size-default\">Pourquoi le bio ?<\/h1>\t\t\t\t<\/div>\n\t\t\t\t\t<\/div>\n\t\t\t\t<\/div>\n\t\t<div class=\"elementor-element elementor-element-b604d53 e-flex e-con-boxed e-con e-parent\" data-id=\"b604d53\" data-element_type=\"container\" data-e-type=\"container\">\n\t\t\t\t\t<div class=\"e-con-inner\">\n\t\t<div class=\"elementor-element elementor-element-7ec75b4 e-con-full e-flex e-con e-child\" data-id=\"7ec75b4\" data-element_type=\"container\" data-e-type=\"container\">\n\t\t\t\t<div class=\"elementor-element elementor-element-aef758f elementor-widget elementor-widget-heading\" data-id=\"aef758f\" data-element_type=\"widget\" data-e-type=\"widget\" data-widget_type=\"heading.default\">\n\t\t\t\t\t<h2 class=\"elementor-heading-title elementor-size-default\">1. Aliments sans substances nocives<\/h2>\t\t\t\t<\/div>\n\t\t\t\t<div class=\"elementor-element elementor-element-f47096a elementor-widget elementor-widget-text-editor\" data-id=\"f47096a\" data-element_type=\"widget\" data-e-type=\"widget\" data-widget_type=\"text-editor.default\">\n\t\t\t\t\t\t\t\t\t<p class=\"body\" dir=\"auto\" data-pm-slice=\"1 1 []\"><span style=\"color: #000000;\">Pourquoi le bio ? Les aliments et <span style=\"color: #99cc00;\"><strong><u><a style=\"color: #99cc00;\" href=\"https:\/\/mens-en-gezondheid.infonu.nl\/gezonde-voeding\/126179-natuurlijke-of-synthetische-voedingssupplementen.html\" target=\"_blank\" rel=\"nofollow noopener\">compl\u00e9ments alimentaires<\/a><\/u><\/strong><\/span> bio sont produits sans pesticides, herbicides ni engrais de synth\u00e8se. Ainsi, des produits comme les <span style=\"color: #99cc00;\"><strong><a style=\"color: #99cc00;\" href=\"https:\/\/tinellasuperfoods.nl\/fr\/produit\/gelules-de-gingembre-tinella-120-unites\/\" target=\"_self\" rel=\"\" data-page-id=\"zKn3FD\">g\u00e9lules de gingembre bio Tinella<\/a><\/strong><\/span> sont exempts de substances chimiques nocives. \u00c9viter ces substances est b\u00e9n\u00e9fique pour votre sant\u00e9 et pour l\u2019environnement. Les produits chimiques nocifs contaminent souvent les nappes phr\u00e9atiques et les sols, causant des dommages durables aux \u00e9cosyst\u00e8mes.   <\/span><\/p>\t\t\t\t\t\t\t\t<\/div>\n\t\t\t\t<div class=\"elementor-element elementor-element-cb6cd39 elementor-widget elementor-widget-heading\" data-id=\"cb6cd39\" data-element_type=\"widget\" data-e-type=\"widget\" data-widget_type=\"heading.default\">\n\t\t\t\t\t<h2 class=\"elementor-heading-title elementor-size-default\">2. Plus de nutriments pour une sant\u00e9 optimale<\/h2>\t\t\t\t<\/div>\n\t\t\t\t<div class=\"elementor-element elementor-element-502ebcf elementor-widget elementor-widget-text-editor\" data-id=\"502ebcf\" data-element_type=\"widget\" data-e-type=\"widget\" data-widget_type=\"text-editor.default\">\n\t\t\t\t\t\t\t\t\t<p class=\"body\" dir=\"auto\" data-pm-slice=\"1 1 []\"><span style=\"color: #000000;\">Des \u00e9tudes montrent que les aliments biologiques contiennent souvent des concentrations plus \u00e9lev\u00e9es de vitamines, de min\u00e9raux et d&rsquo;antioxydants essentiels. Les g\u00e9lules de gingembre biologique Tinella en sont un parfait exemple : gr\u00e2ce \u00e0 une s\u00e9lection rigoureuse de gingembre biologique, tous ses bienfaits pour la sant\u00e9 sont pr\u00e9serv\u00e9s. Le gingembre est reconnu pour ses propri\u00e9t\u00e9s digestives, anti-inflammatoires et pour sa capacit\u00e9 \u00e0 am\u00e9liorer l&rsquo;\u00e9nergie et le syst\u00e8me immunitaire.  <\/span><\/p>\t\t\t\t\t\t\t\t<\/div>\n\t\t\t\t<div class=\"elementor-element elementor-element-b8d2505 elementor-widget elementor-widget-heading\" data-id=\"b8d2505\" data-element_type=\"widget\" data-e-type=\"widget\" data-widget_type=\"heading.default\">\n\t\t\t\t\t<h2 class=\"elementor-heading-title elementor-size-default\">3. Impact positif sur l'environnement<\/h2>\t\t\t\t<\/div>\n\t\t\t\t<div class=\"elementor-element elementor-element-5afc777 elementor-widget elementor-widget-text-editor\" data-id=\"5afc777\" data-element_type=\"widget\" data-e-type=\"widget\" data-widget_type=\"text-editor.default\">\n\t\t\t\t\t\t\t\t\t<p class=\"body\" dir=\"auto\" data-pm-slice=\"1 1 []\"><span style=\"color: #000000;\">Les pratiques d&rsquo;agriculture biologique utilis\u00e9es pour produire des compl\u00e9ments alimentaires comme les g\u00e9lules de gingembre Tinella respectent l&rsquo;\u00e9quilibre naturel des \u00e9cosyst\u00e8mes. Ces m\u00e9thodes contribuent \u00e0 : <\/span><\/p><ul><li class=\"body\" dir=\"auto\"><span style=\"color: #000000;\">R\u00e9duction des \u00e9missions de CO2 gr\u00e2ce \u00e0 l&rsquo;\u00e9vitement des engrais synth\u00e9tiques.<\/span><\/li><li class=\"body\" dir=\"auto\"><span style=\"color: #000000;\">La conservation de la <span style=\"color: #99cc00;\"><strong><u><a style=\"color: #99cc00;\" href=\"https:\/\/www.wur.nl\/nl\/onderzoek-resultaten\/themas\/biodiversiteit\/biodiversiteit-en-klimaatverandering.htm\" target=\"_blank\" rel=\"nofollow noopener\">biodiversit\u00e9 <\/a><\/u><\/strong><\/span>par des m\u00e9thodes de culture naturelles.<\/span><\/li><li class=\"body\" dir=\"auto\"><span style=\"color: #000000;\">Une meilleure sant\u00e9 des sols, essentielle \u00e0 une agriculture durable.<\/span><\/li><li style=\"list-style-type: none;\"> <\/li><\/ul><p class=\"body\" dir=\"auto\"><span style=\"color: #000000;\">En choisissant des compl\u00e9ments alimentaires biologiques, vous contribuez activement \u00e0 une plan\u00e8te plus propre et plus verte.<\/span><\/p>\t\t\t\t\t\t\t\t<\/div>\n\t\t\t\t<div class=\"elementor-element elementor-element-ac3c278 elementor-widget elementor-widget-heading\" data-id=\"ac3c278\" data-element_type=\"widget\" data-e-type=\"widget\" data-widget_type=\"heading.default\">\n\t\t\t\t\t<h2 class=\"elementor-heading-title elementor-size-default\">4. Sans additifs artificiels inutiles<\/h2>\t\t\t\t<\/div>\n\t\t\t\t<div class=\"elementor-element elementor-element-474a54c elementor-widget elementor-widget-text-editor\" data-id=\"474a54c\" data-element_type=\"widget\" data-e-type=\"widget\" data-widget_type=\"text-editor.default\">\n\t\t\t\t\t\t\t\t\t<p class=\"body\" dir=\"auto\" data-pm-slice=\"1 1 []\"><span style=\"color: #000000;\">De nombreux <span style=\"color: #99cc00;\"><strong><u><a style=\"color: #99cc00;\" href=\"https:\/\/mens-en-gezondheid.infonu.nl\/gezonde-voeding\/126179-natuurlijke-of-synthetische-voedingssupplementen.html\" target=\"_blank\" rel=\"nofollow noopener\">compl\u00e9ments alimentaires classiques <\/a><\/u><\/strong><\/span>contiennent des agents de remplissage, des liants et des ingr\u00e9dients artificiels qui surchargent l&rsquo;organisme. Les g\u00e9lules de gingembre bio Tinella, quant \u00e0 elles, sont enti\u00e8rement naturelles et sans additifs artificiels. Elles constituent donc un choix s\u00fbr et naturel pour tous, y compris les personnes souffrant d&rsquo;allergies ou suivant un r\u00e9gime alimentaire particulier.  <\/span><\/p>\t\t\t\t\t\t\t\t<\/div>\n\t\t\t\t<\/div>\n\t\t<div class=\"elementor-element elementor-element-4d93378 e-con-full e-flex e-con e-child\" data-id=\"4d93378\" data-element_type=\"container\" data-e-type=\"container\">\n\t\t\t\t<div class=\"elementor-element elementor-element-3d4fd00 elementor-widget elementor-widget-image\" data-id=\"3d4fd00\" data-element_type=\"widget\" data-e-type=\"widget\" data-widget_type=\"image.default\">\n\t\t\t\t\t\t\t\t\t\t\t\t\t\t\t<img fetchpriority=\"high\" decoding=\"async\" width=\"683\" height=\"1024\" src=\"https:\/\/tinellasuperfoods.nl\/wp-content\/uploads\/2025\/04\/photo-1523741543316-beb7fc7023d8-683x1024.jpg\" class=\"attachment-large size-large wp-image-3401\" alt=\"Sept raisons de choisir les g\u00e9lules de gingembre bio : absence de substances nocives, concentration plus \u00e9lev\u00e9e en nutriments, impact positif sur l\u2019environnement, absence d\u2019additifs artificiels, soutien \u00e0 l\u2019agriculture locale et \u00e9quitable, moyen simple d\u2019am\u00e9liorer sa sant\u00e9 et qualit\u00e9 Tinella.\" srcset=\"https:\/\/tinellasuperfoods.nl\/wp-content\/uploads\/2025\/04\/photo-1523741543316-beb7fc7023d8-683x1024.jpg 683w, https:\/\/tinellasuperfoods.nl\/wp-content\/uploads\/2025\/04\/photo-1523741543316-beb7fc7023d8-scaled-300x450.jpg 300w, https:\/\/tinellasuperfoods.nl\/wp-content\/uploads\/2025\/04\/photo-1523741543316-beb7fc7023d8-scaled-600x900.jpg 600w, https:\/\/tinellasuperfoods.nl\/wp-content\/uploads\/2025\/04\/photo-1523741543316-beb7fc7023d8-200x300.jpg 200w, https:\/\/tinellasuperfoods.nl\/wp-content\/uploads\/2025\/04\/photo-1523741543316-beb7fc7023d8-768x1152.jpg 768w, https:\/\/tinellasuperfoods.nl\/wp-content\/uploads\/2025\/04\/photo-1523741543316-beb7fc7023d8-1024x1536.jpg 1024w, https:\/\/tinellasuperfoods.nl\/wp-content\/uploads\/2025\/04\/photo-1523741543316-beb7fc7023d8-1365x2048.jpg 1365w, https:\/\/tinellasuperfoods.nl\/wp-content\/uploads\/2025\/04\/photo-1523741543316-beb7fc7023d8-scaled.jpg 1707w\" sizes=\"(max-width: 683px) 100vw, 683px\" \/>\t\t\t\t\t\t\t\t\t\t\t\t\t\t\t<\/div>\n\t\t\t\t<\/div>\n\t\t<div class=\"elementor-element elementor-element-b79233d e-con-full e-flex e-con e-child\" data-id=\"b79233d\" data-element_type=\"container\" data-e-type=\"container\">\n\t\t\t\t<div class=\"elementor-element elementor-element-85b28b9 elementor-widget-mobile__width-initial elementor-widget elementor-widget-heading\" data-id=\"85b28b9\" data-element_type=\"widget\" data-e-type=\"widget\" data-widget_type=\"heading.default\">\n\t\t\t\t\t<h2 class=\"elementor-heading-title elementor-size-default\">5. Soutenir l'agriculture locale et \u00e9quitable<\/h2>\t\t\t\t<\/div>\n\t\t\t\t<div class=\"elementor-element elementor-element-8b60a6f elementor-widget-laptop__width-initial elementor-widget elementor-widget-text-editor\" data-id=\"8b60a6f\" data-element_type=\"widget\" data-e-type=\"widget\" data-widget_type=\"text-editor.default\">\n\t\t\t\t\t\t\t\t\t<p class=\"body\" dir=\"auto\" data-pm-slice=\"1 1 []\"><span style=\"color: #000000;\">Les produits biologiques proviennent souvent de fili\u00e8res de production \u00e9quitables et durables. En achetant les g\u00e9lules de gingembre Tinella, vous soutenez les producteurs engag\u00e9s dans une agriculture \u00e9thique et respectueuse de l&rsquo;environnement. Cela contribue non seulement \u00e0 la pr\u00e9servation de la plan\u00e8te, mais aussi au d\u00e9veloppement social durable.  <\/span><\/p>\t\t\t\t\t\t\t\t<\/div>\n\t\t\t\t<\/div>\n\t\t<div class=\"elementor-element elementor-element-ce4723e e-con-full e-flex e-con e-child\" data-id=\"ce4723e\" data-element_type=\"container\" data-e-type=\"container\">\n\t\t\t\t<div class=\"elementor-element elementor-element-ae7fa99 elementor-widget elementor-widget-heading\" data-id=\"ae7fa99\" data-element_type=\"widget\" data-e-type=\"widget\" data-widget_type=\"heading.default\">\n\t\t\t\t\t<h2 class=\"elementor-heading-title elementor-size-default\">6. Un moyen simple d'am\u00e9liorer votre sant\u00e9<\/h2>\t\t\t\t<\/div>\n\t\t\t\t<div class=\"elementor-element elementor-element-3504ff4 elementor-widget elementor-widget-text-editor\" data-id=\"3504ff4\" data-element_type=\"widget\" data-e-type=\"widget\" data-widget_type=\"text-editor.default\">\n\t\t\t\t\t\t\t\t\t<p class=\"body\" dir=\"auto\" data-pm-slice=\"1 1 []\"><span style=\"color: #000000;\">Bien vivre n&rsquo;a pas besoin d&rsquo;\u00eatre compliqu\u00e9. <span style=\"color: #99cc00;\"><strong><u><a style=\"color: #99cc00;\" href=\"https:\/\/tinellasuperfoods.nl\/fr\/produit\/gelules-de-gingembre-tinella-120-unites\/\" data-wplink-edit=\"true\">Les g\u00e9lules de gingembre bio Tinella<\/a><\/u><\/strong><\/span> offrent une fa\u00e7on pratique de profiter quotidiennement des bienfaits du gingembre. Que vous souhaitiez booster votre \u00e9nergie, renforcer votre <strong><u><a style=\"color: #99cc00;\" href=\"https:\/\/www.tandfonline.com\/doi\/full\/10.1080\/10408391003624848\" target=\"_blank\" rel=\"nofollow noopener\">syst\u00e8me immunitaire<\/a><\/u><\/strong> ou am\u00e9liorer votre digestion, ces g\u00e9lules constituent une solution simple et efficace. <\/span><\/p>\t\t\t\t\t\t\t\t<\/div>\n\t\t\t\t<\/div>\n\t\t\t\t\t<\/div>\n\t\t\t\t<\/div>\n\t\t<div class=\"elementor-element elementor-element-13c7820 e-flex e-con-boxed e-con e-parent\" data-id=\"13c7820\" data-element_type=\"container\" data-e-type=\"container\">\n\t\t\t\t\t<div class=\"e-con-inner\">\n\t\t<div class=\"elementor-element elementor-element-a3df5f1 e-con-full e-flex e-con e-child\" data-id=\"a3df5f1\" data-element_type=\"container\" data-e-type=\"container\">\n\t\t\t\t<div class=\"elementor-element elementor-element-7cc0152 elementor-widget elementor-widget-heading\" data-id=\"7cc0152\" data-element_type=\"widget\" data-e-type=\"widget\" data-widget_type=\"heading.default\">\n\t\t\t\t\t<h2 class=\"elementor-heading-title elementor-size-default\">7. Choisissez la qualit\u00e9, choisissez Tinella<\/h2>\t\t\t\t<\/div>\n\t\t\t\t<div class=\"elementor-element elementor-element-063145d elementor-widget elementor-widget-text-editor\" data-id=\"063145d\" data-element_type=\"widget\" data-e-type=\"widget\" data-widget_type=\"text-editor.default\">\n\t\t\t\t\t\t\t\t\t<p class=\"body\" dir=\"auto\" data-pm-slice=\"1 1 []\"><span style=\"color: #000000;\">Tinella est votre partenaire pour une sant\u00e9 naturelle. Notre mission est de vous offrir des produits de la plus haute qualit\u00e9 qui nourrissent votre corps et contribuent \u00e0 un monde meilleur. Les g\u00e9lules de gingembre bio Tinella incarnent cet id\u00e9al gr\u00e2ce \u00e0 leur composition pure et leurs puissants bienfaits.  <\/span><\/p>\t\t\t\t\t\t\t\t<\/div>\n\t\t\t\t<\/div>\n\t\t<div class=\"elementor-element elementor-element-01ce7b3 e-con-full e-flex e-con e-child\" data-id=\"01ce7b3\" data-element_type=\"container\" data-e-type=\"container\">\n\t\t\t\t<div class=\"elementor-element elementor-element-1066e94 elementor-widget elementor-widget-heading\" data-id=\"1066e94\" data-element_type=\"widget\" data-e-type=\"widget\" data-widget_type=\"heading.default\">\n\t\t\t\t\t<h2 class=\"elementor-heading-title elementor-size-default\">Conclusion : Investissez en vous-m\u00eame et en la plan\u00e8te<\/h2>\t\t\t\t<\/div>\n\t\t\t\t<div class=\"elementor-element elementor-element-a30efc5 elementor-widget elementor-widget-text-editor\" data-id=\"a30efc5\" data-element_type=\"widget\" data-e-type=\"widget\" data-widget_type=\"text-editor.default\">\n\t\t\t\t\t\t\t\t\t<p data-sourcepos=\"19:1-19:76\"><span style=\"color: #000000;\"><strong><span style=\"color: #99cc00;\">Tinella <\/span>: Fi\u00e8re membre d&rsquo;IFOAM \u2013 Notre promesse d&rsquo;un avenir biologique<\/strong><\/span><\/p><p data-sourcepos=\"21:1-21:424\"><span style=\"color: #000000;\">Chez Tinella, nous croyons en un monde o\u00f9 sant\u00e9, durabilit\u00e9 et respect de la nature sont indissociables. Notre engagement envers ces principes se traduit par notre adh\u00e9sion \u00e0 <strong>IFOAM \u2013 Organics International<\/strong>. IFOAM est l&rsquo;autorit\u00e9 mondiale en mati\u00e8re d&rsquo;agriculture biologique, une organisation qui \u0153uvre depuis des d\u00e9cennies au d\u00e9veloppement et \u00e0 l&rsquo;adoption de normes biologiques \u00e0 travers le monde.  <\/span><\/p><p data-sourcepos=\"23:1-23:460\"><span style=\"color: #000000;\">En tant que membre de l<span style=\"text-decoration: underline;\"><span style=\"color: #99cc00; text-decoration: underline;\"><a style=\"color: #99cc00; text-decoration: underline;\" href=\"https:\/\/www.ifoam.bio\/\" target=\"_blank\" rel=\"noopener\">&lsquo;IFOAM<\/a><\/span><\/span>, nous nous engageons \u00e0 respecter les normes \u00e9thiques et \u00e9cologiques les plus exigeantes du secteur biologique. Cette adh\u00e9sion n&rsquo;est pas une simple formalit\u00e9 ; elle confirme notre mission de vous offrir des produits d&rsquo;une qualit\u00e9 irr\u00e9prochable, \u00e9labor\u00e9s dans le respect des personnes, des animaux et de l&rsquo;environnement. Choisir Tinella, c&rsquo;est choisir une entreprise qui contribue v\u00e9ritablement \u00e0 la pr\u00e9servation de la plan\u00e8te pour les g\u00e9n\u00e9rations futures.  <\/span><\/p><p class=\"body\" dir=\"auto\" data-pm-slice=\"1 1 []\"> <\/p>\t\t\t\t\t\t\t\t<\/div>\n\t\t\t\t<\/div>\n\t\t\t\t\t<\/div>\n\t\t\t\t<\/div>\n\t\t\t\t<\/div>\n\t\t","protected":false},"excerpt":{"rendered":"<p>Pourquoi le bio ? 1. Aliments sans substances nocives Pourquoi le bio ? Les aliments et compl\u00e9ments alimentaires bio sont&#8230;<\/p>\n","protected":false},"author":1,"featured_media":0,"parent":0,"menu_order":0,"comment_status":"closed","ping_status":"closed","template":"elementor_header_footer","meta":{"_acf_changed":false,"footnotes":""},"class_list":["post-3402","page","type-page","status-publish","hentry"],"acf":[],"_links":{"self":[{"href":"https:\/\/tinellasuperfoods.nl\/fr\/wp-json\/wp\/v2\/pages\/3402","targetHints":{"allow":["GET"]}}],"collection":[{"href":"https:\/\/tinellasuperfoods.nl\/fr\/wp-json\/wp\/v2\/pages"}],"about":[{"href":"https:\/\/tinellasuperfoods.nl\/fr\/wp-json\/wp\/v2\/types\/page"}],"author":[{"embeddable":true,"href":"https:\/\/tinellasuperfoods.nl\/fr\/wp-json\/wp\/v2\/users\/1"}],"replies":[{"embeddable":true,"href":"https:\/\/tinellasuperfoods.nl\/fr\/wp-json\/wp\/v2\/comments?post=3402"}],"version-history":[{"count":1,"href":"https:\/\/tinellasuperfoods.nl\/fr\/wp-json\/wp\/v2\/pages\/3402\/revisions"}],"predecessor-version":[{"id":3403,"href":"https:\/\/tinellasuperfoods.nl\/fr\/wp-json\/wp\/v2\/pages\/3402\/revisions\/3403"}],"wp:attachment":[{"href":"https:\/\/tinellasuperfoods.nl\/fr\/wp-json\/wp\/v2\/media?parent=3402"}],"curies":[{"name":"wp","href":"https:\/\/api.w.org\/{rel}","templated":true}]}}