{"id":3372,"date":"2025-03-24T16:47:45","date_gmt":"2025-03-24T16:47:45","guid":{"rendered":"https:\/\/tinellasuperfoods.nl\/foire-aux-questions\/"},"modified":"2026-03-09T07:10:16","modified_gmt":"2026-03-09T07:10:16","slug":"foire-aux-questions","status":"publish","type":"page","link":"https:\/\/tinellasuperfoods.nl\/fr\/foire-aux-questions\/","title":{"rendered":"Foire aux questions"},"content":{"rendered":"\t\t<div data-elementor-type=\"wp-page\" data-elementor-id=\"3372\" class=\"elementor elementor-3372 elementor-141\">\n\t\t\t\t<div class=\"elementor-element elementor-element-9d026e2 e-flex e-con-boxed e-con e-parent\" data-id=\"9d026e2\" data-element_type=\"container\" data-e-type=\"container\">\n\t\t\t\t\t<div class=\"e-con-inner\">\n\t\t\t\t<div class=\"elementor-element elementor-element-2d1868f elementor-widget elementor-widget-heading\" data-id=\"2d1868f\" data-element_type=\"widget\" data-e-type=\"widget\" data-widget_type=\"heading.default\">\n\t\t\t\t\t<h1 class=\"elementor-heading-title elementor-size-default\">Questions fr\u00e9quemment pos\u00e9es sur nos produits<\/h1>\t\t\t\t<\/div>\n\t\t\t\t\t<\/div>\n\t\t\t\t<\/div>\n\t\t<div class=\"elementor-element elementor-element-23efb70 e-flex e-con-boxed e-con e-parent\" data-id=\"23efb70\" data-element_type=\"container\" data-e-type=\"container\">\n\t\t\t\t\t<div class=\"e-con-inner\">\n\t\t<div class=\"elementor-element elementor-element-1479b1e e-con-full e-flex e-con e-child\" data-id=\"1479b1e\" data-element_type=\"container\" data-e-type=\"container\">\n\t\t\t\t<div class=\"elementor-element elementor-element-a58e868 elementor-widget__width-initial elementor-widget elementor-widget-text-editor\" data-id=\"a58e868\" data-element_type=\"widget\" data-e-type=\"widget\" data-widget_type=\"text-editor.default\">\n\t\t\t\t\t\t\t\t\t<p><span style=\"color: #000000;\"><b>KLANTENSERVICE<\/b><\/span><\/p><p><span style=\"font-weight: 400; color: #000000;\">Vous avez une question ou besoin de conseils personnalis\u00e9s de nos conseillers ? Veuillez contacter notre service client\u00e8le. <\/span><\/p><p> <\/p><p><span style=\"color: #000000;\">Adresse \u00e9lectronique : customerservice@tinellasuperfoods.nl<\/span><\/p><p> <\/p><p><span style=\"color: #000000;\"><b>Comment puis-je passer commande ?<\/b><span style=\"font-weight: 400;\"><br><\/span><span style=\"font-weight: 400;\">Commander chez Tinella Superfoods est facile et peut se faire de plusieurs fa\u00e7ons :<\/span><\/span><\/p><ol><li style=\"font-weight: 400;\" aria-level=\"1\"><span style=\"color: #000000;\"><b>Sur notre site web,<\/b><br>ajoutez les produits et les quantit\u00e9s souhait\u00e9es \u00e0 votre panier. Pour chaque produit, vous pouvez continuer vos achats ou finaliser votre commande imm\u00e9diatement. Vous pouvez modifier votre commande lors du paiement. Vous pouvez cr\u00e9er un compte pour vos prochaines commandes, mais ce n&rsquo;est pas obligatoire.<\/span><\/li><li style=\"font-weight: 400;\" aria-level=\"1\"><span style=\"color: #000000;\"><b>Confirmation de commande<\/b><br><span style=\"font-weight: 400;\">Apr\u00e8s avoir finalis\u00e9 votre commande, vous recevrez imm\u00e9diatement un e-mail de confirmation.<\/span><\/span><\/li><\/ol><p> <\/p><p><span style=\"color: #000000;\"><b>Ai-je besoin d&rsquo;un compte pour commander ?<\/b><br><span style=\"font-weight: 400;\">Non, vous pouvez aussi commander en tant qu&rsquo;invit\u00e9. La cr\u00e9ation d&rsquo;un compte est facultative et permet de passer des commandes plus rapidement par la suite.<\/span><\/span><\/p><p> <\/p><p><span style=\"color: #000000;\"><b>Puis-je changer mon mot de passe ?<\/b><\/span><\/p><p><span style=\"font-weight: 400; color: #000000;\">Dans la section \u00ab Mon compte \u00bb, en bas \u00e0 gauche, vous pouvez facilement modifier votre mot de passe.<\/span><\/p><p><span style=\"font-weight: 400; color: #000000;\">J&rsquo;ai oubli\u00e9 mon mot de passe ?<\/span><\/p><p><span style=\"font-weight: 400; color: #000000;\">Vous pouvez ensuite demander un nouveau mot de passe. Dans la section \u00ab Mon compte \u00bb, cliquez sur \u00ab Mot de passe oubli\u00e9 \u00bb, et vous serez reconnect\u00e9 en un rien de temps. <\/span><\/p><p> <\/p><p><span style=\"color: #000000;\"><b>PAYER<\/b><\/span><\/p><p><span style=\"color: #000000;\"><strong>Quelles sont les options de paiement disponibles ?<\/strong><\/span><\/p><p><span style=\"color: #000000;\">Chez Tinella Superfoods, nous proposons les modes de paiement les plus fiables dans chaque pays. Vous pouvez utiliser : <\/span><\/p><ul><li><span style=\"color: #000000;\"><strong>Pays-Bas :<\/strong> iDEAL (la norme pour les paiements s\u00e9curis\u00e9s).<\/span><\/li><li><span style=\"color: #000000;\"><strong>Belgique : <\/strong>Bancontact (en particulier pour nos clients belges).<\/span><\/li><li><span style=\"color: #000000;\"><strong>Allemagne :<\/strong> PayPal et Sofort (Klarna) ou Giropay.<\/span><\/li><li><span style=\"color: #000000;\"><strong>France et international :<\/strong> PayPal.<\/span><\/li><\/ul><p> <\/p><p><span style=\"color: #000000;\"><b>Les prix sont-ils TTC ou HT ?<\/b><br><span style=\"font-weight: 400;\">Tous nos prix<\/span> <b>sont TTC<\/b>, <span style=\"font-weight: 400;\">sauf indication contraire.<\/span><\/span><\/p><p><span style=\"color: #000000;\"><b>Quels sont les frais de livraison ?<\/b><span style=\"font-weight: 400;\"><br><\/span><span style=\"font-weight: 400;\">Pour toute commande sup\u00e9rieure \u00e0 39 \u20ac, la livraison est gratuite aux Pays-Bas et en Belgique. Pour les commandes inf\u00e9rieures \u00e0 ce montant, les frais de livraison peuvent varier selon le lieu de livraison. <\/span><\/span><\/p><p> <\/p><p><span style=\"color: #000000;\"><b>EXP\u00c9DITION ET LIVRAISON<\/b><\/span><\/p><p><span style=\"color: #000000;\"><b>Que se passe-t-il si je suis absent(e) lors de la livraison ?<\/b><br><span style=\"font-weight: 400;\">Si vous \u00eates absent(e), PostNL tentera de livrer votre colis chez vos voisins. Si cela s&rsquo;av\u00e8re impossible, le colis sera d\u00e9pos\u00e9 dans un point relais o\u00f9 il restera jusqu&rsquo;\u00e0 sept jours. Vous recevrez un message avec l&rsquo;adresse et les d\u00e9tails de la livraison.<\/span><\/span><\/p><p><span style=\"color: #000000;\"><b>Quand recevrai-je mon colis ?<\/b><br><span style=\"font-weight: 400;\">Les commandes pass\u00e9es avant 16 h sont exp\u00e9di\u00e9es le jour m\u00eame. Vous recevrez g\u00e9n\u00e9ralement votre colis sous 1 \u00e0 2 jours ouvr\u00e9s apr\u00e8s exp\u00e9dition. Les commandes internationales peuvent prendre de 3 \u00e0 5 jours ouvr\u00e9s pour arriver.<\/span><\/span><\/p><p><span style=\"color: #000000;\"><b>Puis-je suivre ma commande ?<\/b><br><span style=\"font-weight: 400;\">Oui, vous recevrez un<\/span> <b>num\u00e9ro de suivi <\/b><span style=\"font-weight: 400;\">d\u00e8s l&rsquo;exp\u00e9dition de votre colis. Vous pourrez ainsi suivre votre colis.<\/span><\/span><\/p><p> <\/p><p><span style=\"color: #000000;\"><b>RETOURS \u2013 POLITIQUE DE RETOUR<\/b><\/span><\/p><p><span style=\"color: #000000;\"><b>Retours \u2013 Comment \u00e7a marche ?<\/b><\/span><\/p><ol><li style=\"font-weight: 400;\" aria-level=\"1\"><span style=\"color: #000000;\"><b>D\u00e9lai de r\u00e9tractation l\u00e9gal :<\/b><br><span style=\"font-weight: 400;\">Vous disposez d\u2019un d\u00e9lai de r\u00e9tractation de 14 jours apr\u00e8s r\u00e9ception de votre commande. Pendant ce d\u00e9lai, vous pouvez annuler votre achat et retourner les produits.<\/span><\/span><\/li><li style=\"font-weight: 400;\" aria-level=\"1\"><span style=\"color: #000000;\"><b>Service suppl\u00e9mentaire :<\/b><br>Chez Tinella Superfoods, nous vous offrons<b> une p\u00e9riode de retour prolong\u00e9e de 30 jours <\/b><span style=\"font-weight: 400;\">avec livraison gratuite pour votre commodit\u00e9.<\/span><\/span><\/li><li style=\"font-weight: 400;\" aria-level=\"1\"><span style=\"color: #000000;\"><b>\u00c9tapes pour retourner un colis :<\/b><\/span><ul><li style=\"font-weight: 400;\" aria-level=\"2\"><span style=\"font-weight: 400; color: #000000;\">Enregistrez votre retour par e-mail \u00e0 l&rsquo;adresse klantenservice@tinellasuperfoods.nl et indiquez votre nom, votre num\u00e9ro de commande et les produits que vous souhaitez retourner.<\/span><\/li><li style=\"font-weight: 400;\" aria-level=\"2\"><span style=\"font-weight: 400; color: #000000;\">Vous recevrez une confirmation contenant des instructions suppl\u00e9mentaires.<\/span><\/li><li style=\"font-weight: 400;\" aria-level=\"2\"><span style=\"font-weight: 400; color: #000000;\">Veuillez nous retourner votre produit dans les 14 jours suivant votre notification de retour.<\/span><\/li><\/ul><\/li><\/ol><p><span style=\"color: #000000;\"><b>Adresse de retour :<\/b><br>Tinella Superfoods<br><span style=\"font-weight: 400;\">Rietgorsstraat 16<\/span><br><span style=\"font-weight: 400;\">2496 ML La Haye<\/span><br><span style=\"font-weight: 400;\">Veuillez inclure les informations suivantes avec votre retour : num\u00e9ro d\u2019autorisation de retour (RMA) + num\u00e9ro de commande (par exemple, sur le colis ou dans une note \u00e0 l\u2019int\u00e9rieur du colis).<\/span><\/span><\/p><p><span style=\"color: #000000;\"><b>Remboursement :<\/b><br><span style=\"font-weight: 400;\">D\u00e8s r\u00e9ception de votre retour ou de la preuve d\u2019exp\u00e9dition, nous vous rembourserons le prix d\u2019achat (y compris les frais d\u2019exp\u00e9dition initiaux) par le m\u00eame moyen de paiement que celui utilis\u00e9 lors de votre achat. Le remboursement sera effectu\u00e9 sous 14 jours.<\/span><\/span><\/p><p><span style=\"color: #000000;\"><b>Exceptions pour les produits d&rsquo;hygi\u00e8ne :<\/b><\/span><\/p><p><span style=\"font-weight: 400; color: #000000;\">Pour des raisons de protection de la sant\u00e9, certains produits ne peuvent \u00eatre retourn\u00e9s si l&#8217;emballage a \u00e9t\u00e9 ouvert apr\u00e8s la livraison, notamment :<\/span><\/p><ul><li style=\"font-weight: 400;\" aria-level=\"1\"><span style=\"font-weight: 400; color: #000000;\">Capsules<\/span><\/li><li style=\"font-weight: 400;\" aria-level=\"1\"><span style=\"font-weight: 400; color: #000000;\">Comprim\u00e9s<\/span><\/li><li style=\"font-weight: 400;\" aria-level=\"1\"><span style=\"font-weight: 400; color: #000000;\">Poudres<\/span><\/li><li style=\"font-weight: 400;\" aria-level=\"1\"><span style=\"font-weight: 400; color: #000000;\">Dranken<\/span><\/li><li style=\"font-weight: 400;\" aria-level=\"1\"><span style=\"font-weight: 400; color: #000000;\">Cr\u00e8mes<\/span><\/li><li style=\"font-weight: 400;\" aria-level=\"1\"><span style=\"font-weight: 400; color: #000000;\">Huiles<\/span><\/li><\/ul><p><span style=\"font-weight: 400; color: #000000;\">En cas de dommages caus\u00e9s aux produits lors de leur utilisation, nous ne pourrons pas vous rembourser int\u00e9gralement.<\/span><\/p><p><span style=\"color: #000000;\"><b>Gestion des plaintes<\/b><\/span><\/p><p><span style=\"color: #000000;\"><b>O\u00f9 puis-je d\u00e9poser une r\u00e9clamation ?<\/b><br><span style=\"font-weight: 400;\">Pour toute r\u00e9clamation, veuillez nous contacter \u00e0 l\u2019adresse klantenservice@tinellasuperfoods.nl. Merci de fournir tous les d\u00e9tails n\u00e9cessaires afin que nous puissions traiter votre r\u00e9clamation rapidement et efficacement.<\/span><\/span><\/p><p><span style=\"color: #000000;\"><b>Sous quel d\u00e9lai recevrai-je une r\u00e9ponse ?<\/b><span style=\"font-weight: 400;\"><br><\/span><span style=\"font-weight: 400;\">Nous ferons de notre mieux pour r\u00e9pondre \u00e0 votre r\u00e9clamation dans un d\u00e9lai de 14 jours.<\/span><\/span><\/p><p><span style=\"color: #000000;\"><b>Vous n&rsquo;\u00eates pas satisfait(e) du traitement de votre r\u00e9clamation ?<\/b><br><span style=\"font-weight: 400;\">Si vous n&rsquo;\u00eates pas satisfait(e) du traitement de votre r\u00e9clamation, vous pouvez la soumettre au Comit\u00e9 des litiges de Thuiswinkel<\/span> (<span style=\"font-weight: 400;\"><a style=\"color: #000000;\" href=\"http:\/\/www.sgc.nl\" target=\"_blank\" rel=\"noopener\">www.sgc.nl<\/a><\/span>) <span style=\"font-weight: 400;\">ou \u00e0 la plateforme europ\u00e9enne de RLL<\/span> (<span style=\"font-weight: 400;\"><a style=\"color: #000000;\" href=\"http:\/\/ec.europa.eu\/consumers\/odr\/\" target=\"_blank\" rel=\"noopener\">http:\/\/ec.europa.eu\/consumers\/odr\/<\/a><\/span>).<\/span><\/p>\t\t\t\t\t\t\t\t<\/div>\n\t\t\t\t<\/div>\n\t\t\t\t\t<\/div>\n\t\t\t\t<\/div>\n\t\t\t\t<\/div>\n\t\t","protected":false},"excerpt":{"rendered":"<p>Questions fr\u00e9quemment pos\u00e9es sur nos produits KLANTENSERVICE Vous avez une question ou besoin de conseils personnalis\u00e9s de nos conseillers ?&#8230;<\/p>\n","protected":false},"author":1,"featured_media":0,"parent":0,"menu_order":0,"comment_status":"closed","ping_status":"closed","template":"elementor_header_footer","meta":{"_acf_changed":false,"footnotes":""},"class_list":["post-3372","page","type-page","status-publish","hentry"],"acf":[],"_links":{"self":[{"href":"https:\/\/tinellasuperfoods.nl\/fr\/wp-json\/wp\/v2\/pages\/3372","targetHints":{"allow":["GET"]}}],"collection":[{"href":"https:\/\/tinellasuperfoods.nl\/fr\/wp-json\/wp\/v2\/pages"}],"about":[{"href":"https:\/\/tinellasuperfoods.nl\/fr\/wp-json\/wp\/v2\/types\/page"}],"author":[{"embeddable":true,"href":"https:\/\/tinellasuperfoods.nl\/fr\/wp-json\/wp\/v2\/users\/1"}],"replies":[{"embeddable":true,"href":"https:\/\/tinellasuperfoods.nl\/fr\/wp-json\/wp\/v2\/comments?post=3372"}],"version-history":[{"count":3,"href":"https:\/\/tinellasuperfoods.nl\/fr\/wp-json\/wp\/v2\/pages\/3372\/revisions"}],"predecessor-version":[{"id":3649,"href":"https:\/\/tinellasuperfoods.nl\/fr\/wp-json\/wp\/v2\/pages\/3372\/revisions\/3649"}],"wp:attachment":[{"href":"https:\/\/tinellasuperfoods.nl\/fr\/wp-json\/wp\/v2\/media?parent=3372"}],"curies":[{"name":"wp","href":"https:\/\/api.w.org\/{rel}","templated":true}]}}