{"id":3359,"date":"2025-03-24T16:47:45","date_gmt":"2025-03-24T16:47:45","guid":{"rendered":"https:\/\/tinellasuperfoods.nl\/digestion\/"},"modified":"2026-03-09T07:13:03","modified_gmt":"2026-03-09T07:13:03","slug":"digestion","status":"publish","type":"page","link":"https:\/\/tinellasuperfoods.nl\/fr\/digestion\/","title":{"rendered":"digestion"},"content":{"rendered":"\t\t<div data-elementor-type=\"wp-page\" data-elementor-id=\"3359\" class=\"elementor elementor-3359 elementor-142\">\n\t\t\t\t<div class=\"elementor-element elementor-element-875bc7c e-con-full e-flex e-con e-parent\" data-id=\"875bc7c\" data-element_type=\"container\" data-e-type=\"container\">\n\t\t\t\t<div class=\"elementor-element elementor-element-7843fc0 elementor-widget__width-initial elementor-widget-laptop__width-initial elementor-widget-tablet__width-initial elementor-widget elementor-widget-heading\" data-id=\"7843fc0\" data-element_type=\"widget\" data-e-type=\"widget\" data-widget_type=\"heading.default\">\n\t\t\t\t\t<h1 class=\"elementor-heading-title elementor-size-default\">Le gingembre pour la digestion : d\u00e9couvrez ses bienfaits<\/h1>\t\t\t\t<\/div>\n\t\t\t\t<\/div>\n\t\t<div class=\"elementor-element elementor-element-d5e6aab e-flex e-con-boxed e-con e-parent\" data-id=\"d5e6aab\" data-element_type=\"container\" data-e-type=\"container\">\n\t\t\t\t\t<div class=\"e-con-inner\">\n\t\t<div class=\"elementor-element elementor-element-7f68aa3 e-con-full e-flex e-con e-child\" data-id=\"7f68aa3\" data-element_type=\"container\" data-e-type=\"container\">\n\t\t\t\t<div class=\"elementor-element elementor-element-dc2342e elementor-widget elementor-widget-text-editor\" data-id=\"dc2342e\" data-element_type=\"widget\" data-e-type=\"widget\" data-widget_type=\"text-editor.default\">\n\t\t\t\t\t\t\t\t\t<p class=\"body\" dir=\"auto\" data-pm-slice=\"1 1 []\"><span style=\"color: #000000;\">Nos <a style=\"color: #99cc00;\" href=\"https:\/\/tinellasuperfoods.nl\/fr\/produit\/gelules-de-gingembre-tinella-120-unites\/\" target=\"_self\" rel=\"\" data-page-id=\"zKn3FD\">g\u00e9lules de gingembre biologique <\/a>procurent un soulagement naturel et favorisent la digestion, contribuant ainsi \u00e0 soulager divers troubles digestifs et intestinaux.<\/span><\/p><p class=\"body\" dir=\"auto\"><span style=\"color: #000000;\">Les g\u00e9lules de gingembre bio de Tinella favorisent naturellement la digestion et aident l&rsquo;organisme \u00e0 maintenir son \u00e9quilibre. Elles offrent \u00e9galement de nombreux bienfaits qui contribuent \u00e0 la sant\u00e9 de l&rsquo;estomac et des intestins, ce qui les rend id\u00e9ales pour une utilisation quotidienne par les personnes souffrant de troubles digestifs ou souhaitant prendre des mesures pr\u00e9ventives pour am\u00e9liorer leur sant\u00e9. <\/span><\/p>\t\t\t\t\t\t\t\t<\/div>\n\t\t\t\t<div class=\"elementor-element elementor-element-d55d8cb elementor-widget elementor-widget-heading\" data-id=\"d55d8cb\" data-element_type=\"widget\" data-e-type=\"widget\" data-widget_type=\"heading.default\">\n\t\t\t\t\t<h2 class=\"elementor-heading-title elementor-size-default\">Le gingembre, un alli\u00e9 naturel pour une digestion r\u00e9guli\u00e8re<\/h2>\t\t\t\t<\/div>\n\t\t\t\t<div class=\"elementor-element elementor-element-e4b564b elementor-widget elementor-widget-text-editor\" data-id=\"e4b564b\" data-element_type=\"widget\" data-e-type=\"widget\" data-widget_type=\"text-editor.default\">\n\t\t\t\t\t\t\t\t\t<p class=\"body\" dir=\"auto\" data-pm-slice=\"1 1 []\"><span style=\"color: #000000;\">Un probl\u00e8me fr\u00e9quent chez les personnes souffrant de troubles digestifs est l&rsquo;irr\u00e9gularit\u00e9 du transit. Le gingembre peut contribuer \u00e0 r\u00e9gulariser le transit intestinal en favorisant la circulation sanguine dans le syst\u00e8me digestif et en aidant \u00e0 d\u00e9tendre les muscles des intestins. Cela att\u00e9nue les sympt\u00f4mes tels que les crampes et la constipation, procurant ainsi un meilleur confort.  <\/span><\/p>\t\t\t\t\t\t\t\t<\/div>\n\t\t\t\t<div class=\"elementor-element elementor-element-18a7a4a elementor-widget elementor-widget-heading\" data-id=\"18a7a4a\" data-element_type=\"widget\" data-e-type=\"widget\" data-widget_type=\"heading.default\">\n\t\t\t\t\t<h2 class=\"elementor-heading-title elementor-size-default\">Moins de ballonnements et de flatulences<\/h2>\t\t\t\t<\/div>\n\t\t\t\t<div class=\"elementor-element elementor-element-8e4e928 elementor-widget elementor-widget-text-editor\" data-id=\"8e4e928\" data-element_type=\"widget\" data-e-type=\"widget\" data-widget_type=\"text-editor.default\">\n\t\t\t\t\t\t\t\t\t<p class=\"body\" dir=\"auto\" data-pm-slice=\"1 1 []\"><span style=\"color: #000000;\">En plus de stimuler la production de sucs digestifs, le gingembre contribue \u00e0 r\u00e9duire les gaz intestinaux. Il constitue ainsi un rem\u00e8de efficace contre les ballonnements et les flatulences, souvent caus\u00e9s par des aliments difficiles \u00e0 dig\u00e9rer ou une digestion lente. En prenant quotidiennement nos g\u00e9lules de gingembre bio, vous pouvez att\u00e9nuer les inconforts post-prandiaux et profiter d&rsquo;une sensation de l\u00e9g\u00e8ret\u00e9.  <\/span><\/p>\t\t\t\t\t\t\t\t<\/div>\n\t\t\t\t<\/div>\n\t\t<div class=\"elementor-element elementor-element-9e20870 e-con-full e-flex e-con e-child\" data-id=\"9e20870\" data-element_type=\"container\" data-e-type=\"container\">\n\t\t\t\t<div class=\"elementor-element elementor-element-a67e06b elementor-widget elementor-widget-image\" data-id=\"a67e06b\" data-element_type=\"widget\" data-e-type=\"widget\" data-widget_type=\"image.default\">\n\t\t\t\t\t\t\t\t\t\t\t\t\t\t\t<img fetchpriority=\"high\" decoding=\"async\" width=\"1024\" height=\"1024\" src=\"https:\/\/tinellasuperfoods.nl\/wp-content\/uploads\/2025\/04\/Gember-Capsules-Ondersteuning-Spijsvertering-Gezond-Eten.jpg-1024x1024.webp\" class=\"attachment-large size-large wp-image-3357\" alt=\"Informations sur les bienfaits des g\u00e9lules de gingembre bio pour la digestion, notamment le soulagement des troubles gastro-intestinaux, la promotion d&#039;un transit intestinal r\u00e9gulier et la r\u00e9duction des ballonnements et des flatulences.\" srcset=\"https:\/\/tinellasuperfoods.nl\/wp-content\/uploads\/2025\/04\/Gember-Capsules-Ondersteuning-Spijsvertering-Gezond-Eten.jpg-1024x1024.webp 1024w, https:\/\/tinellasuperfoods.nl\/wp-content\/uploads\/2025\/04\/Gember-Capsules-Ondersteuning-Spijsvertering-Gezond-Eten.jpg-300x300.webp 300w, https:\/\/tinellasuperfoods.nl\/wp-content\/uploads\/2025\/04\/Gember-Capsules-Ondersteuning-Spijsvertering-Gezond-Eten.jpg-150x150.webp 150w, https:\/\/tinellasuperfoods.nl\/wp-content\/uploads\/2025\/04\/Gember-Capsules-Ondersteuning-Spijsvertering-Gezond-Eten.jpg-768x768.webp 768w, https:\/\/tinellasuperfoods.nl\/wp-content\/uploads\/2025\/04\/Gember-Capsules-Ondersteuning-Spijsvertering-Gezond-Eten.jpg-1536x1536.webp 1536w, https:\/\/tinellasuperfoods.nl\/wp-content\/uploads\/2025\/04\/Gember-Capsules-Ondersteuning-Spijsvertering-Gezond-Eten.jpg-12x12.webp 12w, https:\/\/tinellasuperfoods.nl\/wp-content\/uploads\/2025\/04\/Gember-Capsules-Ondersteuning-Spijsvertering-Gezond-Eten.jpg-600x600.webp 600w, https:\/\/tinellasuperfoods.nl\/wp-content\/uploads\/2025\/04\/Gember-Capsules-Ondersteuning-Spijsvertering-Gezond-Eten.jpg-100x100.webp 100w, https:\/\/tinellasuperfoods.nl\/wp-content\/uploads\/2025\/04\/Gember-Capsules-Ondersteuning-Spijsvertering-Gezond-Eten.jpg.webp 1920w\" sizes=\"(max-width: 1024px) 100vw, 1024px\" \/>\t\t\t\t\t\t\t\t\t\t\t\t\t\t\t<\/div>\n\t\t\t\t<\/div>\n\t\t\t\t\t<\/div>\n\t\t\t\t<\/div>\n\t\t<div class=\"elementor-element elementor-element-e55e860 e-flex e-con-boxed e-con e-parent\" data-id=\"e55e860\" data-element_type=\"container\" data-e-type=\"container\">\n\t\t\t\t\t<div class=\"e-con-inner\">\n\t\t<div class=\"elementor-element elementor-element-ac88220 e-con-full e-flex e-con e-child\" data-id=\"ac88220\" data-element_type=\"container\" data-e-type=\"container\">\n\t\t\t\t<div class=\"elementor-element elementor-element-eea40df elementor-widget-mobile__width-initial elementor-widget elementor-widget-image\" data-id=\"eea40df\" data-element_type=\"widget\" data-e-type=\"widget\" data-widget_type=\"image.default\">\n\t\t\t\t\t\t\t\t\t\t\t\t\t\t\t<img decoding=\"async\" width=\"1024\" height=\"1024\" src=\"https:\/\/tinellasuperfoods.nl\/wp-content\/uploads\/2025\/04\/Natuurlijke-Ontstekingsremmer-Gembercapsules-Biologisch.jpg-1024x1024.webp\" class=\"attachment-large size-large wp-image-3358\" alt=\"Gros plan sur une main tenant une racine de gingembre frais et une capsule de gingembre dor\u00e9e. \u00c0 l&#039;arri\u00e8re-plan flou, on aper\u00e7oit un parc et un joggeur.\" srcset=\"https:\/\/tinellasuperfoods.nl\/wp-content\/uploads\/2025\/04\/Natuurlijke-Ontstekingsremmer-Gembercapsules-Biologisch.jpg-1024x1024.webp 1024w, https:\/\/tinellasuperfoods.nl\/wp-content\/uploads\/2025\/04\/Natuurlijke-Ontstekingsremmer-Gembercapsules-Biologisch.jpg-300x300.webp 300w, https:\/\/tinellasuperfoods.nl\/wp-content\/uploads\/2025\/04\/Natuurlijke-Ontstekingsremmer-Gembercapsules-Biologisch.jpg-150x150.webp 150w, https:\/\/tinellasuperfoods.nl\/wp-content\/uploads\/2025\/04\/Natuurlijke-Ontstekingsremmer-Gembercapsules-Biologisch.jpg-768x768.webp 768w, https:\/\/tinellasuperfoods.nl\/wp-content\/uploads\/2025\/04\/Natuurlijke-Ontstekingsremmer-Gembercapsules-Biologisch.jpg-1536x1536.webp 1536w, https:\/\/tinellasuperfoods.nl\/wp-content\/uploads\/2025\/04\/Natuurlijke-Ontstekingsremmer-Gembercapsules-Biologisch.jpg.webp 1920w, https:\/\/tinellasuperfoods.nl\/wp-content\/uploads\/2025\/04\/Natuurlijke-Ontstekingsremmer-Gembercapsules-Biologisch.jpg-12x12.webp 12w, https:\/\/tinellasuperfoods.nl\/wp-content\/uploads\/2025\/04\/Natuurlijke-Ontstekingsremmer-Gembercapsules-Biologisch.jpg-600x600.webp 600w, https:\/\/tinellasuperfoods.nl\/wp-content\/uploads\/2025\/04\/Natuurlijke-Ontstekingsremmer-Gembercapsules-Biologisch.jpg-100x100.webp 100w\" sizes=\"(max-width: 1024px) 100vw, 1024px\" \/>\t\t\t\t\t\t\t\t\t\t\t\t\t\t\t<\/div>\n\t\t\t\t<\/div>\n\t\t<div class=\"elementor-element elementor-element-f3f609c e-con-full e-flex e-con e-child\" data-id=\"f3f609c\" data-element_type=\"container\" data-e-type=\"container\">\n\t\t\t\t<div class=\"elementor-element elementor-element-f914f68 elementor-widget elementor-widget-heading\" data-id=\"f914f68\" data-element_type=\"widget\" data-e-type=\"widget\" data-widget_type=\"heading.default\">\n\t\t\t\t\t<h2 class=\"elementor-heading-title elementor-size-default\">Protection contre l'inflammation li\u00e9e \u00e0 la digestion<\/h2>\t\t\t\t<\/div>\n\t\t\t\t<div class=\"elementor-element elementor-element-f66cea3 elementor-widget-mobile__width-initial elementor-widget elementor-widget-text-editor\" data-id=\"f66cea3\" data-element_type=\"widget\" data-e-type=\"widget\" data-widget_type=\"text-editor.default\">\n\t\t\t\t\t\t\t\t\t<p dir=\"auto\" data-pm-slice=\"1 1 []\"><span style=\"color: #000000;\">L&rsquo;inflammation chronique du tube digestif peut entra\u00eener des probl\u00e8mes plus graves, comme le syndrome de l&rsquo;intestin irritable (SII). Le gingembre poss\u00e8de des propri\u00e9t\u00e9s anti-inflammatoires qui contribuent \u00e0 r\u00e9duire l&rsquo;inflammation et \u00e0 apaiser un syst\u00e8me digestif irrit\u00e9. C&rsquo;est pourquoi les g\u00e9lules de gingembre constituent un excellent choix pour les personnes souffrant de troubles digestifs chroniques.  <\/span><\/p>\t\t\t\t\t\t\t\t<\/div>\n\t\t\t\t<div class=\"elementor-element elementor-element-fcf9f23 elementor-widget elementor-widget-heading\" data-id=\"fcf9f23\" data-element_type=\"widget\" data-e-type=\"widget\" data-widget_type=\"heading.default\">\n\t\t\t\t\t<h2 class=\"elementor-heading-title elementor-size-default\">Soutien \u00e0 la gestion du poids<\/h2>\t\t\t\t<\/div>\n\t\t\t\t<div class=\"elementor-element elementor-element-2d7f73c elementor-widget elementor-widget-text-editor\" data-id=\"2d7f73c\" data-element_type=\"widget\" data-e-type=\"widget\" data-widget_type=\"text-editor.default\">\n\t\t\t\t\t\t\t\t\t<p class=\"body\" dir=\"auto\" data-pm-slice=\"1 1 []\"><span style=\"color: #000000;\">Un syst\u00e8me digestif performant est essentiel \u00e0 la gestion du poids. Le gingembre stimule la digestion, favorise le m\u00e9tabolisme et la combustion des graisses. Il contribue ainsi \u00e0 une meilleure digestion et \u00e0 une \u00e9limination plus rapide des calories exc\u00e9dentaires, ce qui peut avoir un impact positif sur votre poids.  <\/span><\/p>\t\t\t\t\t\t\t\t<\/div>\n\t\t\t\t<div class=\"elementor-element elementor-element-d55ac8b elementor-widget elementor-widget-heading\" data-id=\"d55ac8b\" data-element_type=\"widget\" data-e-type=\"widget\" data-widget_type=\"heading.default\">\n\t\t\t\t\t<h2 class=\"elementor-heading-title elementor-size-default\">Pourquoi choisir les g\u00e9lules de gingembre bio de Tinella ?<\/h2>\t\t\t\t<\/div>\n\t\t\t\t<div class=\"elementor-element elementor-element-cf29dcf elementor-widget-mobile__width-initial elementor-widget elementor-widget-text-editor\" data-id=\"cf29dcf\" data-element_type=\"widget\" data-e-type=\"widget\" data-widget_type=\"text-editor.default\">\n\t\t\t\t\t\t\t\t\t<p dir=\"auto\" data-pm-slice=\"1 1 []\"><span style=\"color: #000000;\">Nos g\u00e9lules constituent une solution simple et pratique pour profiter des nombreux bienfaits du gingembre en toute simplicit\u00e9. Bio et 100 % v\u00e9g\u00e9tales, elles contiennent un dosage standardis\u00e9 de gingembre de haute qualit\u00e9, vous garantissant ainsi des r\u00e9sultats optimaux. D\u00e9couvrez comment les g\u00e9lules de gingembre bio Tinella peuvent am\u00e9liorer votre digestion et contribuer \u00e0 votre bien-\u00eatre g\u00e9n\u00e9ral. Int\u00e9grez-les d\u00e8s aujourd&rsquo;hui \u00e0 votre routine quotidienne pour une vie plus saine et plus confortable !   <\/span><\/p>\t\t\t\t\t\t\t\t<\/div>\n\t\t\t\t<\/div>\n\t\t\t\t\t<\/div>\n\t\t\t\t<\/div>\n\t\t\t\t<\/div>\n\t\t","protected":false},"excerpt":{"rendered":"<p>Le gingembre pour la digestion : d\u00e9couvrez ses bienfaits Nos g\u00e9lules de gingembre biologique procurent un soulagement naturel et favorisent&#8230;<\/p>\n","protected":false},"author":1,"featured_media":0,"parent":0,"menu_order":0,"comment_status":"closed","ping_status":"closed","template":"elementor_header_footer","meta":{"_acf_changed":false,"footnotes":""},"class_list":["post-3359","page","type-page","status-publish","hentry"],"acf":[],"_links":{"self":[{"href":"https:\/\/tinellasuperfoods.nl\/fr\/wp-json\/wp\/v2\/pages\/3359","targetHints":{"allow":["GET"]}}],"collection":[{"href":"https:\/\/tinellasuperfoods.nl\/fr\/wp-json\/wp\/v2\/pages"}],"about":[{"href":"https:\/\/tinellasuperfoods.nl\/fr\/wp-json\/wp\/v2\/types\/page"}],"author":[{"embeddable":true,"href":"https:\/\/tinellasuperfoods.nl\/fr\/wp-json\/wp\/v2\/users\/1"}],"replies":[{"embeddable":true,"href":"https:\/\/tinellasuperfoods.nl\/fr\/wp-json\/wp\/v2\/comments?post=3359"}],"version-history":[{"count":3,"href":"https:\/\/tinellasuperfoods.nl\/fr\/wp-json\/wp\/v2\/pages\/3359\/revisions"}],"predecessor-version":[{"id":3660,"href":"https:\/\/tinellasuperfoods.nl\/fr\/wp-json\/wp\/v2\/pages\/3359\/revisions\/3660"}],"wp:attachment":[{"href":"https:\/\/tinellasuperfoods.nl\/fr\/wp-json\/wp\/v2\/media?parent=3359"}],"curies":[{"name":"wp","href":"https:\/\/api.w.org\/{rel}","templated":true}]}}