{"id":3345,"date":"2025-03-24T16:47:45","date_gmt":"2025-03-24T16:47:45","guid":{"rendered":"https:\/\/tinellasuperfoods.nl\/retour\/"},"modified":"2026-03-09T07:17:17","modified_gmt":"2026-03-09T07:17:17","slug":"retour","status":"publish","type":"page","link":"https:\/\/tinellasuperfoods.nl\/fr\/retour\/","title":{"rendered":"Retour"},"content":{"rendered":"\t\t<div data-elementor-type=\"wp-page\" data-elementor-id=\"3345\" class=\"elementor elementor-3345 elementor-137\">\n\t\t\t\t<div class=\"elementor-element elementor-element-65f583cd e-flex e-con-boxed e-con e-parent\" data-id=\"65f583cd\" data-element_type=\"container\" data-e-type=\"container\">\n\t\t\t\t\t<div class=\"e-con-inner\">\n\t\t\t\t<div class=\"elementor-element elementor-element-25bbf45 elementor-widget elementor-widget-text-editor\" data-id=\"25bbf45\" data-element_type=\"widget\" data-e-type=\"widget\" data-widget_type=\"text-editor.default\">\n\t\t\t\t\t\t\t\t\t<h3><span style=\"color: #000000;\"><b>Retours \u2013 Comment \u00e7a marche ?<\/b><\/span><\/h3><ol><li style=\"font-weight: 400;\" aria-level=\"1\"><span style=\"color: #000000;\"><b>D\u00e9lai de r\u00e9tractation l\u00e9gal :<\/b><br><span style=\"font-weight: 400;\">Vous disposez d\u2019un d\u00e9lai de r\u00e9tractation de 14 jours apr\u00e8s r\u00e9ception de votre commande. Pendant ce d\u00e9lai, vous pouvez annuler votre achat et retourner les produits.<\/span><\/span><\/li><li style=\"font-weight: 400;\" aria-level=\"1\"><span style=\"color: #000000;\"><b>Service suppl\u00e9mentaire :<\/b><br>Chez Tinella Superfoods, nous vous offrons<b> une p\u00e9riode de retour prolong\u00e9e de 30 jours <\/b><span style=\"font-weight: 400;\">avec livraison gratuite pour votre commodit\u00e9.<\/span><\/span><\/li><li style=\"font-weight: 400;\" aria-level=\"1\"><span style=\"color: #000000;\"><b>\u00c9tapes pour retourner un colis :<\/b><\/span><ul><li style=\"font-weight: 400;\" aria-level=\"2\"><span style=\"font-weight: 400; color: #000000;\">Enregistrez votre retour par e-mail \u00e0 l&rsquo;adresse klantenservice@tinellasuperfoods.nl et indiquez votre nom, votre num\u00e9ro de commande et les produits que vous souhaitez retourner.<\/span><\/li><li style=\"font-weight: 400;\" aria-level=\"2\"><span style=\"font-weight: 400; color: #000000;\">Vous recevrez une confirmation contenant des instructions suppl\u00e9mentaires.<\/span><\/li><li style=\"font-weight: 400;\" aria-level=\"2\"><span style=\"font-weight: 400; color: #000000;\">Veuillez nous retourner votre produit dans les 14 jours suivant votre notification de retour.<\/span><\/li><\/ul><\/li><\/ol><p><span style=\"color: #000000;\"><b>Adresse de retour :<\/b><br>Tinella Superfoods<br><span style=\"font-weight: 400;\">Rietgorsstraat 16<\/span><br><span style=\"font-weight: 400;\">2496 ML La Haye<\/span><br><span style=\"font-weight: 400;\">Veuillez inclure les informations suivantes avec votre retour : num\u00e9ro d\u2019autorisation de retour (RMA) + num\u00e9ro de commande (par exemple, sur le colis ou dans une note \u00e0 l\u2019int\u00e9rieur du colis).<\/span><\/span><\/p><p><span style=\"color: #000000;\"><b>Remboursement :<\/b><br><span style=\"font-weight: 400;\">D\u00e8s r\u00e9ception de votre retour ou de la preuve d\u2019exp\u00e9dition, nous vous rembourserons le prix d\u2019achat (y compris les frais d\u2019exp\u00e9dition initiaux) par le m\u00eame moyen de paiement que celui utilis\u00e9 lors de votre achat. Le remboursement sera effectu\u00e9 sous 14 jours.<\/span><\/span><\/p><p><span style=\"color: #000000;\"><b>Exceptions pour les produits d&rsquo;hygi\u00e8ne :<\/b><\/span><\/p><p><span style=\"font-weight: 400; color: #000000;\">Pour des raisons de protection de la sant\u00e9, certains produits ne peuvent \u00eatre retourn\u00e9s si l&#8217;emballage a \u00e9t\u00e9 ouvert apr\u00e8s la livraison, notamment :<\/span><\/p><ul><li><span style=\"font-weight: 400; color: #000000;\">Capsules<\/span><\/li><li><span style=\"font-weight: 400; color: #000000;\">Comprim\u00e9s<\/span><\/li><li><span style=\"font-weight: 400; color: #000000;\">Poudres<\/span><\/li><li><span style=\"font-weight: 400; color: #000000;\">Dranken<\/span><\/li><li><span style=\"font-weight: 400; color: #000000;\">Cr\u00e8mes<\/span><\/li><li><span style=\"font-weight: 400; color: #000000;\">Huiles<\/span><\/li><\/ul>\t\t\t\t\t\t\t\t<\/div>\n\t\t\t\t\t<\/div>\n\t\t\t\t<\/div>\n\t\t\t\t<\/div>\n\t\t","protected":false},"excerpt":{"rendered":"<p>Retours \u2013 Comment \u00e7a marche ? D\u00e9lai de r\u00e9tractation l\u00e9gal :Vous disposez d\u2019un d\u00e9lai de r\u00e9tractation de 14 jours apr\u00e8s&#8230;<\/p>\n","protected":false},"author":1,"featured_media":0,"parent":0,"menu_order":0,"comment_status":"open","ping_status":"closed","template":"","meta":{"_acf_changed":false,"footnotes":""},"class_list":["post-3345","page","type-page","status-publish","hentry"],"acf":[],"_links":{"self":[{"href":"https:\/\/tinellasuperfoods.nl\/fr\/wp-json\/wp\/v2\/pages\/3345","targetHints":{"allow":["GET"]}}],"collection":[{"href":"https:\/\/tinellasuperfoods.nl\/fr\/wp-json\/wp\/v2\/pages"}],"about":[{"href":"https:\/\/tinellasuperfoods.nl\/fr\/wp-json\/wp\/v2\/types\/page"}],"author":[{"embeddable":true,"href":"https:\/\/tinellasuperfoods.nl\/fr\/wp-json\/wp\/v2\/users\/1"}],"replies":[{"embeddable":true,"href":"https:\/\/tinellasuperfoods.nl\/fr\/wp-json\/wp\/v2\/comments?post=3345"}],"version-history":[{"count":3,"href":"https:\/\/tinellasuperfoods.nl\/fr\/wp-json\/wp\/v2\/pages\/3345\/revisions"}],"predecessor-version":[{"id":3674,"href":"https:\/\/tinellasuperfoods.nl\/fr\/wp-json\/wp\/v2\/pages\/3345\/revisions\/3674"}],"wp:attachment":[{"href":"https:\/\/tinellasuperfoods.nl\/fr\/wp-json\/wp\/v2\/media?parent=3345"}],"curies":[{"name":"wp","href":"https:\/\/api.w.org\/{rel}","templated":true}]}}