{"id":3328,"date":"2025-03-24T16:47:45","date_gmt":"2025-03-24T16:47:45","guid":{"rendered":"https:\/\/tinellasuperfoods.nl\/declaration-de-confidentialite\/"},"modified":"2026-03-10T10:18:29","modified_gmt":"2026-03-10T10:18:29","slug":"declaration-de-confidentialite","status":"publish","type":"page","link":"https:\/\/tinellasuperfoods.nl\/fr\/declaration-de-confidentialite\/","title":{"rendered":"D\u00e9claration de confidentialit\u00e9"},"content":{"rendered":"\t\t<div data-elementor-type=\"wp-page\" data-elementor-id=\"3328\" class=\"elementor elementor-3328 elementor-139\">\n\t\t\t\t<div class=\"elementor-element elementor-element-4205ff58 e-flex e-con-boxed e-con e-parent\" data-id=\"4205ff58\" data-element_type=\"container\" data-e-type=\"container\">\n\t\t\t\t\t<div class=\"e-con-inner\">\n\t\t\t\t<div class=\"elementor-element elementor-element-27f0bc87 elementor-widget elementor-widget-text-editor\" data-id=\"27f0bc87\" data-element_type=\"widget\" data-e-type=\"widget\" data-widget_type=\"text-editor.default\">\n\t\t\t\t\t\t\t\t\t<h3 dir=\"auto\">D\u00c9CLARATION DE CONFIDENTIALIT\u00c9 DE TINELLA SUPERFOODS<\/h3><p class=\"body\" dir=\"auto\"><span style=\"color: #000000;\">ARTICLE 1. RESPONSABLE DU TRAITEMENT DES DONN\u00c9ES <\/span><\/p><p class=\"body\" dir=\"auto\"><span style=\"color: #000000;\">Tinella Superfoods (ci-apr\u00e8s \u00ab Tinella \u00bb) est responsable du traitement des donn\u00e9es d\u00e9crit dans la pr\u00e9sente d\u00e9claration de confidentialit\u00e9. Tinella se sp\u00e9cialise dans la vente de produits biologiques en Norv\u00e8ge et \u00e0 l&rsquo;international. Informations sur l&rsquo;entreprise :<\/span><br><span style=\"color: #000000;\">\u2022 Nom de l&rsquo;entreprise : Tinella Superfoods \u2022 Num\u00e9ro de registre du commerce : 81552963<\/span><br><span style=\"color: #000000;\">\u2022 Adresse : Rietgorsstraat 16, 2496 ML La Haye \u2022 Courriel : info@tinellasuperfoods.nl \u2022 Site web : <a style=\"color: #000000;\" target=\"_self\" rel=\"\" data-page-id=\"MjYENaSsFas75AJRf01sI\"><\/a><a style=\"color: #000000;\" href=\"mailto:info@tinellasuperfoods-nl-128195.hostingersite.com\">tinellasuperfoods.nl<\/a> Vous avez des questions ou des r\u00e9clamations concernant l&rsquo;utilisation de vos donn\u00e9es personnelles ? N&rsquo;h\u00e9sitez pas \u00e0 nous contacter aux coordonn\u00e9es ci-dessus.<\/span><\/p><p class=\"body\" dir=\"auto\"><span style=\"color: #000000;\">ARTICLE 2. DONN\u00c9ES PERSONNELLES TRAIT\u00c9ES PAR TINELLA <\/span><\/p><p><span style=\"color: #000000;\">Tinella Superfoods traite les donn\u00e9es personnelles que vous fournissez lors de l&rsquo;achat de produits ou du remplissage de formulaires sur notre site web. Tinella Superfoods peut traiter les donn\u00e9es suivantes :<\/span><br><span style=\"color: #000000;\">\u2022 Nom et pr\u00e9nom<br>\u2022 Adresse<\/span><br><span style=\"color: #000000;\">\u2022 Date de naissance<br>\u2022 Num\u00e9ro de t\u00e9l\u00e9phone<\/span><br><span style=\"color: #000000;\">\u2022 Adresse e-mail<br>\u2022 Informations de paiement<br>ARTICLE 2.1. TRAITEMENT DES DONN\u00c9ES DES MINEURS<br>Tinella Superfoods ne traite les donn\u00e9es personnelles des mineurs (personnes de moins de 18 ans) qu&rsquo;avec l&rsquo;autorisation \u00e9crite d&rsquo;un parent, tuteur ou repr\u00e9sentant l\u00e9gal. Cependant, Tinella Superfoods ne peut pas v\u00e9rifier l&rsquo;\u00e2ge des visiteurs. Il est donc conseill\u00e9 aux parents de s&rsquo;impliquer dans les activit\u00e9s en ligne de leurs enfants.<\/span><\/p><p class=\"body\" dir=\"auto\"><span style=\"color: #000000;\">ARTICLE 3. FINALIT\u00c9S ET FONDEMENTS DU TRAITEMENT <\/span><\/p><p><span style=\"color: #000000;\">Tinella Superfoods traite vos donn\u00e9es pour :<\/span><br><span style=\"color: #000000;\">1. Traiter vos commandes et vous tenir inform\u00e9(e) des livraisons. (Base juridique : ex\u00e9cution d\u2019un contrat, article 6, paragraphe 1b, RGPD)<br>2. Optimiser nos op\u00e9rations commerciales et entretenir la relation client.<\/span><\/p><p class=\"body\" dir=\"auto\"><span style=\"color: #000000;\">ARTICLE 4. DIVULGATION DE DONN\u00c9ES PERSONNELLES \u00c0 DES TIERS <\/span><\/p><p><span style=\"color: #000000;\">Tinella Superfoods ne communique vos donn\u00e9es personnelles \u00e0 des tiers que lorsque cela est n\u00e9cessaire \u00e0 l&rsquo;ex\u00e9cution du contrat ou au respect des obligations l\u00e9gales. Par exemple :<\/span><br><span style=\"color: #000000;\">\u2022 Services de livraison, pour la livraison de votre commande<br>\u2022 Prestataires de services de paiement, pour le traitement des paiements<\/span><\/p><p class=\"body\" dir=\"auto\"><span style=\"color: #000000;\">ARTICLE 5. DUR\u00c9E DE CONSERVATION DES DONN\u00c9ES PERSONNELLES <\/span><\/p><p><span style=\"color: #000000;\">Vos donn\u00e9es personnelles ne seront pas conserv\u00e9es plus longtemps que n\u00e9cessaire aux fins mentionn\u00e9es ci-dessus. Dans la plupart des cas, Tinella Superfoods conserve vos donn\u00e9es pendant une dur\u00e9e maximale de sept ans apr\u00e8s la fin du contrat, conform\u00e9ment aux d\u00e9lais de conservation fix\u00e9s par l&rsquo;administration fiscale et douani\u00e8re n\u00e9erlandaise. <\/span><\/p><p class=\"body\" dir=\"auto\"><span style=\"color: #000000;\">ARTICLE 6. S\u00c9CURIT\u00c9 DES DONN\u00c9ES PERSONNELLES <\/span><\/p><p><span style=\"color: #000000;\">Tinella Superfoods met en \u0153uvre les mesures techniques et organisationnelles appropri\u00e9es pour prot\u00e9ger vos donn\u00e9es personnelles contre toute perte ou tout traitement illicite. Les donn\u00e9es sont stock\u00e9es dans un logiciel s\u00e9curis\u00e9 et chiffr\u00e9es lorsque cela est n\u00e9cessaire. Si vous soup\u00e7onnez une utilisation abusive de vos donn\u00e9es, veuillez contacter Tinella Superfoods (voir article 1).  <\/span><\/p><p class=\"body\" dir=\"auto\"><span style=\"color: #000000;\">ARTICLE 7. DROITS DES PERSONNES CONCERN\u00c9ES <\/span><\/p><p><span style=\"color: #000000;\">Conform\u00e9ment au RGPD, vous disposez des droits suivants concernant vos donn\u00e9es personnelles :<\/span><br><span style=\"color: #000000;\">\u2022 Droit d\u2019information et d\u2019acc\u00e8s \u2022 Droit de rectification<\/span><br><span style=\"color: #000000;\">\u2022 Droit \u00e0 l\u2019effacement (\u00ab droit \u00e0 l\u2019oubli \u00bb) \u2022 Droit \u00e0 la limitation du traitement<\/span><br><span style=\"color: #000000;\">\u2022 Droit d\u2019opposition \u2022 Droit \u00e0 la portabilit\u00e9 des donn\u00e9es<\/span><br><span style=\"color: #000000;\">\u2022 Droit de ne pas faire l\u2019objet d\u2019une d\u00e9cision automatis\u00e9e Vous pouvez soumettre votre demande \u00e0 l\u2019adresse i<a style=\"color: #000000;\" href=\"mailto:info@tinellasuperfoods.nl\" target=\"\">nfo@tinellasuperfoods.nl. <\/a>Tinella Superfoods vous r\u00e9pondra dans les meilleurs d\u00e9lais, et au plus tard sous quatre semaines. Vous pouvez \u00e9galement d\u00e9poser une plainte aupr\u00e8s de l\u2019Autorit\u00e9 n\u00e9erlandaise de protection des donn\u00e9es si vous contestez le traitement de vos donn\u00e9es.<\/span><\/p><p class=\"body\" dir=\"auto\"><span style=\"color: #000000;\">ARTICLE 8. COOKIES <\/span><\/p><p><span style=\"color: #000000;\">Tinella Superfoods utilise des cookies pour am\u00e9liorer le fonctionnement du site web et m\u00e9moriser vos pr\u00e9f\u00e9rences.<\/span><br><span style=\"color: #000000;\">8.1 COOKIES TIERS : Des tiers, tels que Google, peuvent diffuser des publicit\u00e9s ou proposer d\u2019autres services utilisant des cookies.<\/span><br><span style=\"color: #000000;\">8.2 COOKIES ANALYTIQUES : Tinella Superfoods utilise des cookies analytiques pour recueillir des statistiques sur l\u2019utilisation du site web et optimiser l\u2019exp\u00e9rience utilisateur.<\/span><br>8.3 COOKIES DE SUIVI : Les cookies de suivi permettent d\u2019afficher des publicit\u00e9s personnalis\u00e9es en fonction de votre navigation.<br><span style=\"color: #000000;\"><span style=\"color: #000000;\">8.4 COOKIES FONCTIONNELS : Les cookies fonctionnels garantissent le bon fonctionnement du site web et m\u00e9morisent vos pr\u00e9f\u00e9rences, comme la langue.<\/span><\/span><br><span style=\"color: #000000;\">8.5 D\u00c9SACTIVATION DES COOKIES : Vous pouvez d\u00e9sactiver les cookies dans les param\u00e8tres de votre navigateur. Cependant, cela peut affecter le fonctionnement de certaines parties du site web.<\/span><\/p><p class=\"body\" dir=\"auto\"><span style=\"color: #000000;\">ARTICLE 9. MODIFICATIONS DE LA D\u00c9CLARATION DE CONFIDENTIALIT\u00c9 <\/span><\/p><p class=\"body\" dir=\"auto\"><span style=\"color: #000000;\">Tinella Superfoods se r\u00e9serve le droit de modifier la pr\u00e9sente d\u00e9claration de confidentialit\u00e9. Toute modification sera publi\u00e9e sur notre site web : <a href=\"http:\/\/tinellasuperfoods-nl-128195.hostingersite.com\" target=\"_blank\" rel=\"noopener\">tinellasuperfoods.nl<\/a> <\/span><\/p>\t\t\t\t\t\t\t\t<\/div>\n\t\t\t\t\t<\/div>\n\t\t\t\t<\/div>\n\t\t\t\t<\/div>\n\t\t","protected":false},"excerpt":{"rendered":"<p>D\u00c9CLARATION DE CONFIDENTIALIT\u00c9 DE TINELLA SUPERFOODS ARTICLE 1. RESPONSABLE DU TRAITEMENT DES DONN\u00c9ES Tinella Superfoods (ci-apr\u00e8s \u00ab Tinella \u00bb) est&#8230;<\/p>\n","protected":false},"author":1,"featured_media":0,"parent":0,"menu_order":0,"comment_status":"closed","ping_status":"closed","template":"","meta":{"_acf_changed":false,"footnotes":""},"class_list":["post-3328","page","type-page","status-publish","hentry"],"acf":[],"_links":{"self":[{"href":"https:\/\/tinellasuperfoods.nl\/fr\/wp-json\/wp\/v2\/pages\/3328","targetHints":{"allow":["GET"]}}],"collection":[{"href":"https:\/\/tinellasuperfoods.nl\/fr\/wp-json\/wp\/v2\/pages"}],"about":[{"href":"https:\/\/tinellasuperfoods.nl\/fr\/wp-json\/wp\/v2\/types\/page"}],"author":[{"embeddable":true,"href":"https:\/\/tinellasuperfoods.nl\/fr\/wp-json\/wp\/v2\/users\/1"}],"replies":[{"embeddable":true,"href":"https:\/\/tinellasuperfoods.nl\/fr\/wp-json\/wp\/v2\/comments?post=3328"}],"version-history":[{"count":6,"href":"https:\/\/tinellasuperfoods.nl\/fr\/wp-json\/wp\/v2\/pages\/3328\/revisions"}],"predecessor-version":[{"id":3789,"href":"https:\/\/tinellasuperfoods.nl\/fr\/wp-json\/wp\/v2\/pages\/3328\/revisions\/3789"}],"wp:attachment":[{"href":"https:\/\/tinellasuperfoods.nl\/fr\/wp-json\/wp\/v2\/media?parent=3328"}],"curies":[{"name":"wp","href":"https:\/\/api.w.org\/{rel}","templated":true}]}}