{"id":3315,"date":"2025-03-24T16:47:47","date_gmt":"2025-03-24T16:47:47","guid":{"rendered":"https:\/\/tinellasuperfoods.nl\/a-propos-de-nous\/"},"modified":"2026-03-09T07:25:07","modified_gmt":"2026-03-09T07:25:07","slug":"a-propos-de-nous","status":"publish","type":"page","link":"https:\/\/tinellasuperfoods.nl\/fr\/a-propos-de-nous\/","title":{"rendered":"\u00c0 propos de nous"},"content":{"rendered":"\t\t<div data-elementor-type=\"wp-page\" data-elementor-id=\"3315\" class=\"elementor elementor-3315 elementor-158\">\n\t\t\t\t<div class=\"elementor-element elementor-element-b563a57 bdt-backdrop-filter-yes e-flex e-con-boxed bdt-filter-backdrop e-con e-parent\" data-id=\"b563a57\" data-element_type=\"container\" data-e-type=\"container\" data-settings=\"{&quot;background_background&quot;:&quot;classic&quot;}\">\n\t\t\t\t\t<div class=\"e-con-inner\">\n\t\t\t\t<div class=\"elementor-element elementor-element-02b522a elementor-widget elementor-widget-heading\" data-id=\"02b522a\" data-element_type=\"widget\" data-e-type=\"widget\" data-widget_type=\"heading.default\">\n\t\t\t\t\t<h1 class=\"elementor-heading-title elementor-size-default\">Ce que nous d\u00e9fendons !<\/h1>\t\t\t\t<\/div>\n\t\t\t\t\t<\/div>\n\t\t\t\t<\/div>\n\t\t<div class=\"elementor-element elementor-element-d129302 e-flex e-con-boxed e-con e-parent\" data-id=\"d129302\" data-element_type=\"container\" data-e-type=\"container\">\n\t\t\t\t\t<div class=\"e-con-inner\">\n\t\t<div class=\"elementor-element elementor-element-9608a49 e-con-full e-flex e-con e-child\" data-id=\"9608a49\" data-element_type=\"container\" data-e-type=\"container\">\n\t\t\t\t<div class=\"elementor-element elementor-element-58ec1f8 elementor-widget elementor-widget-heading\" data-id=\"58ec1f8\" data-element_type=\"widget\" data-e-type=\"widget\" data-widget_type=\"heading.default\">\n\t\t\t\t\t<h2 class=\"elementor-heading-title elementor-size-default\">Votre partenaire en mati\u00e8re de sant\u00e9 naturelle<\/h2>\t\t\t\t<\/div>\n\t\t\t\t<div class=\"elementor-element elementor-element-4e72b12 elementor-widget elementor-widget-text-editor\" data-id=\"4e72b12\" data-element_type=\"widget\" data-e-type=\"widget\" data-widget_type=\"text-editor.default\">\n\t\t\t\t\t\t\t\t\t<p class=\"body\" dir=\"auto\" data-pm-slice=\"1 1 []\"><span style=\"color: #000000;\">Bienvenue chez Tinella, le sp\u00e9cialiste des produits de sant\u00e9 biologiques de haute qualit\u00e9 ! Chez Tinella, nous croyons au pouvoir des herbes et des superaliments pour soutenir votre sant\u00e9 de mani\u00e8re naturelle. Nos <span style=\"color: #99cc00;\"><strong><u><a style=\"color: #99cc00;\" href=\"https:\/\/tinellasuperfoods.nl\/fr\/produit\/gelules-de-gingembre-tinella-120-unites\/\" target=\"\" data-page-id=\"zKn3FD\">g\u00e9lules de gingembre biologique<\/a><\/u><\/strong><\/span><a style=\"color: #000000;\" href=\"\/tinella-vegan-gember-capsules\" target=\"\" data-page-id=\"zKn3FD\">,<\/a> fabriqu\u00e9es \u00e0 partir d&rsquo;ingr\u00e9dients soigneusement s\u00e9lectionn\u00e9s, vous offrent une exp\u00e9rience pure et efficace. Choisissez Tinella et d\u00e9couvrez des produits transparents, honn\u00eates et fiables. D\u00e9couvrez d\u00e8s aujourd&rsquo;hui les nombreux bienfaits du gingembre et retrouvez \u00e9nergie, vitalit\u00e9 et \u00e9quilibre !    <\/span><\/p>\t\t\t\t\t\t\t\t<\/div>\n\t\t\t\t<div class=\"elementor-element elementor-element-51b3271 elementor-widget elementor-widget-image\" data-id=\"51b3271\" data-element_type=\"widget\" data-e-type=\"widget\" data-widget_type=\"image.default\">\n\t\t\t\t\t\t\t\t\t\t\t\t\t\t\t<img fetchpriority=\"high\" decoding=\"async\" width=\"1024\" height=\"1024\" src=\"https:\/\/tinellasuperfoods.nl\/wp-content\/uploads\/2025\/05\/Bevorder-je-algehele-gezondheid-en-welzijn-met-gember--1024x1024.webp\" class=\"attachment-large size-large wp-image-3313\" alt=\"Une femme aux cheveux boucl\u00e9s, v\u00eatue d&#039;un t-shirt blanc et d&#039;un jean, se tient pr\u00e8s d&#039;une fen\u00eatre et regarde dehors tout en tenant un verre d&#039;eau. Sur le rebord de la fen\u00eatre se trouvent une plante verte d&#039;int\u00e9rieur et un flacon de g\u00e9lules de gingembre bio Tinella contenant quelques g\u00e9lules individuelles.\" srcset=\"https:\/\/tinellasuperfoods.nl\/wp-content\/uploads\/2025\/05\/Bevorder-je-algehele-gezondheid-en-welzijn-met-gember--1024x1024.webp 1024w, https:\/\/tinellasuperfoods.nl\/wp-content\/uploads\/2025\/05\/Bevorder-je-algehele-gezondheid-en-welzijn-met-gember--300x300.webp 300w, https:\/\/tinellasuperfoods.nl\/wp-content\/uploads\/2025\/05\/Bevorder-je-algehele-gezondheid-en-welzijn-met-gember--150x150.webp 150w, https:\/\/tinellasuperfoods.nl\/wp-content\/uploads\/2025\/05\/Bevorder-je-algehele-gezondheid-en-welzijn-met-gember--768x768.webp 768w, https:\/\/tinellasuperfoods.nl\/wp-content\/uploads\/2025\/05\/Bevorder-je-algehele-gezondheid-en-welzijn-met-gember--1536x1536.webp 1536w, https:\/\/tinellasuperfoods.nl\/wp-content\/uploads\/2025\/05\/Bevorder-je-algehele-gezondheid-en-welzijn-met-gember--12x12.png 12w, https:\/\/tinellasuperfoods.nl\/wp-content\/uploads\/2025\/05\/Bevorder-je-algehele-gezondheid-en-welzijn-met-gember--600x600.png 600w, https:\/\/tinellasuperfoods.nl\/wp-content\/uploads\/2025\/05\/Bevorder-je-algehele-gezondheid-en-welzijn-met-gember--100x100.png 100w, https:\/\/tinellasuperfoods.nl\/wp-content\/uploads\/2025\/05\/Bevorder-je-algehele-gezondheid-en-welzijn-met-gember-.webp 1920w\" sizes=\"(max-width: 1024px) 100vw, 1024px\" \/>\t\t\t\t\t\t\t\t\t\t\t\t\t\t\t<\/div>\n\t\t\t\t<\/div>\n\t\t<div class=\"elementor-element elementor-element-f49c26d e-con-full e-flex e-con e-child\" data-id=\"f49c26d\" data-element_type=\"container\" data-e-type=\"container\">\n\t\t\t\t<div class=\"elementor-element elementor-element-fb62600 elementor-widget elementor-widget-image\" data-id=\"fb62600\" data-element_type=\"widget\" data-e-type=\"widget\" data-widget_type=\"image.default\">\n\t\t\t\t\t\t\t\t\t\t\t\t\t\t\t<img decoding=\"async\" width=\"1024\" height=\"1024\" src=\"https:\/\/tinellasuperfoods.nl\/wp-content\/uploads\/2025\/04\/wij-bieden-topservice-en-kwaliteit-1024x1024.webp\" class=\"attachment-large size-large wp-image-3314\" alt=\"Message de bienvenue de Tinella, sp\u00e9cialiste des produits de sant\u00e9 biologiques de haute qualit\u00e9, mettant l&#039;accent sur le pouvoir des herbes et des superaliments, et plus particuli\u00e8rement sur les g\u00e9lules de gingembre biologique pour l&#039;\u00e9nergie, la vitalit\u00e9 et l&#039;\u00e9quilibre.\" srcset=\"https:\/\/tinellasuperfoods.nl\/wp-content\/uploads\/2025\/04\/wij-bieden-topservice-en-kwaliteit-1024x1024.webp 1024w, https:\/\/tinellasuperfoods.nl\/wp-content\/uploads\/2025\/04\/wij-bieden-topservice-en-kwaliteit-300x300.webp 300w, https:\/\/tinellasuperfoods.nl\/wp-content\/uploads\/2025\/04\/wij-bieden-topservice-en-kwaliteit-150x150.webp 150w, https:\/\/tinellasuperfoods.nl\/wp-content\/uploads\/2025\/04\/wij-bieden-topservice-en-kwaliteit-768x768.webp 768w, https:\/\/tinellasuperfoods.nl\/wp-content\/uploads\/2025\/04\/wij-bieden-topservice-en-kwaliteit-1536x1536.webp 1536w, https:\/\/tinellasuperfoods.nl\/wp-content\/uploads\/2025\/04\/wij-bieden-topservice-en-kwaliteit-12x12.webp 12w, https:\/\/tinellasuperfoods.nl\/wp-content\/uploads\/2025\/04\/wij-bieden-topservice-en-kwaliteit-600x600.webp 600w, https:\/\/tinellasuperfoods.nl\/wp-content\/uploads\/2025\/04\/wij-bieden-topservice-en-kwaliteit-100x100.webp 100w, https:\/\/tinellasuperfoods.nl\/wp-content\/uploads\/2025\/04\/wij-bieden-topservice-en-kwaliteit.webp 1920w\" sizes=\"(max-width: 1024px) 100vw, 1024px\" \/>\t\t\t\t\t\t\t\t\t\t\t\t\t\t\t<\/div>\n\t\t\t\t<div class=\"elementor-element elementor-element-927c7fb elementor-widget elementor-widget-heading\" data-id=\"927c7fb\" data-element_type=\"widget\" data-e-type=\"widget\" data-widget_type=\"heading.default\">\n\t\t\t\t\t<h2 class=\"elementor-heading-title elementor-size-default\">Pourquoi Tinella Superfoods ?<\/h2>\t\t\t\t<\/div>\n\t\t\t\t<div class=\"elementor-element elementor-element-2804585 elementor-widget elementor-widget-text-editor\" data-id=\"2804585\" data-element_type=\"widget\" data-e-type=\"widget\" data-widget_type=\"text-editor.default\">\n\t\t\t\t\t\t\t\t\t<p class=\"body\" dir=\"auto\" data-pm-slice=\"1 1 []\"><span style=\"color: #000000;\">Pour de nombreux amateurs de sport et de nature, le pouvoir des solutions naturelles est une d\u00e9couverte pr\u00e9cieuse pour un mode de vie sain et actif. La recherche scientifique souligne les avantages uniques du gingembre dans ce contexte. Des \u00e9tudes montrent ainsi que les substances bioactives pr\u00e9sentes dans le gingembre, telles que le ging\u00e9rol, ont des <span style=\"text-decoration: underline;\"><span style=\"color: #99cc00;\"><strong><a style=\"color: #99cc00; text-decoration: underline;\" href=\"https:\/\/tinellasuperfoods.nl\/fr\/anti-inflammatoire\/\">propri\u00e9t\u00e9s anti-inflammatoires<\/a><\/strong><\/span><\/span> qui peuvent contribuer \u00e0 r\u00e9duire les douleurs musculaires et les inflammations apr\u00e8s un effort physique. En outre, des recherches ont montr\u00e9 que le gingembre offre un regain d&rsquo;\u00e9nergie naturel en am\u00e9liorant la circulation sanguine et en favorisant la digestion. Apr\u00e8s avoir longuement exp\u00e9riment\u00e9 diff\u00e9rents compl\u00e9ments alimentaires, le gingembre a \u00e9t\u00e9 reconnu comme une source unique d&rsquo;avantages. Ces connaissances scientifiquement fond\u00e9es ont servi de base \u00e0 Tinella, une marque qui se concentre sur la fourniture de compl\u00e9ments alimentaires biologiques \u00e0 base de gingembre de haute qualit\u00e9 afin d&rsquo;am\u00e9liorer les performances et d&rsquo;acc\u00e9l\u00e9rer la r\u00e9cup\u00e9ration.     <\/span><\/p>\t\t\t\t\t\t\t\t<\/div>\n\t\t\t\t<\/div>\n\t\t\t\t\t<\/div>\n\t\t\t\t<\/div>\n\t\t\t\t<\/div>\n\t\t","protected":false},"excerpt":{"rendered":"<p>Ce que nous d\u00e9fendons ! Votre partenaire en mati\u00e8re de sant\u00e9 naturelle Bienvenue chez Tinella, le sp\u00e9cialiste des produits de&#8230;<\/p>\n","protected":false},"author":1,"featured_media":0,"parent":0,"menu_order":0,"comment_status":"closed","ping_status":"closed","template":"elementor_header_footer","meta":{"_acf_changed":false,"footnotes":""},"class_list":["post-3315","page","type-page","status-publish","hentry"],"acf":[],"_links":{"self":[{"href":"https:\/\/tinellasuperfoods.nl\/fr\/wp-json\/wp\/v2\/pages\/3315","targetHints":{"allow":["GET"]}}],"collection":[{"href":"https:\/\/tinellasuperfoods.nl\/fr\/wp-json\/wp\/v2\/pages"}],"about":[{"href":"https:\/\/tinellasuperfoods.nl\/fr\/wp-json\/wp\/v2\/types\/page"}],"author":[{"embeddable":true,"href":"https:\/\/tinellasuperfoods.nl\/fr\/wp-json\/wp\/v2\/users\/1"}],"replies":[{"embeddable":true,"href":"https:\/\/tinellasuperfoods.nl\/fr\/wp-json\/wp\/v2\/comments?post=3315"}],"version-history":[{"count":5,"href":"https:\/\/tinellasuperfoods.nl\/fr\/wp-json\/wp\/v2\/pages\/3315\/revisions"}],"predecessor-version":[{"id":3696,"href":"https:\/\/tinellasuperfoods.nl\/fr\/wp-json\/wp\/v2\/pages\/3315\/revisions\/3696"}],"wp:attachment":[{"href":"https:\/\/tinellasuperfoods.nl\/fr\/wp-json\/wp\/v2\/media?parent=3315"}],"curies":[{"name":"wp","href":"https:\/\/api.w.org\/{rel}","templated":true}]}}