{"id":3287,"date":"2025-03-24T16:13:27","date_gmt":"2025-03-24T16:13:27","guid":{"rendered":"https:\/\/tinellasuperfoods.nl\/maison\/"},"modified":"2026-03-11T07:46:21","modified_gmt":"2026-03-11T07:46:21","slug":"maison","status":"publish","type":"page","link":"https:\/\/tinellasuperfoods.nl\/fr\/","title":{"rendered":"Accueil"},"content":{"rendered":"\t\t<div data-elementor-type=\"wp-page\" data-elementor-id=\"3287\" class=\"elementor elementor-3287 elementor-68\">\n\t\t\t\t<div class=\"elementor-element elementor-element-40a067e e-con-full e-flex e-con e-parent\" data-id=\"40a067e\" data-element_type=\"container\" data-e-type=\"container\" data-settings=\"{&quot;background_background&quot;:&quot;classic&quot;}\">\n\t\t\t\t<div class=\"elementor-element elementor-element-8920779 elementor-widget elementor-widget-heading\" data-id=\"8920779\" data-element_type=\"widget\" data-e-type=\"widget\" data-widget_type=\"heading.default\">\n\t\t\t\t\t<h2 class=\"elementor-heading-title elementor-size-default\">100 % biologique<\/h2>\t\t\t\t<\/div>\n\t\t\t\t<div class=\"elementor-element elementor-element-6a401bc elementor-hidden-mobile elementor-widget elementor-widget-image\" data-id=\"6a401bc\" data-element_type=\"widget\" data-e-type=\"widget\" data-widget_type=\"image.default\">\n\t\t\t\t\t\t\t\t\t\t\t\t\t\t\t<img fetchpriority=\"high\" decoding=\"async\" width=\"768\" height=\"103\" src=\"https:\/\/tinellasuperfoods.nl\/wp-content\/uploads\/2025\/03\/tinella-suoer-foods-header-768x103.png\" class=\"attachment-medium_large size-medium_large wp-image-3134\" alt=\"\" srcset=\"https:\/\/tinellasuperfoods.nl\/wp-content\/uploads\/2025\/03\/tinella-suoer-foods-header-768x103.png 768w, https:\/\/tinellasuperfoods.nl\/wp-content\/uploads\/2025\/03\/tinella-suoer-foods-header-300x40.png 300w, https:\/\/tinellasuperfoods.nl\/wp-content\/uploads\/2025\/03\/tinella-suoer-foods-header-600x80.png 600w, https:\/\/tinellasuperfoods.nl\/wp-content\/uploads\/2025\/03\/tinella-suoer-foods-header-1024x137.png 1024w, https:\/\/tinellasuperfoods.nl\/wp-content\/uploads\/2025\/03\/tinella-suoer-foods-header-1536x205.png 1536w, https:\/\/tinellasuperfoods.nl\/wp-content\/uploads\/2025\/03\/tinella-suoer-foods-header.png 1855w\" sizes=\"(max-width: 768px) 100vw, 768px\" \/>\t\t\t\t\t\t\t\t\t\t\t\t\t\t\t<\/div>\n\t\t\t\t<div class=\"elementor-element elementor-element-3348497 elementor-hidden-desktop elementor-hidden-laptop elementor-hidden-tablet elementor-widget elementor-widget-image\" data-id=\"3348497\" data-element_type=\"widget\" data-e-type=\"widget\" data-widget_type=\"image.default\">\n\t\t\t\t\t\t\t\t\t\t\t\t\t\t\t<img decoding=\"async\" width=\"768\" height=\"292\" src=\"https:\/\/tinellasuperfoods.nl\/wp-content\/uploads\/2025\/03\/tinellasuperfoods-onder-elkaar--768x292.png\" class=\"attachment-medium_large size-medium_large wp-image-3135\" alt=\"\" srcset=\"https:\/\/tinellasuperfoods.nl\/wp-content\/uploads\/2025\/03\/tinellasuperfoods-onder-elkaar--768x292.png 768w, https:\/\/tinellasuperfoods.nl\/wp-content\/uploads\/2025\/03\/tinellasuperfoods-onder-elkaar--300x114.png 300w, https:\/\/tinellasuperfoods.nl\/wp-content\/uploads\/2025\/03\/tinellasuperfoods-onder-elkaar--600x228.png 600w, https:\/\/tinellasuperfoods.nl\/wp-content\/uploads\/2025\/03\/tinellasuperfoods-onder-elkaar--1024x389.png 1024w, https:\/\/tinellasuperfoods.nl\/wp-content\/uploads\/2025\/03\/tinellasuperfoods-onder-elkaar-.png 1103w\" sizes=\"(max-width: 768px) 100vw, 768px\" \/>\t\t\t\t\t\t\t\t\t\t\t\t\t\t\t<\/div>\n\t\t\t\t<div class=\"elementor-element elementor-element-78885e5 elementor-widget elementor-widget-text-editor\" data-id=\"78885e5\" data-element_type=\"widget\" data-e-type=\"widget\" data-widget_type=\"text-editor.default\">\n\t\t\t\t\t\t\t\t\t<p>\u00ab Des g\u00e9lules de gingembre biologique de qualit\u00e9 sup\u00e9rieure, livr\u00e9es directement chez vous. \u00bb<\/p>\t\t\t\t\t\t\t\t<\/div>\n\t\t\t\t<div class=\"elementor-element elementor-element-125ecde elementor-align-center elementor-widget elementor-widget-button\" data-id=\"125ecde\" data-element_type=\"widget\" data-e-type=\"widget\" data-widget_type=\"button.default\">\n\t\t\t\t\t\t\t\t\t\t<a class=\"elementor-button elementor-button-link elementor-size-sm\" href=\"https:\/\/tinellasuperfoods.nl\/fr\/produit\/gelules-de-gingembre-tinella-120-unites\/\">\n\t\t\t\t\t\t<span class=\"elementor-button-content-wrapper\">\n\t\t\t\t\t\t\t\t\t<span class=\"elementor-button-text\">Commandez d\u00e8s maintenant !<\/span>\n\t\t\t\t\t<\/span>\n\t\t\t\t\t<\/a>\n\t\t\t\t\t\t\t\t<\/div>\n\t\t\t\t<\/div>\n\t\t<div class=\"elementor-element elementor-element-509da85 e-flex e-con-boxed e-con e-parent\" data-id=\"509da85\" data-element_type=\"container\" data-e-type=\"container\">\n\t\t\t\t\t<div class=\"e-con-inner\">\n\t\t\t\t<div class=\"elementor-element elementor-element-26b886e elementor-widget elementor-widget-heading\" data-id=\"26b886e\" data-element_type=\"widget\" data-e-type=\"widget\" data-widget_type=\"heading.default\">\n\t\t\t\t\t<h1 class=\"elementor-heading-title elementor-size-default\">Renforcez votre corps<\/h1>\t\t\t\t<\/div>\n\t\t\t\t<div class=\"elementor-element elementor-element-f32832d elementor-widget elementor-widget-text-editor\" data-id=\"f32832d\" data-element_type=\"widget\" data-e-type=\"widget\" data-widget_type=\"text-editor.default\">\n\t\t\t\t\t\t\t\t\t<h6><span style=\"font-weight: 400; color: #000000;\">Nos <span style=\"color: #99cc00;\"><a style=\"color: #99cc00;\" href=\"https:\/\/tinellasuperfoods.nl\/fr\/produit\/gelules-de-gingembre-tinella-120-unites\/\">g\u00e9lules de gingembre<\/a><\/span> biologique renforcent efficacement le syst\u00e8me immunitaire et les articulations, et aident votre corps \u00e0 se prot\u00e9ger naturellement.<\/span><\/h6>\t\t\t\t\t\t\t\t<\/div>\n\t\t\t\t\t<\/div>\n\t\t\t\t<\/div>\n\t\t<div class=\"elementor-element elementor-element-dae3398 e-flex e-con-boxed e-con e-parent\" data-id=\"dae3398\" data-element_type=\"container\" data-e-type=\"container\">\n\t\t\t\t\t<div class=\"e-con-inner\">\n\t\t<div class=\"elementor-element elementor-element-df28d98 e-con-full e-flex e-con e-child\" data-id=\"df28d98\" data-element_type=\"container\" data-e-type=\"container\">\n\t\t\t\t<div class=\"elementor-element elementor-element-f48c369 elementor-widget elementor-widget-image\" data-id=\"f48c369\" data-element_type=\"widget\" data-e-type=\"widget\" data-widget_type=\"image.default\">\n\t\t\t\t\t\t\t\t\t\t\t\t\t\t\t<img decoding=\"async\" width=\"1024\" height=\"1024\" src=\"https:\/\/tinellasuperfoods.nl\/wp-content\/uploads\/2025\/05\/natuurlijk-supplement-gember-gezondheid-1-1024x1024.webp\" class=\"attachment-large size-large wp-image-3133\" alt=\"la source des g\u00e9lules de gingembre biologique qui soutiennent et prot\u00e8gent naturellement le syst\u00e8me immunitaire et les articulations.\" srcset=\"https:\/\/tinellasuperfoods.nl\/wp-content\/uploads\/2025\/05\/natuurlijk-supplement-gember-gezondheid-1-1024x1024.webp 1024w, https:\/\/tinellasuperfoods.nl\/wp-content\/uploads\/2025\/05\/natuurlijk-supplement-gember-gezondheid-1-300x300.webp 300w, https:\/\/tinellasuperfoods.nl\/wp-content\/uploads\/2025\/05\/natuurlijk-supplement-gember-gezondheid-1-150x150.webp 150w, https:\/\/tinellasuperfoods.nl\/wp-content\/uploads\/2025\/05\/natuurlijk-supplement-gember-gezondheid-1-768x768.webp 768w, https:\/\/tinellasuperfoods.nl\/wp-content\/uploads\/2025\/05\/natuurlijk-supplement-gember-gezondheid-1-1536x1536.webp 1536w, https:\/\/tinellasuperfoods.nl\/wp-content\/uploads\/2025\/05\/natuurlijk-supplement-gember-gezondheid-1-12x12.webp 12w, https:\/\/tinellasuperfoods.nl\/wp-content\/uploads\/2025\/05\/natuurlijk-supplement-gember-gezondheid-1-600x600.webp 600w, https:\/\/tinellasuperfoods.nl\/wp-content\/uploads\/2025\/05\/natuurlijk-supplement-gember-gezondheid-1-100x100.webp 100w, https:\/\/tinellasuperfoods.nl\/wp-content\/uploads\/2025\/05\/natuurlijk-supplement-gember-gezondheid-1.webp 1920w\" sizes=\"(max-width: 1024px) 100vw, 1024px\" \/>\t\t\t\t\t\t\t\t\t\t\t\t\t\t\t<\/div>\n\t\t\t\t<div class=\"elementor-element elementor-element-cd435f9 elementor-widget elementor-widget-image\" data-id=\"cd435f9\" data-element_type=\"widget\" data-e-type=\"widget\" data-widget_type=\"image.default\">\n\t\t\t\t\t\t\t\t\t\t\t\t\t\t\t<img decoding=\"async\" src=\"https:\/\/tinellasuperfoods.nl\/wp-content\/uploads\/2025\/03\/test2-YBg7DQJkqatX061x.png\" title=\"\" alt=\"\" loading=\"lazy\" \/>\t\t\t\t\t\t\t\t\t\t\t\t\t\t\t<\/div>\n\t\t\t\t<div class=\"elementor-element elementor-element-62d8a5a elementor-align-center elementor-widget elementor-widget-button\" data-id=\"62d8a5a\" data-element_type=\"widget\" data-e-type=\"widget\" data-widget_type=\"button.default\">\n\t\t\t\t\t\t\t\t\t\t<a class=\"elementor-button elementor-button-link elementor-size-sm\" href=\"https:\/\/tinellasuperfoods.nl\/fr\/produit\/gelules-de-gingembre-tinella-120-unites\/\">\n\t\t\t\t\t\t<span class=\"elementor-button-content-wrapper\">\n\t\t\t\t\t\t\t\t\t<span class=\"elementor-button-text\">Commandez maintenant<\/span>\n\t\t\t\t\t<\/span>\n\t\t\t\t\t<\/a>\n\t\t\t\t\t\t\t\t<\/div>\n\t\t\t\t<\/div>\n\t\t<div class=\"elementor-element elementor-element-d1e5cba e-con-full e-flex e-con e-child\" data-id=\"d1e5cba\" data-element_type=\"container\" data-e-type=\"container\">\n\t\t<div class=\"elementor-element elementor-element-62d89e9 e-con-full e-flex e-con e-child\" data-id=\"62d89e9\" data-element_type=\"container\" data-e-type=\"container\">\n\t\t\t\t<div class=\"elementor-element elementor-element-32bdae6 elementor-widget elementor-widget-heading\" data-id=\"32bdae6\" data-element_type=\"widget\" data-e-type=\"widget\" data-widget_type=\"heading.default\">\n\t\t\t\t\t<h2 class=\"elementor-heading-title elementor-size-default\">Pr\u00e9vention du rhume et de la grippe<\/h2>\t\t\t\t<\/div>\n\t\t\t\t<div class=\"elementor-element elementor-element-3c11018 elementor-widget elementor-widget-text-editor\" data-id=\"3c11018\" data-element_type=\"widget\" data-e-type=\"widget\" data-widget_type=\"text-editor.default\">\n\t\t\t\t\t\t\t\t\t<p class=\"body\" dir=\"auto\" data-pm-slice=\"1 1 []\"><span style=\"color: #000000;\">Le gingembre renforce le syst\u00e8me immunitaire et aide \u00e0 r\u00e9duire le risque de rhume et de grippe.<\/span><\/p>\t\t\t\t\t\t\t\t<\/div>\n\t\t\t\t<div class=\"elementor-element elementor-element-0cce5dd elementor-widget elementor-widget-heading\" data-id=\"0cce5dd\" data-element_type=\"widget\" data-e-type=\"widget\" data-widget_type=\"heading.default\">\n\t\t\t\t\t<h2 class=\"elementor-heading-title elementor-size-default\">Am\u00e9lioration de la digestion<\/h2>\t\t\t\t<\/div>\n\t\t\t\t<div class=\"elementor-element elementor-element-1efbc16 elementor-widget elementor-widget-text-editor\" data-id=\"1efbc16\" data-element_type=\"widget\" data-e-type=\"widget\" data-widget_type=\"text-editor.default\">\n\t\t\t\t\t\t\t\t\t<p class=\"body\" dir=\"auto\" data-pm-slice=\"1 1 []\"><span style=\"color: #000000;\">Le gingembre est anti-inflammatoire et soulage les <span style=\"color: #99cc00;\"><a style=\"color: #99cc00;\" href=\"https:\/\/tinellasuperfoods.nl\/fr\/digestion\/\">troubles digestifs<\/a><\/span> tels que les ballonnements, les maux d&rsquo;estomac et les naus\u00e9es.<\/span><\/p>\t\t\t\t\t\t\t\t<\/div>\n\t\t\t\t<div class=\"elementor-element elementor-element-3a7a940 elementor-widget elementor-widget-heading\" data-id=\"3a7a940\" data-element_type=\"widget\" data-e-type=\"widget\" data-widget_type=\"heading.default\">\n\t\t\t\t\t<h2 class=\"elementor-heading-title elementor-size-default\">Acc\u00e9l\u00e8re la gu\u00e9rison des blessures et am\u00e9liore la sant\u00e9 des articulations<\/h2>\t\t\t\t<\/div>\n\t\t\t\t<div class=\"elementor-element elementor-element-a979f37 elementor-widget elementor-widget-text-editor\" data-id=\"a979f37\" data-element_type=\"widget\" data-e-type=\"widget\" data-widget_type=\"text-editor.default\">\n\t\t\t\t\t\t\t\t\t<p class=\"body\" dir=\"auto\" data-pm-slice=\"1 1 []\"><span style=\"color: #000000;\">Le gingembre acc\u00e9l\u00e8re la gu\u00e9rison des blessures, r\u00e9duit la douleur et la raideur li\u00e9es \u00e0 l&rsquo;arthrite et favorise naturellement la sant\u00e9 des articulations.<\/span><\/p>\t\t\t\t\t\t\t\t<\/div>\n\t\t\t\t<div class=\"elementor-element elementor-element-5430396 elementor-widget elementor-widget-heading\" data-id=\"5430396\" data-element_type=\"widget\" data-e-type=\"widget\" data-widget_type=\"heading.default\">\n\t\t\t\t\t<h2 class=\"elementor-heading-title elementor-size-default\">Beaucoup plus d'\u00e9nergie <\/h2>\t\t\t\t<\/div>\n\t\t\t\t<div class=\"elementor-element elementor-element-cafd3b9 elementor-widget elementor-widget-text-editor\" data-id=\"cafd3b9\" data-element_type=\"widget\" data-e-type=\"widget\" data-widget_type=\"text-editor.default\">\n\t\t\t\t\t\t\t\t\t<p class=\"body\" dir=\"auto\" data-pm-slice=\"1 1 []\"><span style=\"color: #000000;\">Le gingembre augmente l&rsquo;\u00e9nergie en am\u00e9liorant la circulation sanguine, en acc\u00e9l\u00e9rant le m\u00e9tabolisme, en facilitant la digestion, <span style=\"color: #99cc00;\"><a style=\"color: #99cc00;\" href=\"https:\/\/www.tandfonline.com\/doi\/full\/10.1080\/10408391003624848\" target=\"_blank\" rel=\"noopener\">en r\u00e9duisant l&rsquo;inflammation<\/a><\/span> et en soulageant le stress. Votre corps fonctionne ainsi plus efficacement, ce qui se traduit par un regain d&rsquo;\u00e9nergie et une diminution de la fatigue. <\/span><\/p>\t\t\t\t\t\t\t\t<\/div>\n\t\t\t\t<\/div>\n\t\t\t\t<\/div>\n\t\t\t\t\t<\/div>\n\t\t\t\t<\/div>\n\t\t<div class=\"elementor-element elementor-element-322d055 e-flex e-con-boxed e-con e-parent\" data-id=\"322d055\" data-element_type=\"container\" data-e-type=\"container\" data-settings=\"{&quot;background_background&quot;:&quot;classic&quot;}\">\n\t\t\t\t\t<div class=\"e-con-inner\">\n\t\t\t\t<div class=\"elementor-element elementor-element-38bb764 elementor-widget elementor-widget-heading\" data-id=\"38bb764\" data-element_type=\"widget\" data-e-type=\"widget\" data-widget_type=\"heading.default\">\n\t\t\t\t\t<h2 class=\"elementor-heading-title elementor-size-default\"><a href=\"https:\/\/tinellasuperfoods.nl\/fr\/liste-des-produits\/\">Garantie de satisfaction de 30 jours\n<\/a><\/h2>\t\t\t\t<\/div>\n\t\t\t\t<div class=\"elementor-element elementor-element-6716bcf elementor-widget elementor-widget-text-editor\" data-id=\"6716bcf\" data-element_type=\"widget\" data-e-type=\"widget\" data-widget_type=\"text-editor.default\">\n\t\t\t\t\t\t\t\t\t<p class=\"body\" dir=\"auto\" data-pm-slice=\"1 1 []\">Si vous n&rsquo;\u00eates pas enti\u00e8rement satisfait dans les 30 premiers jours, renvoyez-nous simplement le produit et nous vous rembourserons int\u00e9gralement. Ne vous inqui\u00e9tez pas pour les frais de retour, nous les prenons en charge ! <\/p>\t\t\t\t\t\t\t\t<\/div>\n\t\t<div class=\"elementor-element elementor-element-7ca6081 e-con-full e-flex e-con e-child\" data-id=\"7ca6081\" data-element_type=\"container\" data-e-type=\"container\">\n\t\t\t\t<div class=\"elementor-element elementor-element-7fee192 elementor-view-default elementor-widget elementor-widget-icon\" data-id=\"7fee192\" data-element_type=\"widget\" data-e-type=\"widget\" data-widget_type=\"icon.default\">\n\t\t\t\t\t\t\t<div class=\"elementor-icon-wrapper\">\n\t\t\t<div class=\"elementor-icon\">\n\t\t\t<i aria-hidden=\"true\" class=\"jki jki-return-light\"><\/i>\t\t\t<\/div>\n\t\t<\/div>\n\t\t\t\t\t\t<\/div>\n\t\t\t\t<div class=\"elementor-element elementor-element-fa7ffc9 elementor-view-default elementor-widget elementor-widget-icon\" data-id=\"fa7ffc9\" data-element_type=\"widget\" data-e-type=\"widget\" data-widget_type=\"icon.default\">\n\t\t\t\t\t\t\t<div class=\"elementor-icon-wrapper\">\n\t\t\t<div class=\"elementor-icon\">\n\t\t\t<i aria-hidden=\"true\" class=\"jki jki-package-line\"><\/i>\t\t\t<\/div>\n\t\t<\/div>\n\t\t\t\t\t\t<\/div>\n\t\t\t\t<\/div>\n\t\t\t\t\t<\/div>\n\t\t\t\t<\/div>\n\t\t<div class=\"elementor-element elementor-element-808b3db e-flex e-con-boxed e-con e-parent\" data-id=\"808b3db\" data-element_type=\"container\" data-e-type=\"container\" data-settings=\"{&quot;background_background&quot;:&quot;classic&quot;}\">\n\t\t\t\t\t<div class=\"e-con-inner\">\n\t\t<div class=\"elementor-element elementor-element-79ae24a e-con-full e-flex e-con e-child\" data-id=\"79ae24a\" data-element_type=\"container\" data-e-type=\"container\">\n\t\t\t\t<div class=\"elementor-element elementor-element-194b463 elementor-widget elementor-widget-bdt-contact-form\" data-id=\"194b463\" data-element_type=\"widget\" data-e-type=\"widget\" data-widget_type=\"bdt-contact-form.default\">\n\t\t\t\t\t\t\t<div class=\"bdt-contact-form bdt-contact-form-skin-default\">\n\t\t\t<div class=\"elementor-form-fields-wrapper\">\n\t\t\t\t\t\t<div class=\"bdt-contact-form-wrapper\">\n\t\t\t<form class=\"bdt-contact-form-form bdt-form-stacked bdt-grid bdt-grid-small without-recaptcha\" data-bdt-grid=\"\" action=\"https:\/\/tinellasuperfoods.nl\/wp-admin\/admin-ajax.php\" method=\"post\">\n\n\t\t\t\t\n\t\t\t\t\t<div class=\"bdt-field-group elementor-field-required bdt-width-1-1\">\n\t\t\t\t\t\t<label for=\"user_name194b463\" class=\"bdt-form-label\">Nom*<\/label><div class=\"bdt-form-controls\"><input type=\"text\" name=\"name\" id=\"user_name194b463\" placeholder=\"Votre nom\" class=\"bdt-input bdt-form-default\" required =\"required\"><\/div>\t\t\t\t\t<\/div>\n\n\t\t\t\t\t<div class=\"bdt-field-group elementor-field-required bdt-width-1-1\">\n\t\t\t\t\t\t<label for=\"email194b463\" class=\"bdt-form-label\">E-mail*<\/label><div class=\"bdt-form-controls\"><input type=\"email\" name=\"email\" id=\"email194b463\" placeholder=\"exemple@email.com\" class=\"bdt-input bdt-form-default\" required=\"required\"><\/div>\t\t\t\t\t<\/div>\n\n\t\t\t\t\t\n\t\t\t\t\t\n\t\t\t\t\t\n\t\t\t\t\t\n\t\t\t\t\t\n\n\t\t\t\t\t\n\t\t\t\t\t\n\t\t\t\t\t<input type=\"hidden\" class=\"widget_id\" name=\"widget_id\" value=\"194b463\" \/>\n\t\t\t\t\t<input type=\"hidden\" name=\"bdt-sf-194b463\" value=\"true\" \/>\n\t\t\t\t\t<input type=\"hidden\" class=\"page_id\" name=\"page_id\" value=\"3287\" \/>\n\n\t\t\t\t\t<div class=\"elementor-field-type-submit bdt-field-group bdt-flex bdt-width-1-1\">\n\t\t\t\t\t\t<button type=\"submit\" class=\"elementor-button bdt-button bdt-button-primary\" name=\"submit\">\n\t\t\t\t\t\t\t\t\t\t\t\t\t\t\t<span>\n\t\t\t\t\t\t\t\t\tEnvoyer\t\t\t\t\t\t\t\t<\/span>\n\t\t\t\t\t\t\t\t\t\t\t\t\t<\/button>\n\t\t\t\t\t<\/div>\n\n\t\t\t\t\t<input name=\"_wpnonce\" value=\"fd5d8d8ed6\" type=\"hidden\">\n\t\t\t\t\t\n\t\t\t\t\t\t\t\t\t\t\t<input type=\"hidden\" name=\"custom_success_message\" value=\"Hoi [name], Geweldig dat je op de hoogte wilt blijven van het laatste nieuws van Tinella!\" \/>\t\t\t\t\t\t\n\t\t\t\t\t\t\t\t\t\t\n\n\t\t\t\t\t<input type=\"hidden\" name=\"action\" value=\"element_pack_contact_form\" \/>\n\n\t\t\t\t\t\n\t\t\t<\/form>\n\t\t<\/div>\n\t\t\t\t\t<\/div>\n\t\t<\/div>\n\t\t\t\t\t\t<\/div>\n\t\t\t\t<\/div>\n\t\t\t\t\t<\/div>\n\t\t\t\t<\/div>\n\t\t<div class=\"elementor-element elementor-element-ef7c291 e-flex e-con-boxed e-con e-parent\" data-id=\"ef7c291\" data-element_type=\"container\" data-e-type=\"container\">\n\t\t\t\t\t<div class=\"e-con-inner\">\n\t\t<div class=\"elementor-element elementor-element-a4f405c e-con-full e-flex e-con e-child\" data-id=\"a4f405c\" data-element_type=\"container\" data-e-type=\"container\">\n\t\t\t\t<div class=\"elementor-element elementor-element-c5da807 elementor-widget elementor-widget-video\" data-id=\"c5da807\" data-element_type=\"widget\" data-e-type=\"widget\" data-settings=\"{&quot;video_type&quot;:&quot;vimeo&quot;,&quot;autoplay&quot;:&quot;yes&quot;,&quot;play_on_mobile&quot;:&quot;yes&quot;,&quot;mute&quot;:&quot;yes&quot;,&quot;loop&quot;:&quot;yes&quot;,&quot;yt_privacy&quot;:&quot;yes&quot;}\" data-widget_type=\"video.default\">\n\t\t\t\t\t\t\t<div class=\"elementor-wrapper elementor-open-inline\">\n\t\t\t<iframe class=\"elementor-video-iframe\" allowfullscreen allow=\"autoplay\" title=\"Lecteur vid\u00e9o vimeo\" src=\"https:\/\/player.vimeo.com\/video\/1144079404?autoplay=1&amp;playsinline=1&amp;color&amp;autopause=0&amp;dnt=true&amp;loop=1&amp;muted=1&amp;title=1&amp;portrait=1&amp;byline=1#t=\"><\/iframe>\t\t<\/div>\n\t\t\t\t\t\t<\/div>\n\t\t\t\t<\/div>\n\t\t<div class=\"elementor-element elementor-element-d4cb2cc e-con-full e-flex e-con e-child\" data-id=\"d4cb2cc\" data-element_type=\"container\" data-e-type=\"container\">\n\t\t<div class=\"elementor-element elementor-element-6df89d3 e-con-full e-flex e-con e-child\" data-id=\"6df89d3\" data-element_type=\"container\" data-e-type=\"container\">\n\t\t\t\t<div class=\"elementor-element elementor-element-b9a8a58 elementor-widget elementor-widget-heading\" data-id=\"b9a8a58\" data-element_type=\"widget\" data-e-type=\"widget\" data-widget_type=\"heading.default\">\n\t\t\t\t\t<h2 class=\"elementor-heading-title elementor-size-default\">Renforcer sa r\u00e9sistance n'a jamais \u00e9t\u00e9 aussi simple.<\/h2>\t\t\t\t<\/div>\n\t\t\t\t<\/div>\n\t\t\t\t<\/div>\n\t\t\t\t\t<\/div>\n\t\t\t\t<\/div>\n\t\t<div class=\"elementor-element elementor-element-e9609d5 e-flex e-con-boxed e-con e-parent\" data-id=\"e9609d5\" data-element_type=\"container\" data-e-type=\"container\">\n\t\t\t\t\t<div class=\"e-con-inner\">\n\t\t\t\t\t<\/div>\n\t\t\t\t<\/div>\n\t\t\t\t<\/div>\n\t\t","protected":false},"excerpt":{"rendered":"<p>100 % biologique \u00ab Des g\u00e9lules de gingembre biologique de qualit\u00e9 sup\u00e9rieure, livr\u00e9es directement chez vous. \u00bb Commandez d\u00e8s maintenant&#8230;<\/p>\n","protected":false},"author":1,"featured_media":0,"parent":0,"menu_order":0,"comment_status":"closed","ping_status":"closed","template":"elementor_header_footer","meta":{"_acf_changed":false,"footnotes":""},"class_list":["post-3287","page","type-page","status-publish","hentry"],"acf":[],"_links":{"self":[{"href":"https:\/\/tinellasuperfoods.nl\/fr\/wp-json\/wp\/v2\/pages\/3287","targetHints":{"allow":["GET"]}}],"collection":[{"href":"https:\/\/tinellasuperfoods.nl\/fr\/wp-json\/wp\/v2\/pages"}],"about":[{"href":"https:\/\/tinellasuperfoods.nl\/fr\/wp-json\/wp\/v2\/types\/page"}],"author":[{"embeddable":true,"href":"https:\/\/tinellasuperfoods.nl\/fr\/wp-json\/wp\/v2\/users\/1"}],"replies":[{"embeddable":true,"href":"https:\/\/tinellasuperfoods.nl\/fr\/wp-json\/wp\/v2\/comments?post=3287"}],"version-history":[{"count":8,"href":"https:\/\/tinellasuperfoods.nl\/fr\/wp-json\/wp\/v2\/pages\/3287\/revisions"}],"predecessor-version":[{"id":3830,"href":"https:\/\/tinellasuperfoods.nl\/fr\/wp-json\/wp\/v2\/pages\/3287\/revisions\/3830"}],"wp:attachment":[{"href":"https:\/\/tinellasuperfoods.nl\/fr\/wp-json\/wp\/v2\/media?parent=3287"}],"curies":[{"name":"wp","href":"https:\/\/api.w.org\/{rel}","templated":true}]}}