{"id":3262,"date":"2025-03-24T16:47:47","date_gmt":"2025-03-24T16:47:47","guid":{"rendered":"https:\/\/tinellasuperfoods.nl\/paiements-et-livraison\/"},"modified":"2026-03-09T07:01:00","modified_gmt":"2026-03-09T07:01:00","slug":"paiements-et-livraison","status":"publish","type":"page","link":"https:\/\/tinellasuperfoods.nl\/fr\/paiements-et-livraison\/","title":{"rendered":"Paiements et livraison"},"content":{"rendered":"\t\t<div data-elementor-type=\"wp-page\" data-elementor-id=\"3262\" class=\"elementor elementor-3262 elementor-157\">\n\t\t\t\t<div class=\"elementor-element elementor-element-f3fbec1 e-flex e-con-boxed e-con e-parent\" data-id=\"f3fbec1\" data-element_type=\"container\" data-e-type=\"container\">\n\t\t\t\t\t<div class=\"e-con-inner\">\n\t\t<div class=\"elementor-element elementor-element-ccc194b e-con-full e-flex e-con e-child\" data-id=\"ccc194b\" data-element_type=\"container\" data-e-type=\"container\">\n\t\t\t\t<div class=\"elementor-element elementor-element-ac5d04d elementor-widget elementor-widget-heading\" data-id=\"ac5d04d\" data-element_type=\"widget\" data-e-type=\"widget\" data-widget_type=\"heading.default\">\n\t\t\t\t\t<h2 class=\"elementor-heading-title elementor-size-default\">Livrer<\/h2>\t\t\t\t<\/div>\n\t\t\t\t<div class=\"elementor-element elementor-element-f6cf052 elementor-widget elementor-widget-text-editor\" data-id=\"f6cf052\" data-element_type=\"widget\" data-e-type=\"widget\" data-widget_type=\"text-editor.default\">\n\t\t\t\t\t\t\t\t\t<p><span style=\"color: #000000;\"><b>Comment puis-je passer commande ?<\/b><span style=\"font-weight: 400;\"><br><\/span><span style=\"font-weight: 400;\">Commander chez Tinella Superfoods est facile et peut se faire de plusieurs fa\u00e7ons :<\/span><\/span><\/p><ol><li style=\"font-weight: 400;\" aria-level=\"1\"><span style=\"color: #000000;\"><b>Sur notre site web,<\/b><br>ajoutez les produits et les quantit\u00e9s souhait\u00e9es \u00e0 votre panier. Pour chaque produit, vous pouvez continuer vos achats ou finaliser votre commande imm\u00e9diatement. Vous pouvez modifier votre commande lors du paiement. Vous pouvez cr\u00e9er un compte pour vos prochaines commandes, mais ce n&rsquo;est pas obligatoire.<\/span><\/li><li style=\"font-weight: 400;\" aria-level=\"1\"><span style=\"color: #000000;\"><b>Confirmation de commande<\/b><br><span style=\"font-weight: 400;\">Apr\u00e8s avoir finalis\u00e9 votre commande, vous recevrez imm\u00e9diatement un e-mail de confirmation.<\/span><\/span><\/li><\/ol><p><span style=\"color: #000000;\"><b>Ai-je besoin d&rsquo;un compte pour commander ?<\/b><br><span style=\"font-weight: 400;\">Non, vous pouvez aussi commander en tant qu&rsquo;invit\u00e9. La cr\u00e9ation d&rsquo;un compte est facultative et permet de passer des commandes plus rapidement par la suite.<\/span><\/span><\/p>\t\t\t\t\t\t\t\t<\/div>\n\t\t\t\t<\/div>\n\t\t<div class=\"elementor-element elementor-element-0c155eb e-con-full e-flex e-con e-child\" data-id=\"0c155eb\" data-element_type=\"container\" data-e-type=\"container\">\n\t\t\t\t<div class=\"elementor-element elementor-element-6eb074c elementor-widget elementor-widget-heading\" data-id=\"6eb074c\" data-element_type=\"widget\" data-e-type=\"widget\" data-widget_type=\"heading.default\">\n\t\t\t\t\t<h2 class=\"elementor-heading-title elementor-size-default\">Payer<\/h2>\t\t\t\t<\/div>\n\t\t\t\t<div class=\"elementor-element elementor-element-9571e34 elementor-widget elementor-widget-text-editor\" data-id=\"9571e34\" data-element_type=\"widget\" data-e-type=\"widget\" data-widget_type=\"text-editor.default\">\n\t\t\t\t\t\t\t\t\t<p><span style=\"color: #000000;\"><b>Quelles sont les options de paiement disponibles ?<\/b><span style=\"font-weight: 400;\"><br><\/span><span style=\"font-weight: 400;\">Chez Tinella Superfoods, vous pouvez utiliser les modes de paiement suivants :<\/span><\/span><\/p><ul><li style=\"font-weight: 400;\" aria-level=\"1\"><span style=\"color: #000000;\"><strong>id\u00e9al<\/strong><\/span><\/li><li style=\"font-weight: 400;\" aria-level=\"1\"><span style=\"color: #000000;\"><strong>PayPal<\/strong><\/span><\/li><\/ul><p><span style=\"color: #000000;\"><b>Les prix sont-ils TTC ou HT ?<\/b><br><span style=\"font-weight: 400;\">Tous nos prix<\/span> <b>sont TTC<\/b>, <span style=\"font-weight: 400;\">sauf indication contraire.<\/span><\/span><\/p><p><span style=\"color: #000000;\"><b> <\/b><\/span><\/p><p><b style=\"color: #000000;\">Quels sont les frais de livraison ?<\/b><\/p><p><span style=\"color: #000000;\">Nous exp\u00e9dions actuellement nos produits Tinella aux Pays-Bas, en Belgique, en Allemagne et en France. Afin de garantir une livraison rapide et fiable avec suivi, nous appliquons les tarifs suivants : <\/span><\/p><ul><li><span style=\"color: #000000;\"><strong>Pays-Bas<\/strong> : 4,95 \u20ac (Livraison gratuite \u00e0 partir de 39 \u20ac)<\/span><\/li><li><span style=\"color: #000000;\"><strong>Belgique<\/strong> : 9,95 \u20ac (Livraison gratuite \u00e0 partir de 39 \u20ac)<\/span><\/li><li><span style=\"color: #000000;\"><strong>Allemagne et France<\/strong> : 12,50 \u20ac (Livraison gratuite \u00e0 partir de 75 \u20ac)<\/span><\/li><\/ul><p><span style=\"color: #000000;\"><strong> <\/strong><\/span><\/p><p><span style=\"color: #000000;\"><strong>Des diminutions plus importantes<\/strong><\/span><\/p><p><span style=\"color: #000000;\">Vous souhaitez acheter des produits Tinella en plus grande quantit\u00e9 pour votre cabinet ou votre entreprise ? N\u2019h\u00e9sitez pas \u00e0 nous contacter \u00e0 l\u2019adresse <a style=\"color: #000000;\" href=\"mailto:info@tinellasuperfoods.nl\">info@tinellasuperfoods.nl<\/a> pour une offre personnalis\u00e9e. <\/span><\/p><p> <\/p>\t\t\t\t\t\t\t\t<\/div>\n\t\t\t\t<\/div>\n\t\t\t\t\t<\/div>\n\t\t\t\t<\/div>\n\t\t\t\t<\/div>\n\t\t","protected":false},"excerpt":{"rendered":"<p>Livrer Comment puis-je passer commande ?Commander chez Tinella Superfoods est facile et peut se faire de plusieurs fa\u00e7ons : Sur&#8230;<\/p>\n","protected":false},"author":1,"featured_media":0,"parent":0,"menu_order":0,"comment_status":"closed","ping_status":"closed","template":"","meta":{"_acf_changed":false,"footnotes":""},"class_list":["post-3262","page","type-page","status-publish","hentry"],"acf":[],"_links":{"self":[{"href":"https:\/\/tinellasuperfoods.nl\/fr\/wp-json\/wp\/v2\/pages\/3262","targetHints":{"allow":["GET"]}}],"collection":[{"href":"https:\/\/tinellasuperfoods.nl\/fr\/wp-json\/wp\/v2\/pages"}],"about":[{"href":"https:\/\/tinellasuperfoods.nl\/fr\/wp-json\/wp\/v2\/types\/page"}],"author":[{"embeddable":true,"href":"https:\/\/tinellasuperfoods.nl\/fr\/wp-json\/wp\/v2\/users\/1"}],"replies":[{"embeddable":true,"href":"https:\/\/tinellasuperfoods.nl\/fr\/wp-json\/wp\/v2\/comments?post=3262"}],"version-history":[{"count":3,"href":"https:\/\/tinellasuperfoods.nl\/fr\/wp-json\/wp\/v2\/pages\/3262\/revisions"}],"predecessor-version":[{"id":3628,"href":"https:\/\/tinellasuperfoods.nl\/fr\/wp-json\/wp\/v2\/pages\/3262\/revisions\/3628"}],"wp:attachment":[{"href":"https:\/\/tinellasuperfoods.nl\/fr\/wp-json\/wp\/v2\/media?parent=3262"}],"curies":[{"name":"wp","href":"https:\/\/api.w.org\/{rel}","templated":true}]}}