{"id":3243,"date":"2025-03-24T16:47:45","date_gmt":"2025-03-24T16:47:45","guid":{"rendered":"https:\/\/tinellasuperfoods.nl\/anti-inflammatoire\/"},"modified":"2026-03-09T07:16:15","modified_gmt":"2026-03-09T07:16:15","slug":"anti-inflammatoire","status":"publish","type":"page","link":"https:\/\/tinellasuperfoods.nl\/fr\/anti-inflammatoire\/","title":{"rendered":"Anti-inflammatoire"},"content":{"rendered":"\t\t<div data-elementor-type=\"wp-page\" data-elementor-id=\"3243\" class=\"elementor elementor-3243 elementor-134\">\n\t\t\t\t<div class=\"elementor-element elementor-element-4292010 e-con-full e-flex e-con e-parent\" data-id=\"4292010\" data-element_type=\"container\" data-e-type=\"container\">\n\t\t\t\t<div class=\"elementor-element elementor-element-32a9593 elementor-widget__width-initial elementor-widget-laptop__width-initial elementor-widget-tablet__width-initial elementor-widget-mobile__width-initial elementor-widget elementor-widget-heading\" data-id=\"32a9593\" data-element_type=\"widget\" data-e-type=\"widget\" data-widget_type=\"heading.default\">\n\t\t\t\t\t<h1 class=\"elementor-heading-title elementor-size-default\">Anti-inflammatoire naturel aux nombreux bienfaits pour la sant\u00e9<\/h1>\t\t\t\t<\/div>\n\t\t\t\t<\/div>\n\t\t<div class=\"elementor-element elementor-element-dc37b59 e-flex e-con-boxed e-con e-parent\" data-id=\"dc37b59\" data-element_type=\"container\" data-e-type=\"container\">\n\t\t\t\t\t<div class=\"e-con-inner\">\n\t\t<div class=\"elementor-element elementor-element-8c0b1a6 e-con-full e-flex e-con e-child\" data-id=\"8c0b1a6\" data-element_type=\"container\" data-e-type=\"container\">\n\t\t\t\t<div class=\"elementor-element elementor-element-3126a1c elementor-widget-laptop__width-initial elementor-widget-tablet__width-initial elementor-widget-mobile__width-initial elementor-widget elementor-widget-text-editor\" data-id=\"3126a1c\" data-element_type=\"widget\" data-e-type=\"widget\" data-widget_type=\"text-editor.default\">\n\t\t\t\t\t\t\t\t\t<p class=\"body\" dir=\"auto\" data-pm-slice=\"1 1 []\"><span style=\"color: #000000;\">Le gingembre est reconnu pour ses puissantes<a style=\"color: #99cc00;\" href=\"https:\/\/www.tandfonline.com\/doi\/full\/10.1080\/10408391003624848\" target=\"_blank\" rel=\"noopener\"> propri\u00e9t\u00e9s anti-inflammatoires naturelles<\/a> et soulage divers probl\u00e8mes de sant\u00e9. Nos <a style=\"color: #99cc00;\" href=\"https:\/\/tinellasuperfoods.nl\/fr\/produit\/gelules-de-gingembre-tinella-120-unites\/\" target=\"_self\" rel=\"\" data-page-id=\"zKn3FD\">g\u00e9lules de gingembre biologique<\/a> peuvent constituer un compl\u00e9ment naturel et pr\u00e9cieux \u00e0 votre routine de bien-\u00eatre. <\/span><\/p><p class=\"body\" dir=\"auto\"> <\/p>\t\t\t\t\t\t\t\t<\/div>\n\t\t\t\t<\/div>\n\t\t<div class=\"elementor-element elementor-element-8909fcd e-con-full e-flex e-con e-child\" data-id=\"8909fcd\" data-element_type=\"container\" data-e-type=\"container\">\n\t\t\t\t<div class=\"elementor-element elementor-element-3d34318 elementor-widget-laptop__width-initial elementor-widget elementor-widget-image\" data-id=\"3d34318\" data-element_type=\"widget\" data-e-type=\"widget\" data-widget_type=\"image.default\">\n\t\t\t\t\t\t\t\t\t\t\t\t\t\t\t<img fetchpriority=\"high\" decoding=\"async\" width=\"1024\" height=\"1024\" src=\"https:\/\/tinellasuperfoods.nl\/wp-content\/uploads\/2025\/05\/pure-gemberwortel-extract-tinella-1-1024x1024.webp\" class=\"attachment-large size-large wp-image-3241\" alt=\"Il est scientifiquement prouv\u00e9 que les compl\u00e9ments alimentaires \u00e0 base de gingembre biologique de Tinella apportent \u00e9nergie, r\u00e9cup\u00e9ration et bienfaits anti-inflammatoires aux athl\u00e8tes et aux amoureux de la nature.\" srcset=\"https:\/\/tinellasuperfoods.nl\/wp-content\/uploads\/2025\/05\/pure-gemberwortel-extract-tinella-1-1024x1024.webp 1024w, https:\/\/tinellasuperfoods.nl\/wp-content\/uploads\/2025\/05\/pure-gemberwortel-extract-tinella-1-300x300.webp 300w, https:\/\/tinellasuperfoods.nl\/wp-content\/uploads\/2025\/05\/pure-gemberwortel-extract-tinella-1-150x150.webp 150w, https:\/\/tinellasuperfoods.nl\/wp-content\/uploads\/2025\/05\/pure-gemberwortel-extract-tinella-1-768x768.webp 768w, https:\/\/tinellasuperfoods.nl\/wp-content\/uploads\/2025\/05\/pure-gemberwortel-extract-tinella-1-1536x1536.webp 1536w, https:\/\/tinellasuperfoods.nl\/wp-content\/uploads\/2025\/05\/pure-gemberwortel-extract-tinella-1-12x12.webp 12w, https:\/\/tinellasuperfoods.nl\/wp-content\/uploads\/2025\/05\/pure-gemberwortel-extract-tinella-1-600x600.webp 600w, https:\/\/tinellasuperfoods.nl\/wp-content\/uploads\/2025\/05\/pure-gemberwortel-extract-tinella-1-100x100.webp 100w, https:\/\/tinellasuperfoods.nl\/wp-content\/uploads\/2025\/05\/pure-gemberwortel-extract-tinella-1.webp 1920w\" sizes=\"(max-width: 1024px) 100vw, 1024px\" \/>\t\t\t\t\t\t\t\t\t\t\t\t\t\t\t<\/div>\n\t\t\t\t<\/div>\n\t\t\t\t\t<\/div>\n\t\t\t\t<\/div>\n\t\t<div class=\"elementor-element elementor-element-c58b4d9 e-flex e-con-boxed e-con e-parent\" data-id=\"c58b4d9\" data-element_type=\"container\" data-e-type=\"container\">\n\t\t\t\t\t<div class=\"e-con-inner\">\n\t\t\t\t<div class=\"elementor-element elementor-element-31ee48e elementor-widget elementor-widget-heading\" data-id=\"31ee48e\" data-element_type=\"widget\" data-e-type=\"widget\" data-widget_type=\"heading.default\">\n\t\t\t\t\t<h2 class=\"elementor-heading-title elementor-size-default\">Soulagement des sympt\u00f4mes de l'arthrite<\/h2>\t\t\t\t<\/div>\n\t\t\t\t<div class=\"elementor-element elementor-element-4f600ac elementor-widget elementor-widget-text-editor\" data-id=\"4f600ac\" data-element_type=\"widget\" data-e-type=\"widget\" data-widget_type=\"text-editor.default\">\n\t\t\t\t\t\t\t\t\t<p><span style=\"color: #000000;\">Le gingembre poss\u00e8de des propri\u00e9t\u00e9s anti-inflammatoires naturelles et peut contribuer \u00e0 r\u00e9duire la douleur et la raideur articulaires, am\u00e9liorant ainsi la mobilit\u00e9 et la qualit\u00e9 de vie des personnes souffrant d&rsquo;arthrite. C&rsquo;est pourquoi le gingembre est un excellent choix pour quiconque recherche un soutien naturel pour la sant\u00e9 de ses articulations. <\/span><\/p>\t\t\t\t\t\t\t\t<\/div>\n\t\t\t\t<div class=\"elementor-element elementor-element-bceb9cd elementor-widget elementor-widget-heading\" data-id=\"bceb9cd\" data-element_type=\"widget\" data-e-type=\"widget\" data-widget_type=\"heading.default\">\n\t\t\t\t\t<h2 class=\"elementor-heading-title elementor-size-default\">R\u00e9cup\u00e9ration acc\u00e9l\u00e9r\u00e9e apr\u00e8s les blessures<\/h2>\t\t\t\t<\/div>\n\t\t\t\t<div class=\"elementor-element elementor-element-9887454 elementor-widget elementor-widget-text-editor\" data-id=\"9887454\" data-element_type=\"widget\" data-e-type=\"widget\" data-widget_type=\"text-editor.default\">\n\t\t\t\t\t\t\t\t\t<p class=\"body\" dir=\"auto\" data-pm-slice=\"1 1 []\"><span style=\"color: #000000;\">Les propri\u00e9t\u00e9s anti-inflammatoires du gingembre favorisent la gu\u00e9rison des blessures telles que les foulures, les contusions et les luxations. Le gingembre r\u00e9duit l&rsquo;inflammation et acc\u00e9l\u00e8re le processus de cicatrisation, ce qui en fait un alli\u00e9 pr\u00e9cieux pour les athl\u00e8tes et les personnes actives. <\/span><\/p>\t\t\t\t\t\t\t\t<\/div>\n\t\t\t\t\t<\/div>\n\t\t\t\t<\/div>\n\t\t<div class=\"elementor-element elementor-element-5600a82 e-con-full e-flex e-con e-parent\" data-id=\"5600a82\" data-element_type=\"container\" data-e-type=\"container\">\n\t\t<div class=\"elementor-element elementor-element-c86b5aa e-con-full e-flex e-con e-child\" data-id=\"c86b5aa\" data-element_type=\"container\" data-e-type=\"container\">\n\t\t\t\t<div class=\"elementor-element elementor-element-b77f949 elementor-widget elementor-widget-image\" data-id=\"b77f949\" data-element_type=\"widget\" data-e-type=\"widget\" data-widget_type=\"image.default\">\n\t\t\t\t\t\t\t\t\t\t\t\t\t\t\t<img decoding=\"async\" width=\"1707\" height=\"2560\" src=\"https:\/\/tinellasuperfoods.nl\/wp-content\/uploads\/2025\/04\/photo-1584056866693-1f9d42e9feb6-scaled.jpg\" class=\"attachment-full size-full wp-image-3242\" alt=\"D\u00e9couvrez les nombreux bienfaits des g\u00e9lules de gingembre biologique, notamment la r\u00e9cup\u00e9ration apr\u00e8s une blessure, la r\u00e9duction des \u00e9ruptions cutan\u00e9es et de l&#039;ecz\u00e9ma, l&#039;am\u00e9lioration de la digestion et le renforcement du syst\u00e8me immunitaire.\" srcset=\"https:\/\/tinellasuperfoods.nl\/wp-content\/uploads\/2025\/04\/photo-1584056866693-1f9d42e9feb6-scaled.jpg 1707w, https:\/\/tinellasuperfoods.nl\/wp-content\/uploads\/2025\/04\/photo-1584056866693-1f9d42e9feb6-scaled-300x450.jpg 300w, https:\/\/tinellasuperfoods.nl\/wp-content\/uploads\/2025\/04\/photo-1584056866693-1f9d42e9feb6-scaled-600x900.jpg 600w, https:\/\/tinellasuperfoods.nl\/wp-content\/uploads\/2025\/04\/photo-1584056866693-1f9d42e9feb6-200x300.jpg 200w, https:\/\/tinellasuperfoods.nl\/wp-content\/uploads\/2025\/04\/photo-1584056866693-1f9d42e9feb6-683x1024.jpg 683w, https:\/\/tinellasuperfoods.nl\/wp-content\/uploads\/2025\/04\/photo-1584056866693-1f9d42e9feb6-768x1152.jpg 768w, https:\/\/tinellasuperfoods.nl\/wp-content\/uploads\/2025\/04\/photo-1584056866693-1f9d42e9feb6-1024x1536.jpg 1024w, https:\/\/tinellasuperfoods.nl\/wp-content\/uploads\/2025\/04\/photo-1584056866693-1f9d42e9feb6-1365x2048.jpg 1365w\" sizes=\"(max-width: 1707px) 100vw, 1707px\" \/>\t\t\t\t\t\t\t\t\t\t\t\t\t\t\t<\/div>\n\t\t\t\t<\/div>\n\t\t<div class=\"elementor-element elementor-element-f40dfba e-con-full e-flex e-con e-child\" data-id=\"f40dfba\" data-element_type=\"container\" data-e-type=\"container\">\n\t\t\t\t<div class=\"elementor-element elementor-element-1633abd elementor-widget elementor-widget-heading\" data-id=\"1633abd\" data-element_type=\"widget\" data-e-type=\"widget\" data-widget_type=\"heading.default\">\n\t\t\t\t\t<h2 class=\"elementor-heading-title elementor-size-default\">R\u00e9duction des \u00e9ruptions cutan\u00e9es et de l'ecz\u00e9ma<\/h2>\t\t\t\t<\/div>\n\t\t\t\t<div class=\"elementor-element elementor-element-0e5b02d elementor-widget elementor-widget-text-editor\" data-id=\"0e5b02d\" data-element_type=\"widget\" data-e-type=\"widget\" data-widget_type=\"text-editor.default\">\n\t\t\t\t\t\t\t\t\t<p class=\"body\" dir=\"auto\" data-pm-slice=\"1 1 []\"><span style=\"color: #000000;\">Des \u00e9tudes montrent que le gingembre peut contribuer \u00e0 r\u00e9duire les rougeurs et les gonflements li\u00e9s \u00e0 des affections cutan\u00e9es comme<a style=\"color: #99cc00;\" href=\"https:\/\/pubmed.ncbi.nlm.nih.gov\/20418184\/\" target=\"_blank\" rel=\"noopener\"> l&rsquo;ecz\u00e9ma.<\/a> En int\u00e9grant r\u00e9guli\u00e8rement le gingembre \u00e0 votre alimentation ou en choisissant nos g\u00e9lules de gingembre, vous pouvez prendre soin de votre peau de l&rsquo;int\u00e9rieur et favoriser un teint plus sain et \u00e9clatant.<\/span><\/p><p class=\"body\" dir=\"auto\"> <\/p>\t\t\t\t\t\t\t\t<\/div>\n\t\t\t\t<div class=\"elementor-element elementor-element-3d0dbbc elementor-widget elementor-widget-heading\" data-id=\"3d0dbbc\" data-element_type=\"widget\" data-e-type=\"widget\" data-widget_type=\"heading.default\">\n\t\t\t\t\t<h2 class=\"elementor-heading-title elementor-size-default\">Am\u00e9lioration de la digestion<\/h2>\t\t\t\t<\/div>\n\t\t\t\t<div class=\"elementor-element elementor-element-e6cd09c elementor-widget elementor-widget-text-editor\" data-id=\"e6cd09c\" data-element_type=\"widget\" data-e-type=\"widget\" data-widget_type=\"text-editor.default\">\n\t\t\t\t\t\t\t\t\t<p class=\"body\" dir=\"auto\" data-pm-slice=\"1 1 []\"><span style=\"color: #000000;\">Outre ses propri\u00e9t\u00e9s anti-inflammatoires, le gingembre est \u00e9galement reconnu pour favoriser la digestion. Il peut contribuer \u00e0 att\u00e9nuer des sympt\u00f4mes tels que les ballonnements, les douleurs d&rsquo;estomac et les naus\u00e9es. Ces bienfaits font du gingembre un excellent choix pour les personnes ayant une digestion sensible ou des <a style=\"color: #99cc00;\" href=\"https:\/\/pubmed.ncbi.nlm.nih.gov\/23612703\/\" target=\"_blank\" rel=\"noopener\">troubles digestifs.<\/a>  <\/span><\/p>\t\t\t\t\t\t\t\t<\/div>\n\t\t\t\t<div class=\"elementor-element elementor-element-1c11cfb elementor-widget elementor-widget-heading\" data-id=\"1c11cfb\" data-element_type=\"widget\" data-e-type=\"widget\" data-widget_type=\"heading.default\">\n\t\t\t\t\t<h2 class=\"elementor-heading-title elementor-size-default\">Un coup de pouce pour le syst\u00e8me immunitaire<\/h2>\t\t\t\t<\/div>\n\t\t\t\t<div class=\"elementor-element elementor-element-da0680e elementor-widget elementor-widget-text-editor\" data-id=\"da0680e\" data-element_type=\"widget\" data-e-type=\"widget\" data-widget_type=\"text-editor.default\">\n\t\t\t\t\t\t\t\t\t<p class=\"body\" dir=\"auto\" data-pm-slice=\"1 1 []\"><span style=\"color: #000000;\">Le gingembre contient des antioxydants qui renforcent le syst\u00e8me immunitaire et aident \u00e0 prot\u00e9ger l&rsquo;organisme des radicaux libres. Une consommation r\u00e9guli\u00e8re de gingembre peut stimuler votre r\u00e9sistance et mieux vous prot\u00e9ger contre les rhumes et la grippe. Prendre des g\u00e9lules de gingembre bio est un moyen simple de profiter de ces bienfaits, surtout en hiver.  <\/span><\/p>\t\t\t\t\t\t\t\t<\/div>\n\t\t\t\t<\/div>\n\t\t\t\t<\/div>\n\t\t\t\t<\/div>\n\t\t","protected":false},"excerpt":{"rendered":"<p>Anti-inflammatoire naturel aux nombreux bienfaits pour la sant\u00e9 Le gingembre est reconnu pour ses puissantes propri\u00e9t\u00e9s anti-inflammatoires naturelles et soulage&#8230;<\/p>\n","protected":false},"author":1,"featured_media":0,"parent":0,"menu_order":0,"comment_status":"closed","ping_status":"closed","template":"elementor_header_footer","meta":{"_acf_changed":false,"footnotes":""},"class_list":["post-3243","page","type-page","status-publish","hentry"],"acf":[],"_links":{"self":[{"href":"https:\/\/tinellasuperfoods.nl\/fr\/wp-json\/wp\/v2\/pages\/3243","targetHints":{"allow":["GET"]}}],"collection":[{"href":"https:\/\/tinellasuperfoods.nl\/fr\/wp-json\/wp\/v2\/pages"}],"about":[{"href":"https:\/\/tinellasuperfoods.nl\/fr\/wp-json\/wp\/v2\/types\/page"}],"author":[{"embeddable":true,"href":"https:\/\/tinellasuperfoods.nl\/fr\/wp-json\/wp\/v2\/users\/1"}],"replies":[{"embeddable":true,"href":"https:\/\/tinellasuperfoods.nl\/fr\/wp-json\/wp\/v2\/comments?post=3243"}],"version-history":[{"count":3,"href":"https:\/\/tinellasuperfoods.nl\/fr\/wp-json\/wp\/v2\/pages\/3243\/revisions"}],"predecessor-version":[{"id":3670,"href":"https:\/\/tinellasuperfoods.nl\/fr\/wp-json\/wp\/v2\/pages\/3243\/revisions\/3670"}],"wp:attachment":[{"href":"https:\/\/tinellasuperfoods.nl\/fr\/wp-json\/wp\/v2\/media?parent=3243"}],"curies":[{"name":"wp","href":"https:\/\/api.w.org\/{rel}","templated":true}]}}