{"id":3181,"date":"2025-03-24T16:47:45","date_gmt":"2025-03-24T16:47:45","guid":{"rendered":"https:\/\/tinellasuperfoods.nl\/6-conseils-pour-les-athletes\/"},"modified":"2026-03-09T10:30:01","modified_gmt":"2026-03-09T10:30:01","slug":"6-conseils-pour-les-athletes","status":"publish","type":"page","link":"https:\/\/tinellasuperfoods.nl\/fr\/6-conseils-pour-les-athletes\/","title":{"rendered":"6 conseils pour les sportifs"},"content":{"rendered":"\t\t<div data-elementor-type=\"wp-page\" data-elementor-id=\"3181\" class=\"elementor elementor-3181 elementor-140\">\n\t\t\t\t<div class=\"elementor-element elementor-element-5433ca5 e-flex e-con-boxed e-con e-parent\" data-id=\"5433ca5\" data-element_type=\"container\" data-e-type=\"container\">\n\t\t\t\t\t<div class=\"e-con-inner\">\n\t\t\t\t<div class=\"elementor-element elementor-element-8dffd00 elementor-widget__width-initial elementor-widget-laptop__width-initial elementor-widget-tablet__width-initial elementor-widget elementor-widget-heading\" data-id=\"8dffd00\" data-element_type=\"widget\" data-e-type=\"widget\" data-widget_type=\"heading.default\">\n\t\t\t\t\t<h1 class=\"elementor-heading-title elementor-size-default\">6 conseils indispensables pour les sportifs<\/h1>\t\t\t\t<\/div>\n\t\t\t\t\t<\/div>\n\t\t\t\t<\/div>\n\t\t<div class=\"elementor-element elementor-element-45dd24d e-flex e-con-boxed e-con e-parent\" data-id=\"45dd24d\" data-element_type=\"container\" data-e-type=\"container\">\n\t\t\t\t\t<div class=\"e-con-inner\">\n\t\t<div class=\"elementor-element elementor-element-8481bd8 e-con-full e-flex e-con e-child\" data-id=\"8481bd8\" data-element_type=\"container\" data-e-type=\"container\">\n\t\t\t\t<div class=\"elementor-element elementor-element-89b4d45 elementor-widget__width-initial elementor-widget-tablet__width-initial elementor-widget-mobile__width-initial elementor-widget elementor-widget-heading\" data-id=\"89b4d45\" data-element_type=\"widget\" data-e-type=\"widget\" data-widget_type=\"heading.default\">\n\t\t\t\t\t<h2 class=\"elementor-heading-title elementor-size-default\">1. \u00c9nergie et endurance avant votre entra\u00eenement<\/h2>\t\t\t\t<\/div>\n\t\t\t\t<div class=\"elementor-element elementor-element-e45987c elementor-widget elementor-widget-text-editor\" data-id=\"e45987c\" data-element_type=\"widget\" data-e-type=\"widget\" data-widget_type=\"text-editor.default\">\n\t\t\t\t\t\t\t\t\t<p dir=\"auto\" data-pm-slice=\"1 1 []\"><span style=\"color: #000000;\">Le gingembre stimule la circulation sanguine, ce qui am\u00e9liore l&rsquo;apport en oxyg\u00e8ne et en nutriments \u00e0 vos muscles. Prenez une<\/span> <span style=\"color: #000000;\"><span style=\"color: #99cc00;\"><u><a style=\"color: #99cc00;\" href=\"https:\/\/tinellasuperfoods.nl\/fr\/produit\/gelules-de-gingembre-tinella-120-unites\/\">capsule de gingembre biologique <\/a><\/u><\/span><\/span><span style=\"color: #000000;\">environ 30 minutes avant votre entra\u00eenement pour b\u00e9n\u00e9ficier d&rsquo;un regain d&rsquo;\u00e9nergie naturel, r\u00e9duire la fatigue et am\u00e9liorer votre concentration. Cela vous aidera \u00e0 maximiser vos performances et \u00e0 pr\u00e9parer votre corps de mani\u00e8re optimale \u00e0 un effort intense.<\/span><br><br>Traduit avec DeepL.com (version gratuite)<\/p><p class=\"body\" dir=\"auto\" data-pm-slice=\"1 1 []\"> <\/p>\t\t\t\t\t\t\t\t<\/div>\n\t\t\t\t<div class=\"elementor-element elementor-element-2219fab elementor-widget__width-initial elementor-widget-tablet__width-initial elementor-widget-mobile__width-initial elementor-widget elementor-widget-heading\" data-id=\"2219fab\" data-element_type=\"widget\" data-e-type=\"widget\" data-widget_type=\"heading.default\">\n\t\t\t\t\t<h2 class=\"elementor-heading-title elementor-size-default\">2. R\u00e9cup\u00e9ration musculaire acc\u00e9l\u00e9r\u00e9e apr\u00e8s l'entra\u00eenement<\/h2>\t\t\t\t<\/div>\n\t\t\t\t<div class=\"elementor-element elementor-element-323ad6e elementor-widget elementor-widget-text-editor\" data-id=\"323ad6e\" data-element_type=\"widget\" data-e-type=\"widget\" data-widget_type=\"text-editor.default\">\n\t\t\t\t\t\t\t\t\t<p><span style=\"color: #000000;\">Apr\u00e8s un effort intense, les fibres musculaires peuvent \u00eatre endommag\u00e9es, ce qui entra\u00eene des douleurs et des raideurs. Le<\/span> <span style=\"text-decoration: underline;\"><span style=\"color: #99cc00;\"><strong><a style=\"color: #99cc00; text-decoration: underline;\" href=\"https:\/\/www.tandfonline.com\/doi\/full\/10.1080\/10408398.2022.2124951\" target=\"_blank\" rel=\"noopener\">ging\u00e9rol<\/a><\/strong><\/span><\/span>, <span style=\"color: #000000;\">substance active pr\u00e9sente dans le gingembre, r\u00e9duit l&rsquo;inflammation et acc\u00e9l\u00e8re le processus de gu\u00e9rison. Cela favorise non seulement une r\u00e9cup\u00e9ration plus rapide des douleurs musculaires, mais aide \u00e9galement \u00e0 gu\u00e9rir efficacement les blessures telles que les \u00e9longations, les contusions et les luxations. Dites adieu aux longues p\u00e9riodes de r\u00e9cup\u00e9ration et soyez pr\u00eat \u00e0 reprendre l&rsquo;action plus rapidement.<\/span><\/p>\t\t\t\t\t\t\t\t<\/div>\n\t\t\t\t<div class=\"elementor-element elementor-element-a53fbd8 elementor-widget__width-initial elementor-widget-tablet__width-initial elementor-widget-mobile__width-initial elementor-widget elementor-widget-heading\" data-id=\"a53fbd8\" data-element_type=\"widget\" data-e-type=\"widget\" data-widget_type=\"heading.default\">\n\t\t\t\t\t<h2 class=\"elementor-heading-title elementor-size-default\">3. Immunit\u00e9 renforc\u00e9e sous pression<\/h2>\t\t\t\t<\/div>\n\t\t\t\t<div class=\"elementor-element elementor-element-69578b8 elementor-widget elementor-widget-text-editor\" data-id=\"69578b8\" data-element_type=\"widget\" data-e-type=\"widget\" data-widget_type=\"text-editor.default\">\n\t\t\t\t\t\t\t\t\t<p class=\"body\" dir=\"auto\" data-pm-slice=\"1 1 []\"><span style=\"color: #000000;\">Les entra\u00eenements intensifs peuvent affaiblir votre syst\u00e8me immunitaire. Le gingembre, riche en antioxydants, aide \u00e0 renforcer vos d\u00e9fenses immunitaires et prot\u00e8ge votre corps contre les infections et les effets du stress. Une dose quotidienne de gingembre vous permet de rester en pleine forme et r\u00e9duit le risque de maladie, ce qui vous permet de vous entra\u00eener r\u00e9guli\u00e8rement.  <\/span><\/p>\t\t\t\t\t\t\t\t<\/div>\n\t\t\t\t<\/div>\n\t\t<div class=\"elementor-element elementor-element-82bb665 e-con-full e-flex e-con e-child\" data-id=\"82bb665\" data-element_type=\"container\" data-e-type=\"container\">\n\t\t\t\t<div class=\"elementor-element elementor-element-6fe8065 elementor-hidden-mobile elementor-widget elementor-widget-image\" data-id=\"6fe8065\" data-element_type=\"widget\" data-e-type=\"widget\" data-widget_type=\"image.default\">\n\t\t\t\t\t\t\t\t\t\t\t\t\t\t\t<img fetchpriority=\"high\" decoding=\"async\" width=\"1024\" height=\"1024\" src=\"https:\/\/tinellasuperfoods.nl\/wp-content\/uploads\/2025\/04\/WhatsApp-Image-2025-03-31-at-23.16.38-1-1024x1024.jpeg\" class=\"attachment-large size-large wp-image-3177\" alt=\"6 conseils indispensables pour les sportifs\" srcset=\"https:\/\/tinellasuperfoods.nl\/wp-content\/uploads\/2025\/04\/WhatsApp-Image-2025-03-31-at-23.16.38-1-1024x1024.jpeg 1024w, https:\/\/tinellasuperfoods.nl\/wp-content\/uploads\/2025\/04\/WhatsApp-Image-2025-03-31-at-23.16.38-1-300x300.jpeg 300w, https:\/\/tinellasuperfoods.nl\/wp-content\/uploads\/2025\/04\/WhatsApp-Image-2025-03-31-at-23.16.38-1-100x100.jpeg 100w, https:\/\/tinellasuperfoods.nl\/wp-content\/uploads\/2025\/04\/WhatsApp-Image-2025-03-31-at-23.16.38-1-600x600.jpeg 600w, https:\/\/tinellasuperfoods.nl\/wp-content\/uploads\/2025\/04\/WhatsApp-Image-2025-03-31-at-23.16.38-1-150x150.jpeg 150w, https:\/\/tinellasuperfoods.nl\/wp-content\/uploads\/2025\/04\/WhatsApp-Image-2025-03-31-at-23.16.38-1-768x768.jpeg 768w, https:\/\/tinellasuperfoods.nl\/wp-content\/uploads\/2025\/04\/WhatsApp-Image-2025-03-31-at-23.16.38-1-1536x1536.jpeg 1536w, https:\/\/tinellasuperfoods.nl\/wp-content\/uploads\/2025\/04\/WhatsApp-Image-2025-03-31-at-23.16.38-1.jpeg 1600w\" sizes=\"(max-width: 1024px) 100vw, 1024px\" \/>\t\t\t\t\t\t\t\t\t\t\t\t\t\t\t<\/div>\n\t\t\t\t<\/div>\n\t\t\t\t\t<\/div>\n\t\t\t\t<\/div>\n\t\t<div class=\"elementor-element elementor-element-8c8b07a e-flex e-con-boxed e-con e-parent\" data-id=\"8c8b07a\" data-element_type=\"container\" data-e-type=\"container\">\n\t\t\t\t\t<div class=\"e-con-inner\">\n\t\t<div class=\"elementor-element elementor-element-0f46dc5 e-con-full e-flex e-con e-child\" data-id=\"0f46dc5\" data-element_type=\"container\" data-e-type=\"container\">\n\t\t\t\t<div class=\"elementor-element elementor-element-1eea82c elementor-widget elementor-widget-image\" data-id=\"1eea82c\" data-element_type=\"widget\" data-e-type=\"widget\" data-widget_type=\"image.default\">\n\t\t\t\t\t\t\t\t\t\t\t\t\t\t\t<img decoding=\"async\" width=\"1024\" height=\"1024\" src=\"https:\/\/tinellasuperfoods.nl\/wp-content\/uploads\/2025\/05\/Versterk-je-immuniteit-met-dagelijkse-gemberinname-1024x1024.png\" class=\"attachment-large size-large wp-image-3178\" alt=\"Renforcez votre immunit\u00e9 gr\u00e2ce \u00e0 une consommation quotidienne de gingembre\" srcset=\"https:\/\/tinellasuperfoods.nl\/wp-content\/uploads\/2025\/05\/Versterk-je-immuniteit-met-dagelijkse-gemberinname-1024x1024.png 1024w, https:\/\/tinellasuperfoods.nl\/wp-content\/uploads\/2025\/05\/Versterk-je-immuniteit-met-dagelijkse-gemberinname-300x300.png 300w, https:\/\/tinellasuperfoods.nl\/wp-content\/uploads\/2025\/05\/Versterk-je-immuniteit-met-dagelijkse-gemberinname-150x150.png 150w, https:\/\/tinellasuperfoods.nl\/wp-content\/uploads\/2025\/05\/Versterk-je-immuniteit-met-dagelijkse-gemberinname-768x768.png 768w, https:\/\/tinellasuperfoods.nl\/wp-content\/uploads\/2025\/05\/Versterk-je-immuniteit-met-dagelijkse-gemberinname-1536x1536.png 1536w, https:\/\/tinellasuperfoods.nl\/wp-content\/uploads\/2025\/05\/Versterk-je-immuniteit-met-dagelijkse-gemberinname-12x12.png 12w, https:\/\/tinellasuperfoods.nl\/wp-content\/uploads\/2025\/05\/Versterk-je-immuniteit-met-dagelijkse-gemberinname-600x600.png 600w, https:\/\/tinellasuperfoods.nl\/wp-content\/uploads\/2025\/05\/Versterk-je-immuniteit-met-dagelijkse-gemberinname-100x100.png 100w, https:\/\/tinellasuperfoods.nl\/wp-content\/uploads\/2025\/05\/Versterk-je-immuniteit-met-dagelijkse-gemberinname.png 2000w\" sizes=\"(max-width: 1024px) 100vw, 1024px\" \/>\t\t\t\t\t\t\t\t\t\t\t\t\t\t\t<\/div>\n\t\t\t\t<\/div>\n\t\t<div class=\"elementor-element elementor-element-7b4aca5 e-con-full e-flex e-con e-child\" data-id=\"7b4aca5\" data-element_type=\"container\" data-e-type=\"container\">\n\t\t\t\t<div class=\"elementor-element elementor-element-bac7bc8 elementor-widget__width-initial elementor-widget-tablet__width-initial elementor-widget-mobile__width-initial elementor-widget elementor-widget-heading\" data-id=\"bac7bc8\" data-element_type=\"widget\" data-e-type=\"widget\" data-widget_type=\"heading.default\">\n\t\t\t\t\t<h2 class=\"elementor-heading-title elementor-size-default\">4. Am\u00e9lioration de la digestion et de l'absorption des nutriments<\/h2>\t\t\t\t<\/div>\n\t\t\t\t<div class=\"elementor-element elementor-element-43d8436 elementor-widget elementor-widget-text-editor\" data-id=\"43d8436\" data-element_type=\"widget\" data-e-type=\"widget\" data-widget_type=\"text-editor.default\">\n\t\t\t\t\t\t\t\t\t<p class=\"body\" dir=\"auto\" data-pm-slice=\"1 1 []\"><span style=\"color: #000000;\">Une digestion efficace est cruciale pour les athl\u00e8tes. Le gingembre stimule la digestion, ce qui permet une meilleure absorption des nutriments essentiels contenus dans votre alimentation. Cela est essentiel pour les r\u00e9serves d&rsquo;\u00e9nergie et le d\u00e9veloppement musculaire. De plus, le gingembre peut r\u00e9duire les naus\u00e9es, ce qui est id\u00e9al pour les athl\u00e8tes sensibles aux troubles gastriques apr\u00e8s un effort intense.   <\/span><\/p>\t\t\t\t\t\t\t\t<\/div>\n\t\t\t\t<div class=\"elementor-element elementor-element-3f16543 elementor-hidden-desktop elementor-hidden-laptop elementor-hidden-tablet elementor-widget elementor-widget-image\" data-id=\"3f16543\" data-element_type=\"widget\" data-e-type=\"widget\" data-widget_type=\"image.default\">\n\t\t\t\t\t\t\t\t\t\t\t\t\t\t\t<img fetchpriority=\"high\" decoding=\"async\" width=\"1024\" height=\"1024\" src=\"https:\/\/tinellasuperfoods.nl\/wp-content\/uploads\/2025\/04\/WhatsApp-Image-2025-03-31-at-23.16.38-1-1024x1024.jpeg\" class=\"attachment-large size-large wp-image-3177\" alt=\"6 conseils indispensables pour les sportifs\" srcset=\"https:\/\/tinellasuperfoods.nl\/wp-content\/uploads\/2025\/04\/WhatsApp-Image-2025-03-31-at-23.16.38-1-1024x1024.jpeg 1024w, https:\/\/tinellasuperfoods.nl\/wp-content\/uploads\/2025\/04\/WhatsApp-Image-2025-03-31-at-23.16.38-1-300x300.jpeg 300w, https:\/\/tinellasuperfoods.nl\/wp-content\/uploads\/2025\/04\/WhatsApp-Image-2025-03-31-at-23.16.38-1-100x100.jpeg 100w, https:\/\/tinellasuperfoods.nl\/wp-content\/uploads\/2025\/04\/WhatsApp-Image-2025-03-31-at-23.16.38-1-600x600.jpeg 600w, https:\/\/tinellasuperfoods.nl\/wp-content\/uploads\/2025\/04\/WhatsApp-Image-2025-03-31-at-23.16.38-1-150x150.jpeg 150w, https:\/\/tinellasuperfoods.nl\/wp-content\/uploads\/2025\/04\/WhatsApp-Image-2025-03-31-at-23.16.38-1-768x768.jpeg 768w, https:\/\/tinellasuperfoods.nl\/wp-content\/uploads\/2025\/04\/WhatsApp-Image-2025-03-31-at-23.16.38-1-1536x1536.jpeg 1536w, https:\/\/tinellasuperfoods.nl\/wp-content\/uploads\/2025\/04\/WhatsApp-Image-2025-03-31-at-23.16.38-1.jpeg 1600w\" sizes=\"(max-width: 1024px) 100vw, 1024px\" \/>\t\t\t\t\t\t\t\t\t\t\t\t\t\t\t<\/div>\n\t\t\t\t<div class=\"elementor-element elementor-element-cc7ae44 elementor-widget__width-initial elementor-widget-tablet__width-initial elementor-widget-mobile__width-initial elementor-widget elementor-widget-heading\" data-id=\"cc7ae44\" data-element_type=\"widget\" data-e-type=\"widget\" data-widget_type=\"heading.default\">\n\t\t\t\t\t<h2 class=\"elementor-heading-title elementor-size-default\">5. Soulagement naturel et efficace de la douleur<\/h2>\t\t\t\t<\/div>\n\t\t\t\t<div class=\"elementor-element elementor-element-6559d4c elementor-widget elementor-widget-text-editor\" data-id=\"6559d4c\" data-element_type=\"widget\" data-e-type=\"widget\" data-widget_type=\"text-editor.default\">\n\t\t\t\t\t\t\t\t\t<p dir=\"auto\" data-pm-slice=\"1 1 []\"><span style=\"color: #000000;\">Qu&rsquo;il s&rsquo;agisse de douleurs chroniques telles que les maux de dos et de cou, l&rsquo;arthrite ou les crampes menstruelles douloureuses, le gingembre agit comme un<\/span> <span style=\"text-decoration: underline;\"><span style=\"color: #99cc00; text-decoration: underline;\"><a style=\"color: #99cc00; text-decoration: underline;\" href=\"https:\/\/tinellasuperfoods.nl\/fr\/pourquoi-ginger\/\">analg\u00e9sique naturel<\/a><\/span><\/span>. <span style=\"color: #000000;\">Il aide \u00e0 r\u00e9duire l&rsquo;intensit\u00e9 de la douleur, sans les effets secondaires des m\u00e9dicaments synth\u00e9tiques, ce qui contribue \u00e0 am\u00e9liorer le confort et la mobilit\u00e9.<\/span><\/p><p class=\"body\" dir=\"auto\" data-pm-slice=\"1 1 []\"> <\/p>\t\t\t\t\t\t\t\t<\/div>\n\t\t\t\t<div class=\"elementor-element elementor-element-e683ae4 elementor-widget__width-initial elementor-widget-tablet__width-initial elementor-widget-mobile__width-initial elementor-widget elementor-widget-heading\" data-id=\"e683ae4\" data-element_type=\"widget\" data-e-type=\"widget\" data-widget_type=\"heading.default\">\n\t\t\t\t\t<h2 class=\"elementor-heading-title elementor-size-default\">6. R\u00e9gulation de la glyc\u00e9mie et sant\u00e9 cardiovasculaire<\/h2>\t\t\t\t<\/div>\n\t\t\t\t<div class=\"elementor-element elementor-element-7960784 elementor-widget elementor-widget-text-editor\" data-id=\"7960784\" data-element_type=\"widget\" data-e-type=\"widget\" data-widget_type=\"text-editor.default\">\n\t\t\t\t\t\t\t\t\t<p dir=\"auto\" data-pm-slice=\"1 1 []\"><span style=\"color: #000000;\">Le gingembre peut aider \u00e0 r\u00e9guler la glyc\u00e9mie, ce qui est essentiel pour maintenir un niveau d&rsquo;\u00e9nergie constant tout au long de la journ\u00e9e. De plus, une consommation r\u00e9guli\u00e8re contribue \u00e0 am\u00e9liorer la sant\u00e9 cardiaque et la tension art\u00e9rielle, deux facteurs cruciaux pour la condition cardiovasculaire de tout sportif et pour votre sant\u00e9 g\u00e9n\u00e9rale. <\/span><\/p>\t\t\t\t\t\t\t\t<\/div>\n\t\t\t\t<div class=\"elementor-element elementor-element-e92e316 elementor-widget__width-initial elementor-widget-tablet__width-initial elementor-widget-mobile__width-initial elementor-widget elementor-widget-heading\" data-id=\"e92e316\" data-element_type=\"widget\" data-e-type=\"widget\" data-widget_type=\"heading.default\">\n\t\t\t\t\t<h2 class=\"elementor-heading-title elementor-size-default\">7. Facile \u00e0 int\u00e9grer dans votre routine quotidienne<\/h2>\t\t\t\t<\/div>\n\t\t\t\t<div class=\"elementor-element elementor-element-3624718 elementor-widget elementor-widget-text-editor\" data-id=\"3624718\" data-element_type=\"widget\" data-e-type=\"widget\" data-widget_type=\"text-editor.default\">\n\t\t\t\t\t\t\t\t\t<p dir=\"auto\" data-pm-slice=\"1 1 []\"><span style=\"color: #000000;\">Nos g\u00e9lules de gingembre biologique vous permettent de profiter sans effort de tous ces bienfaits. Vous pouvez facilement les ajouter \u00e0 votre routine quotidienne de compl\u00e9ments alimentaires. Pour les aventuriers culinaires, le gingembre est \u00e9galement d\u00e9licieux dans les th\u00e9s, les smoothies, les saut\u00e9s ou les marinades, ce qui vous permet de profiter de ses bienfaits pour la sant\u00e9 de diff\u00e9rentes mani\u00e8res.  <\/span><\/p>\t\t\t\t\t\t\t\t<\/div>\n\t\t\t\t<\/div>\n\t\t\t\t\t<\/div>\n\t\t\t\t<\/div>\n\t\t\t\t<\/div>\n\t\t","protected":false},"excerpt":{"rendered":"<p>6 conseils indispensables pour les sportifs 1. \u00c9nergie et endurance avant votre entra\u00eenement Le gingembre stimule la circulation sanguine, ce&#8230;<\/p>\n","protected":false},"author":1,"featured_media":0,"parent":0,"menu_order":0,"comment_status":"closed","ping_status":"closed","template":"elementor_header_footer","meta":{"_acf_changed":false,"footnotes":""},"class_list":["post-3181","page","type-page","status-publish","hentry"],"acf":[],"_links":{"self":[{"href":"https:\/\/tinellasuperfoods.nl\/fr\/wp-json\/wp\/v2\/pages\/3181","targetHints":{"allow":["GET"]}}],"collection":[{"href":"https:\/\/tinellasuperfoods.nl\/fr\/wp-json\/wp\/v2\/pages"}],"about":[{"href":"https:\/\/tinellasuperfoods.nl\/fr\/wp-json\/wp\/v2\/types\/page"}],"author":[{"embeddable":true,"href":"https:\/\/tinellasuperfoods.nl\/fr\/wp-json\/wp\/v2\/users\/1"}],"replies":[{"embeddable":true,"href":"https:\/\/tinellasuperfoods.nl\/fr\/wp-json\/wp\/v2\/comments?post=3181"}],"version-history":[{"count":13,"href":"https:\/\/tinellasuperfoods.nl\/fr\/wp-json\/wp\/v2\/pages\/3181\/revisions"}],"predecessor-version":[{"id":3734,"href":"https:\/\/tinellasuperfoods.nl\/fr\/wp-json\/wp\/v2\/pages\/3181\/revisions\/3734"}],"wp:attachment":[{"href":"https:\/\/tinellasuperfoods.nl\/fr\/wp-json\/wp\/v2\/media?parent=3181"}],"curies":[{"name":"wp","href":"https:\/\/api.w.org\/{rel}","templated":true}]}}