{"id":3101,"date":"2025-03-24T15:57:53","date_gmt":"2025-03-24T15:57:53","guid":{"rendered":"https:\/\/tinellasuperfoods.nl\/product\/ingwerkapseln-tinella-120-stueck\/"},"modified":"2026-03-16T18:44:54","modified_gmt":"2026-03-16T18:44:54","slug":"ingwerkapseln-tinella-120-stueck","status":"publish","type":"product","link":"https:\/\/tinellasuperfoods.nl\/de\/produkt\/ingwerkapseln-tinella-120-stueck\/","title":{"rendered":"Ingwerkapseln Tinella, 120 St\u00fcck"},"content":{"rendered":"<p><strong>120 g\u00e9lules de gingembre de Tinella<\/strong><\/p>\n<p><b>Description <\/b><\/p>\n<p data-sourcepos=\"7:1-7:519\">Erleben Sie die unvergleichlichen Vorteile von Tinella Ingwerkapseln, einem rein nat\u00fcrlichen Nahrungserg\u00e4nzungsmittel, das sorgf\u00e4ltig zur Unterst\u00fctzung Ihrer allgemeinen Gesundheit und Vitalit\u00e4t entwickelt wurde. Unsere Kapseln enthalten reinen Ingwerwurzelextrakt (Zingiber officinale), ein kraftvolles Gew\u00fcrz, das seit Jahrhunderten f\u00fcr seine vielf\u00e4ltigen therapeutischen Eigenschaften gesch\u00e4tzt wird. Ingwer, der in den \u00fcppigen Landschaften S\u00fcdostasiens beheimatet ist, ist bekannt f\u00fcr seine F\u00e4higkeit, den K\u00f6rper auf nat\u00fcrliche Weise zu unterst\u00fctzen.  <\/p>\n<p data-sourcepos=\"9:1-9:65\"><strong>Die Kraft des Ingwers: Mehr als nur ein Gew\u00fcrz<\/strong><\/p>\n<p data-sourcepos=\"11:1-11:456\">Ingwer ist reich an bioaktiven Verbindungen, darunter Gingerole, die stark <strong>entz\u00fcndungshemmend<\/strong> und antioxidativ wirken. Diese nat\u00fcrlichen Eigenschaften k\u00f6nnen dazu beitragen, Entz\u00fcndungen im K\u00f6rper zu reduzieren \u2013 ein Schl\u00fcsselfaktor bei vielen chronischen Erkrankungen. Mit Tinella Ingwer-Kapseln k\u00f6nnen Sie Ihren K\u00f6rper auf nat\u00fcrliche Weise im Kampf gegen Entz\u00fcndungen unterst\u00fctzen.  <\/p>\n<p data-sourcepos=\"13:1-13:290\">Ingwer spielt auch eine Rolle bei der <strong>Regulierung des Blutzuckerspiegels<\/strong>. Studien deuten darauf hin, dass Ingwer die Insulinsensitivit\u00e4t verbessern und zur Stabilisierung des Blutzuckerspiegels beitragen kann, was f\u00fcr Menschen, die ihren Blutzuckerspiegel im Gleichgewicht halten m\u00f6chten, von Vorteil ist. <\/p>\n<p data-sourcepos=\"15:1-15:424\">Ein weiterer bekannter Vorteil von Ingwer ist seine Wirksamkeit gegen <strong>\u00dcbelkeit<\/strong>. Ob Reise\u00fcbelkeit, Schwangerschafts\u00fcbelkeit oder \u00dcbelkeit anderer Ursachen \u2013 Ingwer kann auf nat\u00fcrliche und sichere Weise diese unangenehmen Symptome lindern. Tinella Ingwerkapseln bieten eine bequeme und geschmacksneutrale M\u00f6glichkeit, diesen Vorteil zu nutzen.  <\/p>\n<p data-sourcepos=\"17:1-17:363\">Auch in den k\u00e4lteren Monaten kann Ingwer ein wertvoller Helfer sein. Er ist bekannt daf\u00fcr, das Immunsystem zu st\u00e4rken und Erk\u00e4ltungssymptome zu lindern. Die w\u00e4rmenden Eigenschaften des Ingwers k\u00f6nnen die Atemwege beruhigen und das allgemeine Wohlbefinden bei Krankheit f\u00f6rdern.  <\/p>\n<p data-sourcepos=\"19:1-19:50\"><strong>Tinella Ingwer: Qualit\u00e4t und Reinheit an erster Stelle<\/strong><\/p>\n<p data-sourcepos=\"21:1-21:492\">Wir bei Tinella glauben an die Kraft der Natur und streben bei all unseren Produkten nach h\u00f6chster Qualit\u00e4t. Unser <strong>Ingwer wird ohne sch\u00e4dliche Pestizide <\/strong>angebaut, sodass Sie ein reines und unbelastetes Nahrungserg\u00e4nzungsmittel erhalten. Durch diesen sorgf\u00e4ltigen Anbau bleiben alle wertvollen N\u00e4hrstoffe und Wirkstoffe der Ingwerwurzel erhalten, was zu einem hochwertigen pflanzlichen <strong>Pr\u00e4parat mit optimaler Wirksamkeit f\u00fchrt.<\/strong>  <\/p>\n<p data-sourcepos=\"23:1-23:301\">Jede Kapsel liefert eine konzentrierte Dosis der nat\u00fcrlichen Vorz\u00fcge von Ingwer, darunter eine moderate Menge an Vitamin B6 und essenziellen Mineralstoffen wie Magnesium und Mangan. Diese N\u00e4hrstoffe spielen eine entscheidende Rolle bei verschiedenen K\u00f6rperfunktionen und tragen zu Ihrer allgemeinen Gesundheit bei. <\/p>\n<p data-sourcepos=\"25:1-25:53\"><strong>Warum sollten Sie sich f\u00fcr Tinella Vegan Ingwerkapseln entscheiden?<\/strong><\/p>\n<ul data-sourcepos=\"27:1-34:0\">\n<li data-sourcepos=\"27:1-27:98\"><strong>Nat\u00fcrliches entz\u00fcndungshemmendes Mittel:<\/strong> Unterst\u00fctzt den K\u00f6rper bei der Reduzierung von Entz\u00fcndungen.<\/li>\n<li data-sourcepos=\"28:1-28:86\"><strong>Blutzuckerregulierung:<\/strong> Kann zur Stabilisierung des Blutzuckerspiegels beitragen.<\/li>\n<li data-sourcepos=\"29:1-29:104\"><strong>\u00dcbelkeitslinderung:<\/strong> Ein nat\u00fcrliches Heilmittel gegen verschiedene Formen von \u00dcbelkeit.<\/li>\n<li data-sourcepos=\"30:1-30:96\"><strong>Unterst\u00fctzung bei Erk\u00e4ltungen:<\/strong> Kann Symptome lindern und das Immunsystem unterst\u00fctzen.<\/li>\n<li data-sourcepos=\"31:1-31:98\"><strong>100% nat\u00fcrlich und rein:<\/strong> Angebaut ohne Pestizide f\u00fcr h\u00f6chste Qualit\u00e4t.<\/li>\n<li data-sourcepos=\"32:1-32:67\"><strong>Reich an N\u00e4hrstoffen:<\/strong> Enth\u00e4lt Vitamin B6, Magnesium und Mangan.<\/li>\n<li data-sourcepos=\"33:1-34:0\">Praktische vegane Kapseln: Einfach einzunehmen und f\u00fcr eine vegane Lebensweise geeignet.<\/li>\n<\/ul>\n<p data-sourcepos=\"35:1-35:229\">Entscheiden Sie sich f\u00fcr Tinella Vegan Ingwerkapseln und erleben Sie die vielf\u00e4ltigen Vorteile dieses kraftvollen, nat\u00fcrlichen Superfoods. Unterst\u00fctzen Sie Ihren K\u00f6rper auf nat\u00fcrliche Weise und investieren Sie in Ihr Wohlbefinden. Bestellen Sie noch heute und \u00fcberzeugen Sie sich selbst!  <\/p>\n","protected":false},"excerpt":{"rendered":"<p>120 g\u00e9lules de gingembre de Tinella Description Erleben Sie die unvergleichlichen Vorteile von Tinella Ingwerkapseln, einem rein nat\u00fcrlichen Nahrungserg\u00e4nzungsmittel, das&#8230;<\/p>\n","protected":false},"featured_media":3098,"comment_status":"open","ping_status":"closed","template":"","meta":{"_acf_changed":false},"product_brand":[],"product_cat":[68],"product_tag":[],"class_list":{"0":"post-3101","1":"product","2":"type-product","3":"status-publish","4":"has-post-thumbnail","6":"product_cat-ingwerkapseln","8":"first","9":"instock","10":"taxable","11":"shipping-taxable","12":"purchasable","13":"product-type-simple"},"acf":[],"_links":{"self":[{"href":"https:\/\/tinellasuperfoods.nl\/de\/wp-json\/wp\/v2\/product\/3101","targetHints":{"allow":["GET"]}}],"collection":[{"href":"https:\/\/tinellasuperfoods.nl\/de\/wp-json\/wp\/v2\/product"}],"about":[{"href":"https:\/\/tinellasuperfoods.nl\/de\/wp-json\/wp\/v2\/types\/product"}],"replies":[{"embeddable":true,"href":"https:\/\/tinellasuperfoods.nl\/de\/wp-json\/wp\/v2\/comments?post=3101"}],"wp:featuredmedia":[{"embeddable":true,"href":"https:\/\/tinellasuperfoods.nl\/de\/wp-json\/wp\/v2\/media\/3098"}],"wp:attachment":[{"href":"https:\/\/tinellasuperfoods.nl\/de\/wp-json\/wp\/v2\/media?parent=3101"}],"wp:term":[{"taxonomy":"product_brand","embeddable":true,"href":"https:\/\/tinellasuperfoods.nl\/de\/wp-json\/wp\/v2\/product_brand?post=3101"},{"taxonomy":"product_cat","embeddable":true,"href":"https:\/\/tinellasuperfoods.nl\/de\/wp-json\/wp\/v2\/product_cat?post=3101"},{"taxonomy":"product_tag","embeddable":true,"href":"https:\/\/tinellasuperfoods.nl\/de\/wp-json\/wp\/v2\/product_tag?post=3101"}],"curies":[{"name":"wp","href":"https:\/\/api.w.org\/{rel}","templated":true}]}}