{"id":3418,"date":"2025-04-07T17:34:35","date_gmt":"2025-04-07T17:34:35","guid":{"rendered":"https:\/\/tinellasuperfoods.nl\/muskelschmerzen-reduzieren\/"},"modified":"2026-03-09T07:09:15","modified_gmt":"2026-03-09T07:09:15","slug":"muskelschmerzen-reduzieren","status":"publish","type":"page","link":"https:\/\/tinellasuperfoods.nl\/de\/muskelschmerzen-reduzieren\/","title":{"rendered":"Muskelschmerzen reduzieren"},"content":{"rendered":"\t\t<div data-elementor-type=\"wp-page\" data-elementor-id=\"3418\" class=\"elementor elementor-3418 elementor-865\">\n\t\t\t\t<div class=\"elementor-element elementor-element-b979be7 e-flex e-con-boxed e-con e-parent\" data-id=\"b979be7\" data-element_type=\"container\" data-e-type=\"container\">\n\t\t\t\t\t<div class=\"e-con-inner\">\n\t\t\t\t<div class=\"elementor-element elementor-element-57f21b5 elementor-widget__width-initial elementor-widget-laptop__width-initial elementor-widget elementor-widget-heading\" data-id=\"57f21b5\" data-element_type=\"widget\" data-e-type=\"widget\" data-widget_type=\"heading.default\">\n\t\t\t\t\t<h1 class=\"elementor-heading-title elementor-size-default\">Linderung von Muskelkater mit Ingwer: Nat\u00fcrliche Unterst\u00fctzung f\u00fcr die Regeneration und Schmerzlinderung<\/h1>\t\t\t\t<\/div>\n\t\t\t\t\t<\/div>\n\t\t\t\t<\/div>\n\t\t<div class=\"elementor-element elementor-element-f8ba609 e-flex e-con-boxed e-con e-parent\" data-id=\"f8ba609\" data-element_type=\"container\" data-e-type=\"container\">\n\t\t\t\t\t<div class=\"e-con-inner\">\n\t\t<div class=\"elementor-element elementor-element-12e0cd7 e-con-full e-flex e-con e-child\" data-id=\"12e0cd7\" data-element_type=\"container\" data-e-type=\"container\">\n\t\t\t\t<div class=\"elementor-element elementor-element-c7d6f81 elementor-widget elementor-widget-text-editor\" data-id=\"c7d6f81\" data-element_type=\"widget\" data-e-type=\"widget\" data-widget_type=\"text-editor.default\">\n\t\t\t\t\t\t\t\t\t<p class=\"body\" dir=\"auto\" data-pm-slice=\"1 1 []\"><span style=\"color: #000000;\">Unsere <span style=\"color: #99cc00;\"><strong><u><a style=\"color: #99cc00;\" href=\"https:\/\/tinellasuperfoods.nl\/de\/produkt\/ingwerkapseln-tinella-120-stueck\/\">Bio-Ingwerkapseln<\/a><\/u><\/strong><\/span> lindern auf nat\u00fcrliche Weise Muskelkater, f\u00f6rdern eine schnellere Regeneration und steigern die Leistungsf\u00e4higkeit. Sie bieten nat\u00fcrliche Schmerzlinderung und unterst\u00fctzen das optimale k\u00f6rperliche Wohlbefinden. Daher sind sie ideal f\u00fcr Sportler, Menschen mit chronischen Schmerzen und alle, die ihr k\u00f6rperliches Wohlbefinden verbessern m\u00f6chten.  <\/span><\/p>\t\t\t\t\t\t\t\t<\/div>\n\t\t\t\t<div class=\"elementor-element elementor-element-bd4749a elementor-widget__width-initial elementor-widget-tablet__width-initial elementor-widget-mobile__width-initial elementor-widget elementor-widget-heading\" data-id=\"bd4749a\" data-element_type=\"widget\" data-e-type=\"widget\" data-widget_type=\"heading.default\">\n\t\t\t\t\t<h2 class=\"elementor-heading-title elementor-size-default\">Ingwer als Unterst\u00fctzung der Muskelregeneration<\/h2>\t\t\t\t<\/div>\n\t\t\t\t<div class=\"elementor-element elementor-element-523a5c5 elementor-widget elementor-widget-text-editor\" data-id=\"523a5c5\" data-element_type=\"widget\" data-e-type=\"widget\" data-widget_type=\"text-editor.default\">\n\t\t\t\t\t\t\t\t\t<p class=\"body\" dir=\"auto\" data-pm-slice=\"1 1 []\"><span style=\"color: #000000;\">Nach intensivem Training k\u00f6nnen Muskelfasern gesch\u00e4digt werden, was zu Muskelkater und Steifheit f\u00fchrt. Ingwer enth\u00e4lt entz\u00fcndungshemmende Verbindungen wie Gingerol, die diese Schmerzen lindern und den Heilungsprozess beschleunigen. Die regelm\u00e4\u00dfige Einnahme unserer Bio-Ingwerkapseln optimiert Ihre Regeneration und hilft Ihnen, schneller wieder aktiv zu werden.  <\/span><\/p>\t\t\t\t\t\t\t\t<\/div>\n\t\t\t\t<\/div>\n\t\t<div class=\"elementor-element elementor-element-347fb61 e-con-full e-flex e-con e-child\" data-id=\"347fb61\" data-element_type=\"container\" data-e-type=\"container\">\n\t\t\t\t<div class=\"elementor-element elementor-element-04700d1 elementor-widget elementor-widget-image\" data-id=\"04700d1\" data-element_type=\"widget\" data-e-type=\"widget\" data-widget_type=\"image.default\">\n\t\t\t\t\t\t\t\t\t\t\t\t\t\t\t<img fetchpriority=\"high\" decoding=\"async\" width=\"1024\" height=\"1024\" src=\"https:\/\/tinellasuperfoods.nl\/wp-content\/uploads\/2025\/04\/Geconcentreerde-Gember-Extract-Capsule-Optimale-Werking.jpg-1024x1024.webp\" class=\"attachment-large size-large wp-image-3416\" alt=\"\" srcset=\"https:\/\/tinellasuperfoods.nl\/wp-content\/uploads\/2025\/04\/Geconcentreerde-Gember-Extract-Capsule-Optimale-Werking.jpg-1024x1024.webp 1024w, https:\/\/tinellasuperfoods.nl\/wp-content\/uploads\/2025\/04\/Geconcentreerde-Gember-Extract-Capsule-Optimale-Werking.jpg-300x300.webp 300w, https:\/\/tinellasuperfoods.nl\/wp-content\/uploads\/2025\/04\/Geconcentreerde-Gember-Extract-Capsule-Optimale-Werking.jpg-150x150.webp 150w, https:\/\/tinellasuperfoods.nl\/wp-content\/uploads\/2025\/04\/Geconcentreerde-Gember-Extract-Capsule-Optimale-Werking.jpg-768x768.webp 768w, https:\/\/tinellasuperfoods.nl\/wp-content\/uploads\/2025\/04\/Geconcentreerde-Gember-Extract-Capsule-Optimale-Werking.jpg-1536x1536.webp 1536w, https:\/\/tinellasuperfoods.nl\/wp-content\/uploads\/2025\/04\/Geconcentreerde-Gember-Extract-Capsule-Optimale-Werking.jpg-12x12.webp 12w, https:\/\/tinellasuperfoods.nl\/wp-content\/uploads\/2025\/04\/Geconcentreerde-Gember-Extract-Capsule-Optimale-Werking.jpg-600x600.webp 600w, https:\/\/tinellasuperfoods.nl\/wp-content\/uploads\/2025\/04\/Geconcentreerde-Gember-Extract-Capsule-Optimale-Werking.jpg-100x100.webp 100w, https:\/\/tinellasuperfoods.nl\/wp-content\/uploads\/2025\/04\/Geconcentreerde-Gember-Extract-Capsule-Optimale-Werking.jpg.webp 1920w\" sizes=\"(max-width: 1024px) 100vw, 1024px\" \/>\t\t\t\t\t\t\t\t\t\t\t\t\t\t\t<\/div>\n\t\t\t\t<\/div>\n\t\t\t\t\t<\/div>\n\t\t\t\t<\/div>\n\t\t<div class=\"elementor-element elementor-element-81fbfbb e-flex e-con-boxed e-con e-parent\" data-id=\"81fbfbb\" data-element_type=\"container\" data-e-type=\"container\">\n\t\t\t\t\t<div class=\"e-con-inner\">\n\t\t<div class=\"elementor-element elementor-element-0d815fd e-con-full e-flex e-con e-child\" data-id=\"0d815fd\" data-element_type=\"container\" data-e-type=\"container\">\n\t\t\t\t<div class=\"elementor-element elementor-element-91b18cc elementor-widget elementor-widget-image\" data-id=\"91b18cc\" data-element_type=\"widget\" data-e-type=\"widget\" data-widget_type=\"image.default\">\n\t\t\t\t\t\t\t\t\t\t\t\t\t\t\t<img decoding=\"async\" width=\"1024\" height=\"1024\" src=\"https:\/\/tinellasuperfoods.nl\/wp-content\/uploads\/2025\/04\/Fit-en-Energiek-Na-De-Race-Biologische-Gember-Supplementen.jpg-1024x1024.webp\" class=\"attachment-large size-large wp-image-3417\" alt=\"Nat\u00fcrliche Unterst\u00fctzung bei der Muskelregeneration\" srcset=\"https:\/\/tinellasuperfoods.nl\/wp-content\/uploads\/2025\/04\/Fit-en-Energiek-Na-De-Race-Biologische-Gember-Supplementen.jpg-1024x1024.webp 1024w, https:\/\/tinellasuperfoods.nl\/wp-content\/uploads\/2025\/04\/Fit-en-Energiek-Na-De-Race-Biologische-Gember-Supplementen.jpg-300x300.webp 300w, https:\/\/tinellasuperfoods.nl\/wp-content\/uploads\/2025\/04\/Fit-en-Energiek-Na-De-Race-Biologische-Gember-Supplementen.jpg-150x150.webp 150w, https:\/\/tinellasuperfoods.nl\/wp-content\/uploads\/2025\/04\/Fit-en-Energiek-Na-De-Race-Biologische-Gember-Supplementen.jpg-768x768.webp 768w, https:\/\/tinellasuperfoods.nl\/wp-content\/uploads\/2025\/04\/Fit-en-Energiek-Na-De-Race-Biologische-Gember-Supplementen.jpg-1536x1536.webp 1536w, https:\/\/tinellasuperfoods.nl\/wp-content\/uploads\/2025\/04\/Fit-en-Energiek-Na-De-Race-Biologische-Gember-Supplementen.jpg-12x12.webp 12w, https:\/\/tinellasuperfoods.nl\/wp-content\/uploads\/2025\/04\/Fit-en-Energiek-Na-De-Race-Biologische-Gember-Supplementen.jpg-600x600.webp 600w, https:\/\/tinellasuperfoods.nl\/wp-content\/uploads\/2025\/04\/Fit-en-Energiek-Na-De-Race-Biologische-Gember-Supplementen.jpg-100x100.webp 100w, https:\/\/tinellasuperfoods.nl\/wp-content\/uploads\/2025\/04\/Fit-en-Energiek-Na-De-Race-Biologische-Gember-Supplementen.jpg.webp 1920w\" sizes=\"(max-width: 1024px) 100vw, 1024px\" \/>\t\t\t\t\t\t\t\t\t\t\t\t\t\t\t<\/div>\n\t\t\t\t<\/div>\n\t\t<div class=\"elementor-element elementor-element-9a40e71 e-con-full e-flex e-con e-child\" data-id=\"9a40e71\" data-element_type=\"container\" data-e-type=\"container\">\n\t\t\t\t<div class=\"elementor-element elementor-element-93250c7 elementor-widget__width-initial elementor-widget-tablet__width-initial elementor-widget-mobile__width-initial elementor-widget elementor-widget-heading\" data-id=\"93250c7\" data-element_type=\"widget\" data-e-type=\"widget\" data-widget_type=\"heading.default\">\n\t\t\t\t\t<h2 class=\"elementor-heading-title elementor-size-default\">Wirksame Unterst\u00fctzung bei chronischen Schmerzen<\/h2>\t\t\t\t<\/div>\n\t\t\t\t<div class=\"elementor-element elementor-element-53d4e96 elementor-widget elementor-widget-text-editor\" data-id=\"53d4e96\" data-element_type=\"widget\" data-e-type=\"widget\" data-widget_type=\"text-editor.default\">\n\t\t\t\t\t\t\t\t\t<p class=\"body\" dir=\"auto\" data-pm-slice=\"1 1 []\"><span style=\"color: #000000;\">Neben akuten Muskelschmerzen ist Ingwer auch bei chronischen Schmerzzust\u00e4nden wie R\u00fccken- und Nackenschmerzen wirksam. Dies liegt an seinen nat\u00fcrlichen schmerzlindernden Eigenschaften, die die Schmerzintensit\u00e4t reduzieren. Die regelm\u00e4\u00dfige Einnahme von Ingwerkapseln kann daher zu einer langfristigen Linderung beitragen \u2013 ganz ohne die Nebenwirkungen synthetischer Schmerzmittel. Ingwer f\u00f6rdert zudem Energie und Ausdauer. Er regt die Durchblutung an und sorgt so f\u00fcr eine bessere Sauerstoff- und N\u00e4hrstoffversorgung der Muskeln. Dies unterst\u00fctzt nicht nur die Regeneration, sondern steigert auch das Energieniveau und verbessert die allgemeine k\u00f6rperliche Leistungsf\u00e4higkeit. Ob Sie sportlich aktiv sind oder einfach nur Ihre t\u00e4gliche Energie steigern m\u00f6chten \u2013 Ingwer bietet Ihnen die n\u00f6tige Unterst\u00fctzung.    <\/span><\/p>\t\t\t\t\t\t\t\t<\/div>\n\t\t\t\t<div class=\"elementor-element elementor-element-6407847 elementor-widget__width-initial elementor-widget-tablet__width-initial elementor-widget-mobile__width-initial elementor-widget elementor-widget-heading\" data-id=\"6407847\" data-element_type=\"widget\" data-e-type=\"widget\" data-widget_type=\"heading.default\">\n\t\t\t\t\t<h2 class=\"elementor-heading-title elementor-size-default\">Nat\u00fcrliche Schmerzlinderung bei Menstruationsbeschwerden<\/h2>\t\t\t\t<\/div>\n\t\t\t\t<div class=\"elementor-element elementor-element-6f2620a elementor-widget elementor-widget-text-editor\" data-id=\"6f2620a\" data-element_type=\"widget\" data-e-type=\"widget\" data-widget_type=\"text-editor.default\">\n\t\t\t\t\t\t\t\t\t<p class=\"body\" dir=\"auto\" data-pm-slice=\"1 1 []\"><span style=\"color: #000000;\">Menstruationskr\u00e4mpfe k\u00f6nnen sehr schmerzhaft sein und den Alltag beeintr\u00e4chtigen. Ingwer hat sich als wirksames, nat\u00fcrliches Schmerzmittel erwiesen, das Kr\u00e4mpfe lindert und die Durchblutung im Unterleibsbereich verbessert. Daher sind Ingwerkapseln eine sinnvolle Wahl f\u00fcr Frauen, die nat\u00fcrliche Unterst\u00fctzung suchen.  <\/span><\/p>\t\t\t\t\t\t\t\t<\/div>\n\t\t\t\t<\/div>\n\t\t\t\t\t<\/div>\n\t\t\t\t<\/div>\n\t\t\t\t<\/div>\n\t\t","protected":false},"excerpt":{"rendered":"<p>Linderung von Muskelkater mit Ingwer: Nat\u00fcrliche Unterst\u00fctzung f\u00fcr die Regeneration und Schmerzlinderung Unsere Bio-Ingwerkapseln lindern auf nat\u00fcrliche Weise Muskelkater, f\u00f6rdern&#8230;<\/p>\n","protected":false},"author":1,"featured_media":0,"parent":0,"menu_order":0,"comment_status":"closed","ping_status":"closed","template":"elementor_header_footer","meta":{"_acf_changed":false,"footnotes":""},"class_list":["post-3418","page","type-page","status-publish","hentry"],"acf":[],"_links":{"self":[{"href":"https:\/\/tinellasuperfoods.nl\/de\/wp-json\/wp\/v2\/pages\/3418","targetHints":{"allow":["GET"]}}],"collection":[{"href":"https:\/\/tinellasuperfoods.nl\/de\/wp-json\/wp\/v2\/pages"}],"about":[{"href":"https:\/\/tinellasuperfoods.nl\/de\/wp-json\/wp\/v2\/types\/page"}],"author":[{"embeddable":true,"href":"https:\/\/tinellasuperfoods.nl\/de\/wp-json\/wp\/v2\/users\/1"}],"replies":[{"embeddable":true,"href":"https:\/\/tinellasuperfoods.nl\/de\/wp-json\/wp\/v2\/comments?post=3418"}],"version-history":[{"count":3,"href":"https:\/\/tinellasuperfoods.nl\/de\/wp-json\/wp\/v2\/pages\/3418\/revisions"}],"predecessor-version":[{"id":3645,"href":"https:\/\/tinellasuperfoods.nl\/de\/wp-json\/wp\/v2\/pages\/3418\/revisions\/3645"}],"wp:attachment":[{"href":"https:\/\/tinellasuperfoods.nl\/de\/wp-json\/wp\/v2\/media?parent=3418"}],"curies":[{"name":"wp","href":"https:\/\/api.w.org\/{rel}","templated":true}]}}