{"id":3406,"date":"2025-03-24T16:47:46","date_gmt":"2025-03-24T16:47:46","guid":{"rendered":"https:\/\/tinellasuperfoods.nl\/warum-bio\/"},"modified":"2026-02-27T10:49:53","modified_gmt":"2026-02-27T10:49:53","slug":"warum-bio","status":"publish","type":"page","link":"https:\/\/tinellasuperfoods.nl\/de\/warum-bio\/","title":{"rendered":"Warum Bio?"},"content":{"rendered":"\t\t<div data-elementor-type=\"wp-page\" data-elementor-id=\"3406\" class=\"elementor elementor-3406 elementor-150\">\n\t\t\t\t<div class=\"elementor-element elementor-element-32bf430 bdt-backdrop-filter-yes e-flex e-con-boxed bdt-filter-backdrop e-con e-parent\" data-id=\"32bf430\" data-element_type=\"container\" data-e-type=\"container\" data-settings=\"{&quot;background_background&quot;:&quot;classic&quot;}\">\n\t\t\t\t\t<div class=\"e-con-inner\">\n\t\t\t\t<div class=\"elementor-element elementor-element-24a30d1 elementor-widget elementor-widget-heading\" data-id=\"24a30d1\" data-element_type=\"widget\" data-e-type=\"widget\" data-widget_type=\"heading.default\">\n\t\t\t\t\t<h1 class=\"elementor-heading-title elementor-size-default\">Warum Bio?<\/h1>\t\t\t\t<\/div>\n\t\t\t\t\t<\/div>\n\t\t\t\t<\/div>\n\t\t<div class=\"elementor-element elementor-element-b604d53 e-flex e-con-boxed e-con e-parent\" data-id=\"b604d53\" data-element_type=\"container\" data-e-type=\"container\">\n\t\t\t\t\t<div class=\"e-con-inner\">\n\t\t<div class=\"elementor-element elementor-element-7ec75b4 e-con-full e-flex e-con e-child\" data-id=\"7ec75b4\" data-element_type=\"container\" data-e-type=\"container\">\n\t\t\t\t<div class=\"elementor-element elementor-element-aef758f elementor-widget elementor-widget-heading\" data-id=\"aef758f\" data-element_type=\"widget\" data-e-type=\"widget\" data-widget_type=\"heading.default\">\n\t\t\t\t\t<h2 class=\"elementor-heading-title elementor-size-default\">1. Lebensmittel ohne sch\u00e4dliche Substanzen<\/h2>\t\t\t\t<\/div>\n\t\t\t\t<div class=\"elementor-element elementor-element-f47096a elementor-widget elementor-widget-text-editor\" data-id=\"f47096a\" data-element_type=\"widget\" data-e-type=\"widget\" data-widget_type=\"text-editor.default\">\n\t\t\t\t\t\t\t\t\t<p class=\"body\" dir=\"auto\" data-pm-slice=\"1 1 []\"><span style=\"color: #000000;\">Warum Bio? Bio-Lebensmittel und &#8211;<span style=\"color: #99cc00;\"><strong><u><a style=\"color: #99cc00;\" href=\"https:\/\/mens-en-gezondheid.infonu.nl\/gezonde-voeding\/126179-natuurlijke-of-synthetische-voedingssupplementen.html\" target=\"_blank\" rel=\"nofollow noopener\">Nahrungserg\u00e4nzungsmittel<\/a><\/u><\/strong><\/span> werden ohne synthetische Pestizide, Herbizide oder D\u00fcngemittel hergestellt. Das bedeutet, dass Produkte wie die <span style=\"color: #99cc00;\"><strong><a style=\"color: #99cc00;\" href=\"https:\/\/tinellasuperfoods.nl\/de\/produkt\/ingwerkapseln-tinella-120-stueck\/\" target=\"_self\" rel=\"\" data-page-id=\"zKn3FD\">Bio-Ingwerkapseln von Tinella<\/a><\/strong><\/span> frei von sch\u00e4dlichen Chemikalien sind. Der Verzicht auf diese Substanzen ist nicht nur besser f\u00fcr Ihren K\u00f6rper, sondern auch f\u00fcr die Umwelt. Sch\u00e4dliche Chemikalien verunreinigen h\u00e4ufig Grundwasser und B\u00f6den und f\u00fchren so zu langfristigen Sch\u00e4den an \u00d6kosystemen.   <\/span><\/p>\t\t\t\t\t\t\t\t<\/div>\n\t\t\t\t<div class=\"elementor-element elementor-element-cb6cd39 elementor-widget elementor-widget-heading\" data-id=\"cb6cd39\" data-element_type=\"widget\" data-e-type=\"widget\" data-widget_type=\"heading.default\">\n\t\t\t\t\t<h2 class=\"elementor-heading-title elementor-size-default\">2. Mehr N\u00e4hrstoffe f\u00fcr optimale Gesundheit<\/h2>\t\t\t\t<\/div>\n\t\t\t\t<div class=\"elementor-element elementor-element-502ebcf elementor-widget elementor-widget-text-editor\" data-id=\"502ebcf\" data-element_type=\"widget\" data-e-type=\"widget\" data-widget_type=\"text-editor.default\">\n\t\t\t\t\t\t\t\t\t<p class=\"body\" dir=\"auto\" data-pm-slice=\"1 1 []\"><span style=\"color: #000000;\">Studien belegen, dass Bio-Lebensmittel oft h\u00f6here Konzentrationen an essenziellen Vitaminen, Mineralstoffen und Antioxidantien enthalten. Die Bio-Ingwerkapseln von Tinella sind ein perfektes Beispiel daf\u00fcr: Durch die Verwendung sorgf\u00e4ltig ausgew\u00e4hlten Bio-Ingwers bleiben seine wertvollen gesundheitsf\u00f6rdernden Eigenschaften erhalten. Ingwer ist bekannt f\u00fcr seine verdauungsf\u00f6rdernde Wirkung, seine entz\u00fcndungshemmenden Eigenschaften sowie seine F\u00e4higkeit, Energie und Immunsystem zu st\u00e4rken.  <\/span><\/p>\t\t\t\t\t\t\t\t<\/div>\n\t\t\t\t<div class=\"elementor-element elementor-element-b8d2505 elementor-widget elementor-widget-heading\" data-id=\"b8d2505\" data-element_type=\"widget\" data-e-type=\"widget\" data-widget_type=\"heading.default\">\n\t\t\t\t\t<h2 class=\"elementor-heading-title elementor-size-default\">3. Positive Auswirkungen auf die Umwelt<\/h2>\t\t\t\t<\/div>\n\t\t\t\t<div class=\"elementor-element elementor-element-5afc777 elementor-widget elementor-widget-text-editor\" data-id=\"5afc777\" data-element_type=\"widget\" data-e-type=\"widget\" data-widget_type=\"text-editor.default\">\n\t\t\t\t\t\t\t\t\t<p class=\"body\" dir=\"auto\" data-pm-slice=\"1 1 []\"><span style=\"color: #000000;\">Die bei der Herstellung von Nahrungserg\u00e4nzungsmitteln wie Tinellas Ingwerkapseln angewandten \u00f6kologischen Anbaumethoden respektieren das nat\u00fcrliche Gleichgewicht der \u00d6kosysteme. Diese Methoden tragen dazu bei: <\/span><\/p><ul><li class=\"body\" dir=\"auto\"><span style=\"color: #000000;\">Reduzierung der CO2-Emissionen durch Verzicht auf synthetische D\u00fcngemittel.<\/span><\/li><li class=\"body\" dir=\"auto\"><span style=\"color: #000000;\">Die Erhaltung der <span style=\"color: #99cc00;\"><a style=\"color: #99cc00;\" href=\"https:\/\/www.wur.nl\/nl\/onderzoek-resultaten\/themas\/biodiversiteit\/biodiversiteit-en-klimaatverandering.htm\" target=\"_blank\" rel=\"nofollow noopener\">Biodiversit\u00e4t <\/a><\/span>durch naturnahe Anbaumethoden.<\/span><\/li><li class=\"body\" dir=\"auto\"><span style=\"color: #000000;\">Eine bessere Bodengesundheit, die f\u00fcr eine nachhaltige Landwirtschaft unerl\u00e4sslich ist.<\/span><\/li><li style=\"list-style-type: none;\"> <\/li><\/ul><p class=\"body\" dir=\"auto\"><span style=\"color: #000000;\">Mit der Wahl von Bio-Nahrungserg\u00e4nzungsmitteln leisten Sie einen aktiven Beitrag zu einem saubereren und gr\u00fcneren Planeten.<\/span><\/p>\t\t\t\t\t\t\t\t<\/div>\n\t\t\t\t<div class=\"elementor-element elementor-element-ac3c278 elementor-widget elementor-widget-heading\" data-id=\"ac3c278\" data-element_type=\"widget\" data-e-type=\"widget\" data-widget_type=\"heading.default\">\n\t\t\t\t\t<h2 class=\"elementor-heading-title elementor-size-default\">4. Keine unn\u00f6tigen k\u00fcnstlichen Zusatzstoffe<\/h2>\t\t\t\t<\/div>\n\t\t\t\t<div class=\"elementor-element elementor-element-474a54c elementor-widget elementor-widget-text-editor\" data-id=\"474a54c\" data-element_type=\"widget\" data-e-type=\"widget\" data-widget_type=\"text-editor.default\">\n\t\t\t\t\t\t\t\t\t<p class=\"body\" dir=\"auto\" data-pm-slice=\"1 1 []\"><span style=\"color: #000000;\">Viele <span style=\"color: #99cc00;\"><strong><u><a style=\"color: #99cc00;\" href=\"https:\/\/mens-en-gezondheid.infonu.nl\/gezonde-voeding\/126179-natuurlijke-of-synthetische-voedingssupplementen.html\" target=\"_blank\" rel=\"nofollow noopener\">herk\u00f6mmliche Nahrungserg\u00e4nzungsmittel<\/a><\/u><\/strong><\/span> enthalten F\u00fcllstoffe, Bindemittel und k\u00fcnstliche Inhaltsstoffe, die den K\u00f6rper belasten. Die Bio-Ingwerkapseln von Tinella hingegen sind v\u00f6llig frei von k\u00fcnstlichen Zusatzstoffen und bestehen zu 100 % aus pflanzlichen Inhaltsstoffen. Dadurch sind sie eine sichere und nat\u00fcrliche Wahl f\u00fcr alle, auch f\u00fcr Menschen mit Allergien oder besonderen Ern\u00e4hrungsbed\u00fcrfnissen.  <\/span><\/p>\t\t\t\t\t\t\t\t<\/div>\n\t\t\t\t<\/div>\n\t\t<div class=\"elementor-element elementor-element-4d93378 e-con-full e-flex e-con e-child\" data-id=\"4d93378\" data-element_type=\"container\" data-e-type=\"container\">\n\t\t\t\t<div class=\"elementor-element elementor-element-3d4fd00 elementor-widget elementor-widget-image\" data-id=\"3d4fd00\" data-element_type=\"widget\" data-e-type=\"widget\" data-widget_type=\"image.default\">\n\t\t\t\t\t\t\t\t\t\t\t\t\t\t\t<img fetchpriority=\"high\" decoding=\"async\" width=\"683\" height=\"1024\" src=\"https:\/\/tinellasuperfoods.nl\/wp-content\/uploads\/2025\/04\/photo-1523741543316-beb7fc7023d8-683x1024.jpg\" class=\"attachment-large size-large wp-image-3405\" alt=\"Sieben Gr\u00fcnde, sich f\u00fcr Bio-Ingwerkapseln zu entscheiden, darunter die Abwesenheit sch\u00e4dlicher Substanzen, eine h\u00f6here N\u00e4hrstoffkonzentration, positive Auswirkungen auf die Umwelt, keine k\u00fcnstlichen Zusatzstoffe, Unterst\u00fctzung lokaler und fair gehandelter Landwirtschaft, eine einfache M\u00f6glichkeit zur Gesundheitsf\u00f6rderung und die Qualit\u00e4t von Tinella.\" srcset=\"https:\/\/tinellasuperfoods.nl\/wp-content\/uploads\/2025\/04\/photo-1523741543316-beb7fc7023d8-683x1024.jpg 683w, https:\/\/tinellasuperfoods.nl\/wp-content\/uploads\/2025\/04\/photo-1523741543316-beb7fc7023d8-scaled-300x450.jpg 300w, https:\/\/tinellasuperfoods.nl\/wp-content\/uploads\/2025\/04\/photo-1523741543316-beb7fc7023d8-scaled-600x900.jpg 600w, https:\/\/tinellasuperfoods.nl\/wp-content\/uploads\/2025\/04\/photo-1523741543316-beb7fc7023d8-200x300.jpg 200w, https:\/\/tinellasuperfoods.nl\/wp-content\/uploads\/2025\/04\/photo-1523741543316-beb7fc7023d8-768x1152.jpg 768w, https:\/\/tinellasuperfoods.nl\/wp-content\/uploads\/2025\/04\/photo-1523741543316-beb7fc7023d8-1024x1536.jpg 1024w, https:\/\/tinellasuperfoods.nl\/wp-content\/uploads\/2025\/04\/photo-1523741543316-beb7fc7023d8-1365x2048.jpg 1365w, https:\/\/tinellasuperfoods.nl\/wp-content\/uploads\/2025\/04\/photo-1523741543316-beb7fc7023d8-scaled.jpg 1707w\" sizes=\"(max-width: 683px) 100vw, 683px\" \/>\t\t\t\t\t\t\t\t\t\t\t\t\t\t\t<\/div>\n\t\t\t\t<\/div>\n\t\t<div class=\"elementor-element elementor-element-b79233d e-con-full e-flex e-con e-child\" data-id=\"b79233d\" data-element_type=\"container\" data-e-type=\"container\">\n\t\t\t\t<div class=\"elementor-element elementor-element-85b28b9 elementor-widget-mobile__width-initial elementor-widget elementor-widget-heading\" data-id=\"85b28b9\" data-element_type=\"widget\" data-e-type=\"widget\" data-widget_type=\"heading.default\">\n\t\t\t\t\t<h2 class=\"elementor-heading-title elementor-size-default\">5. Unterst\u00fctzung einer lokalen und gerechteren Landwirtschaft<\/h2>\t\t\t\t<\/div>\n\t\t\t\t<div class=\"elementor-element elementor-element-8b60a6f elementor-widget-laptop__width-initial elementor-widget elementor-widget-text-editor\" data-id=\"8b60a6f\" data-element_type=\"widget\" data-e-type=\"widget\" data-widget_type=\"text-editor.default\">\n\t\t\t\t\t\t\t\t\t<p class=\"body\" dir=\"auto\" data-pm-slice=\"1 1 []\"><span style=\"color: #000000;\">Bioprodukte stammen oft aus fairen und nachhaltigen Produktionsketten. Mit dem Kauf von Tinellas Ingwerkapseln unterst\u00fctzen Sie Produzenten, die sich einer ethischen und umweltfreundlichen Landwirtschaft verschrieben haben. Dies tr\u00e4gt nicht nur zu einem ges\u00fcnderen Planeten bei, sondern f\u00f6rdert auch die soziale Nachhaltigkeit.  <\/span><\/p>\t\t\t\t\t\t\t\t<\/div>\n\t\t\t\t<\/div>\n\t\t<div class=\"elementor-element elementor-element-ce4723e e-con-full e-flex e-con e-child\" data-id=\"ce4723e\" data-element_type=\"container\" data-e-type=\"container\">\n\t\t\t\t<div class=\"elementor-element elementor-element-ae7fa99 elementor-widget elementor-widget-heading\" data-id=\"ae7fa99\" data-element_type=\"widget\" data-e-type=\"widget\" data-widget_type=\"heading.default\">\n\t\t\t\t\t<h2 class=\"elementor-heading-title elementor-size-default\">6. Einfache Methode zur Steigerung Ihrer Gesundheit<\/h2>\t\t\t\t<\/div>\n\t\t\t\t<div class=\"elementor-element elementor-element-3504ff4 elementor-widget elementor-widget-text-editor\" data-id=\"3504ff4\" data-element_type=\"widget\" data-e-type=\"widget\" data-widget_type=\"text-editor.default\">\n\t\t\t\t\t\t\t\t\t<p class=\"body\" dir=\"auto\" data-pm-slice=\"1 1 []\"><span style=\"color: #000000;\">Gesundes Leben muss nicht kompliziert sein. Die <span style=\"color: #99cc00;\"><strong><a style=\"color: #99cc00;\" href=\"https:\/\/tinellasuperfoods.nl\/de\/produkt\/ingwerkapseln-tinella-120-stueck\/\" data-wplink-edit=\"true\">Bio-Ingwerkapseln von Tinella<\/a><\/strong><\/span> bieten eine bequeme M\u00f6glichkeit, t\u00e4glich von den gesundheitlichen Vorteilen des Ingwers zu profitieren. Ob Sie Ihre Energie steigern, Ihr <span style=\"color: #99cc00;\"><strong><a style=\"color: #99cc00;\" href=\"https:\/\/www.tandfonline.com\/doi\/full\/10.1080\/10408391003624848\" target=\"_blank\" rel=\"nofollow noopener\">Immunsystem <\/a><\/strong><\/span>st\u00e4rken oder Ihre Verdauung verbessern m\u00f6chten \u2013 diese Kapseln sind eine einfache und zuverl\u00e4ssige L\u00f6sung. <\/span><\/p>\t\t\t\t\t\t\t\t<\/div>\n\t\t\t\t<\/div>\n\t\t\t\t\t<\/div>\n\t\t\t\t<\/div>\n\t\t<div class=\"elementor-element elementor-element-13c7820 e-flex e-con-boxed e-con e-parent\" data-id=\"13c7820\" data-element_type=\"container\" data-e-type=\"container\">\n\t\t\t\t\t<div class=\"e-con-inner\">\n\t\t<div class=\"elementor-element elementor-element-a3df5f1 e-con-full e-flex e-con e-child\" data-id=\"a3df5f1\" data-element_type=\"container\" data-e-type=\"container\">\n\t\t\t\t<div class=\"elementor-element elementor-element-7cc0152 elementor-widget elementor-widget-heading\" data-id=\"7cc0152\" data-element_type=\"widget\" data-e-type=\"widget\" data-widget_type=\"heading.default\">\n\t\t\t\t\t<h2 class=\"elementor-heading-title elementor-size-default\">7. Setzen Sie auf Qualit\u00e4t, setzen Sie auf Tinella<\/h2>\t\t\t\t<\/div>\n\t\t\t\t<div class=\"elementor-element elementor-element-063145d elementor-widget elementor-widget-text-editor\" data-id=\"063145d\" data-element_type=\"widget\" data-e-type=\"widget\" data-widget_type=\"text-editor.default\">\n\t\t\t\t\t\t\t\t\t<p class=\"body\" dir=\"auto\" data-pm-slice=\"1 1 []\"><span style=\"color: #000000;\">Tinella ist Ihr Partner f\u00fcr nat\u00fcrliche Gesundheit. Unsere Mission ist es, Produkte h\u00f6chster Qualit\u00e4t anzubieten, die nicht nur Ihren K\u00f6rper n\u00e4hren, sondern auch zu einer besseren Welt beitragen. Die Bio-Ingwerkapseln von Tinella verk\u00f6rpern dieses Ideal mit ihrer reinen Zusammensetzung und ihrer kraftvollen Wirkung.  <\/span><\/p>\t\t\t\t\t\t\t\t<\/div>\n\t\t\t\t<\/div>\n\t\t<div class=\"elementor-element elementor-element-01ce7b3 e-con-full e-flex e-con e-child\" data-id=\"01ce7b3\" data-element_type=\"container\" data-e-type=\"container\">\n\t\t\t\t<div class=\"elementor-element elementor-element-1066e94 elementor-widget elementor-widget-heading\" data-id=\"1066e94\" data-element_type=\"widget\" data-e-type=\"widget\" data-widget_type=\"heading.default\">\n\t\t\t\t\t<h2 class=\"elementor-heading-title elementor-size-default\">Fazit: Investiere in dich selbst und in den Planeten.<\/h2>\t\t\t\t<\/div>\n\t\t\t\t<div class=\"elementor-element elementor-element-a30efc5 elementor-widget elementor-widget-text-editor\" data-id=\"a30efc5\" data-element_type=\"widget\" data-e-type=\"widget\" data-widget_type=\"text-editor.default\">\n\t\t\t\t\t\t\t\t\t<p data-sourcepos=\"19:1-19:76\"><span style=\"color: #000000;\"><strong><span style=\"color: #99cc00;\">Tinella<\/span>: Stolzes Mitglied von IFOAM \u2013 Unser Versprechen f\u00fcr eine biologische Zukunft<\/strong><\/span><\/p><p data-sourcepos=\"21:1-21:424\"><span style=\"color: #000000;\">Wir bei Tinella glauben an eine Welt, in der Gesundheit, Nachhaltigkeit und Respekt vor der Natur Hand in Hand gehen. Unser Engagement f\u00fcr diese Prinzipien wird durch unsere Mitgliedschaft bei IFOAM \u2013 Organics International unterstrichen. IFOAM ist die weltweit f\u00fchrende Autorit\u00e4t f\u00fcr \u00f6kologischen Landbau und setzt sich seit Jahrzehnten f\u00fcr die Entwicklung und Anwendung von Bio-Standards weltweit ein.  <\/span><\/p><p data-sourcepos=\"23:1-23:460\"><span style=\"color: #000000;\">Als Mitglied von <span style=\"text-decoration: underline;\"><span style=\"color: #99cc00; text-decoration: underline;\"><a style=\"color: #99cc00; text-decoration: underline;\" href=\"https:\/\/www.ifoam.bio\/\" target=\"_blank\" rel=\"noopener\">IFOAM <\/a><\/span><\/span>verpflichten wir uns zu h\u00f6chsten ethischen und \u00f6kologischen Standards im Bio-Sektor. Diese Mitgliedschaft ist f\u00fcr uns keine blo\u00dfe Formalit\u00e4t, sondern eine Best\u00e4tigung unseres Anspruchs, Ihnen ausschlie\u00dflich Produkte von h\u00f6chster Reinheit anzubieten, hergestellt mit Respekt f\u00fcr Mensch, Tier und Umwelt. Mit Tinella entscheiden Sie sich f\u00fcr ein Unternehmen, das aktiv zu einer ges\u00fcnderen Welt f\u00fcr zuk\u00fcnftige Generationen beitr\u00e4gt.  <\/span><\/p><p class=\"body\" dir=\"auto\" data-pm-slice=\"1 1 []\"> <\/p>\t\t\t\t\t\t\t\t<\/div>\n\t\t\t\t<\/div>\n\t\t\t\t\t<\/div>\n\t\t\t\t<\/div>\n\t\t\t\t<\/div>\n\t\t","protected":false},"excerpt":{"rendered":"<p>Warum Bio? 1. Lebensmittel ohne sch\u00e4dliche Substanzen Warum Bio? Bio-Lebensmittel und &#8211;Nahrungserg\u00e4nzungsmittel werden ohne synthetische Pestizide, Herbizide oder D\u00fcngemittel hergestellt&#8230;.<\/p>\n","protected":false},"author":1,"featured_media":0,"parent":0,"menu_order":0,"comment_status":"closed","ping_status":"closed","template":"elementor_header_footer","meta":{"_acf_changed":false,"footnotes":""},"class_list":["post-3406","page","type-page","status-publish","hentry"],"acf":[],"_links":{"self":[{"href":"https:\/\/tinellasuperfoods.nl\/de\/wp-json\/wp\/v2\/pages\/3406","targetHints":{"allow":["GET"]}}],"collection":[{"href":"https:\/\/tinellasuperfoods.nl\/de\/wp-json\/wp\/v2\/pages"}],"about":[{"href":"https:\/\/tinellasuperfoods.nl\/de\/wp-json\/wp\/v2\/types\/page"}],"author":[{"embeddable":true,"href":"https:\/\/tinellasuperfoods.nl\/de\/wp-json\/wp\/v2\/users\/1"}],"replies":[{"embeddable":true,"href":"https:\/\/tinellasuperfoods.nl\/de\/wp-json\/wp\/v2\/comments?post=3406"}],"version-history":[{"count":1,"href":"https:\/\/tinellasuperfoods.nl\/de\/wp-json\/wp\/v2\/pages\/3406\/revisions"}],"predecessor-version":[{"id":3407,"href":"https:\/\/tinellasuperfoods.nl\/de\/wp-json\/wp\/v2\/pages\/3406\/revisions\/3407"}],"wp:attachment":[{"href":"https:\/\/tinellasuperfoods.nl\/de\/wp-json\/wp\/v2\/media?parent=3406"}],"curies":[{"name":"wp","href":"https:\/\/api.w.org\/{rel}","templated":true}]}}