{"id":3393,"date":"2025-03-24T16:47:46","date_gmt":"2025-03-24T16:47:46","guid":{"rendered":"https:\/\/tinellasuperfoods.nl\/warum-ingwer\/"},"modified":"2026-02-27T10:18:29","modified_gmt":"2026-02-27T10:18:29","slug":"warum-ingwer","status":"publish","type":"page","link":"https:\/\/tinellasuperfoods.nl\/de\/warum-ingwer\/","title":{"rendered":"Warum Ingwer"},"content":{"rendered":"\t\t<div data-elementor-type=\"wp-page\" data-elementor-id=\"3393\" class=\"elementor elementor-3393 elementor-149\">\n\t\t\t\t<div class=\"elementor-element elementor-element-33a1a6f bdt-backdrop-filter-yes e-flex e-con-boxed bdt-filter-backdrop e-con e-parent\" data-id=\"33a1a6f\" data-element_type=\"container\" data-e-type=\"container\" data-settings=\"{&quot;background_background&quot;:&quot;classic&quot;}\">\n\t\t\t\t\t<div class=\"e-con-inner\">\n\t\t\t\t<div class=\"elementor-element elementor-element-e6295ac elementor-widget elementor-widget-heading\" data-id=\"e6295ac\" data-element_type=\"widget\" data-e-type=\"widget\" data-widget_type=\"heading.default\">\n\t\t\t\t\t<h1 class=\"elementor-heading-title elementor-size-default\">Was Sie \u00fcber Ingwer wissen m\u00fcssen<\/h1>\t\t\t\t<\/div>\n\t\t\t\t\t<\/div>\n\t\t\t\t<\/div>\n\t\t<div class=\"elementor-element elementor-element-5948c9b e-flex e-con-boxed e-con e-parent\" data-id=\"5948c9b\" data-element_type=\"container\" data-e-type=\"container\">\n\t\t\t\t\t<div class=\"e-con-inner\">\n\t\t<div class=\"elementor-element elementor-element-e7ae845 e-con-full e-flex e-con e-child\" data-id=\"e7ae845\" data-element_type=\"container\" data-e-type=\"container\">\n\t\t\t\t<div class=\"elementor-element elementor-element-bb9ffb9 elementor-widget elementor-widget-heading\" data-id=\"bb9ffb9\" data-element_type=\"widget\" data-e-type=\"widget\" data-widget_type=\"heading.default\">\n\t\t\t\t\t<h2 class=\"elementor-heading-title elementor-size-default\">Ingwer und Leistungsf\u00e4higkeit: Die Wissenschaft hinter den Nahrungserg\u00e4nzungsmitteln\n<\/h2>\t\t\t\t<\/div>\n\t\t\t\t<div class=\"elementor-element elementor-element-35cb90b elementor-widget elementor-widget-text-editor\" data-id=\"35cb90b\" data-element_type=\"widget\" data-e-type=\"widget\" data-widget_type=\"text-editor.default\">\n\t\t\t\t\t\t\t\t\t<p dir=\"auto\" style=\"--lineheightdesktop: 1.3; --fontsizedesktop: 18px; color: #f7af31;\" data-pm-slice=\"1 1 []\"><span style=\"color: #000000; font-size: 19px; font-weight: 400;\">Ingwer ist ein Kraut, das seit Jahrhunderten aufgrund seiner heilenden Eigenschaften verwendet wird. Hier ist eine Zusammenfassung wissenschaftlicher Studien, die die Verwendung von Ingwerkapseln und deren Wirkung auf die sportliche Leistung untersucht haben: <\/span><\/p>\t\t\t\t\t\t\t\t<\/div>\n\t\t\t\t<div class=\"elementor-element elementor-element-94996dd elementor-widget elementor-widget-heading\" data-id=\"94996dd\" data-element_type=\"widget\" data-e-type=\"widget\" data-widget_type=\"heading.default\">\n\t\t\t\t\t<h2 class=\"elementor-heading-title elementor-size-default\">1. Verringerung von Muskelschmerzen und Entz\u00fcndungen: <\/h2>\t\t\t\t<\/div>\n\t\t\t\t<div class=\"elementor-element elementor-element-55a3e60 elementor-widget elementor-widget-text-editor\" data-id=\"55a3e60\" data-element_type=\"widget\" data-e-type=\"widget\" data-widget_type=\"text-editor.default\">\n\t\t\t\t\t\t\t\t\t<p class=\"body\" dir=\"auto\" data-pm-slice=\"1 1 []\"><span style=\"color: #000000;\">Intensive k\u00f6rperliche Bet\u00e4tigung kann zu Muskelkater und Entz\u00fcndungen f\u00fchren. Ingwer enth\u00e4lt mehrere bioaktive Verbindungen wie Gingerole und Shogaole, die entz\u00fcndungshemmende Eigenschaften besitzen. Studien haben gezeigt, dass die Einnahme von Ingwerpr\u00e4paraten Muskelkater und Entz\u00fcndungen nach dem Training lindern kann <span style=\"color: #99cc00;\"><u><a style=\"color: #99cc00;\" href=\"https:\/\/pubmed.ncbi.nlm.nih.gov\/20418184\/\" target=\"_blank\" rel=\"nofollow noopener\">(Quelle:)<\/a><\/u><\/span>.  <\/span><\/p>\t\t\t\t\t\t\t\t<\/div>\n\t\t\t\t<div class=\"elementor-element elementor-element-72f2eff elementor-widget elementor-widget-heading\" data-id=\"72f2eff\" data-element_type=\"widget\" data-e-type=\"widget\" data-widget_type=\"heading.default\">\n\t\t\t\t\t<h2 class=\"elementor-heading-title elementor-size-default\">2. Verbesserte Verdauung:<\/h2>\t\t\t\t<\/div>\n\t\t\t\t<div class=\"elementor-element elementor-element-ec026ea elementor-widget elementor-widget-text-editor\" data-id=\"ec026ea\" data-element_type=\"widget\" data-e-type=\"widget\" data-widget_type=\"text-editor.default\">\n\t\t\t\t\t\t\t\t\t<p class=\"body\" dir=\"auto\" data-pm-slice=\"1 1 []\"><span style=\"color: #000000;\">Eine gesunde Verdauung ist wichtig f\u00fcr die Energieversorgung w\u00e4hrend des Trainings. Ingwer gilt seit Langem als bew\u00e4hrtes Mittel gegen Magenverstimmungen und \u00dcbelkeit. Mehrere Studien haben gezeigt, dass Ingwer \u00dcbelkeit und Erbrechen lindern kann, was f\u00fcr Sportler, die w\u00e4hrend des Trainings Magenbeschwerden haben, von Vorteil sein kann <span style=\"color: #99cc00;\"><u><a style=\"color: #99cc00;\" href=\"https:\/\/pubmed.ncbi.nlm.nih.gov\/23612703\/\" target=\"_blank\" rel=\"nofollow noopener\">(Quelle:)<\/a><\/u><\/span>.  <\/span><\/p>\t\t\t\t\t\t\t\t<\/div>\n\t\t\t\t<\/div>\n\t\t<div class=\"elementor-element elementor-element-38ceccf e-con-full e-flex e-con e-child\" data-id=\"38ceccf\" data-element_type=\"container\" data-e-type=\"container\">\n\t\t\t\t<div class=\"elementor-element elementor-element-4b3b91a elementor-widget elementor-widget-image\" data-id=\"4b3b91a\" data-element_type=\"widget\" data-e-type=\"widget\" data-widget_type=\"image.default\">\n\t\t\t\t\t\t\t\t\t\t\t\t\t\t\t<img fetchpriority=\"high\" decoding=\"async\" width=\"1024\" height=\"1024\" src=\"https:\/\/tinellasuperfoods.nl\/wp-content\/uploads\/2025\/04\/Ontspanning-spijsvertering-Gezonde-Keuzes-Natuurlijke-Supplementen.jpg-1024x1024.webp\" class=\"attachment-large size-large wp-image-3390\" alt=\"Eine l\u00e4chelnde Frau mit geschlossenen Augen sitzt an einem K\u00fcchentisch. Vor ihr stehen ein Teller Salat und mehrere Sch\u00fcsseln mit gesundem Essen. Auf dem Tisch stehen au\u00dferdem ein Wasserkrug und Besteck.\" srcset=\"https:\/\/tinellasuperfoods.nl\/wp-content\/uploads\/2025\/04\/Ontspanning-spijsvertering-Gezonde-Keuzes-Natuurlijke-Supplementen.jpg-1024x1024.webp 1024w, https:\/\/tinellasuperfoods.nl\/wp-content\/uploads\/2025\/04\/Ontspanning-spijsvertering-Gezonde-Keuzes-Natuurlijke-Supplementen.jpg-300x300.webp 300w, https:\/\/tinellasuperfoods.nl\/wp-content\/uploads\/2025\/04\/Ontspanning-spijsvertering-Gezonde-Keuzes-Natuurlijke-Supplementen.jpg-150x150.webp 150w, https:\/\/tinellasuperfoods.nl\/wp-content\/uploads\/2025\/04\/Ontspanning-spijsvertering-Gezonde-Keuzes-Natuurlijke-Supplementen.jpg-768x768.webp 768w, https:\/\/tinellasuperfoods.nl\/wp-content\/uploads\/2025\/04\/Ontspanning-spijsvertering-Gezonde-Keuzes-Natuurlijke-Supplementen.jpg-1536x1536.webp 1536w, https:\/\/tinellasuperfoods.nl\/wp-content\/uploads\/2025\/04\/Ontspanning-spijsvertering-Gezonde-Keuzes-Natuurlijke-Supplementen.jpg-12x12.webp 12w, https:\/\/tinellasuperfoods.nl\/wp-content\/uploads\/2025\/04\/Ontspanning-spijsvertering-Gezonde-Keuzes-Natuurlijke-Supplementen.jpg-600x600.webp 600w, https:\/\/tinellasuperfoods.nl\/wp-content\/uploads\/2025\/04\/Ontspanning-spijsvertering-Gezonde-Keuzes-Natuurlijke-Supplementen.jpg-100x100.webp 100w, https:\/\/tinellasuperfoods.nl\/wp-content\/uploads\/2025\/04\/Ontspanning-spijsvertering-Gezonde-Keuzes-Natuurlijke-Supplementen.jpg.webp 1920w\" sizes=\"(max-width: 1024px) 100vw, 1024px\" \/>\t\t\t\t\t\t\t\t\t\t\t\t\t\t\t<\/div>\n\t\t\t\t<\/div>\n\t\t<div class=\"elementor-element elementor-element-65a8d0c e-con-full e-flex e-con e-child\" data-id=\"65a8d0c\" data-element_type=\"container\" data-e-type=\"container\">\n\t\t\t\t<div class=\"elementor-element elementor-element-f344bcf elementor-hidden-mobile elementor-hidden-tablet elementor-widget elementor-widget-image\" data-id=\"f344bcf\" data-element_type=\"widget\" data-e-type=\"widget\" data-widget_type=\"image.default\">\n\t\t\t\t\t\t\t\t\t\t\t\t\t\t\t<img decoding=\"async\" width=\"1024\" height=\"1024\" src=\"https:\/\/tinellasuperfoods.nl\/wp-content\/uploads\/2025\/04\/Biologische-Gembercapsules-Effect-Spijsverteringsstelsel.jpg-1024x1024.webp\" class=\"attachment-large size-large wp-image-3391\" alt=\"\u00dcbersicht \u00fcber wissenschaftliche Studien zu den Auswirkungen von Ingwerkapseln auf die sportliche Leistungsf\u00e4higkeit, einschlie\u00dflich der Verringerung von Muskelkater und Entz\u00fcndungen, der Verbesserung der Verdauung, des Abbaus von oxidativem Stress und der Verbesserung der Durchblutung.\" srcset=\"https:\/\/tinellasuperfoods.nl\/wp-content\/uploads\/2025\/04\/Biologische-Gembercapsules-Effect-Spijsverteringsstelsel.jpg-1024x1024.webp 1024w, https:\/\/tinellasuperfoods.nl\/wp-content\/uploads\/2025\/04\/Biologische-Gembercapsules-Effect-Spijsverteringsstelsel.jpg-300x300.webp 300w, https:\/\/tinellasuperfoods.nl\/wp-content\/uploads\/2025\/04\/Biologische-Gembercapsules-Effect-Spijsverteringsstelsel.jpg-150x150.webp 150w, https:\/\/tinellasuperfoods.nl\/wp-content\/uploads\/2025\/04\/Biologische-Gembercapsules-Effect-Spijsverteringsstelsel.jpg-768x768.webp 768w, https:\/\/tinellasuperfoods.nl\/wp-content\/uploads\/2025\/04\/Biologische-Gembercapsules-Effect-Spijsverteringsstelsel.jpg-1536x1536.webp 1536w, https:\/\/tinellasuperfoods.nl\/wp-content\/uploads\/2025\/04\/Biologische-Gembercapsules-Effect-Spijsverteringsstelsel.jpg-12x12.webp 12w, https:\/\/tinellasuperfoods.nl\/wp-content\/uploads\/2025\/04\/Biologische-Gembercapsules-Effect-Spijsverteringsstelsel.jpg-600x600.webp 600w, https:\/\/tinellasuperfoods.nl\/wp-content\/uploads\/2025\/04\/Biologische-Gembercapsules-Effect-Spijsverteringsstelsel.jpg-100x100.webp 100w, https:\/\/tinellasuperfoods.nl\/wp-content\/uploads\/2025\/04\/Biologische-Gembercapsules-Effect-Spijsverteringsstelsel.jpg.webp 1920w\" sizes=\"(max-width: 1024px) 100vw, 1024px\" \/>\t\t\t\t\t\t\t\t\t\t\t\t\t\t\t<\/div>\n\t\t\t\t<\/div>\n\t\t<div class=\"elementor-element elementor-element-2b7f382 e-con-full e-flex e-con e-child\" data-id=\"2b7f382\" data-element_type=\"container\" data-e-type=\"container\">\n\t\t\t\t<div class=\"elementor-element elementor-element-83a99f6 elementor-widget elementor-widget-heading\" data-id=\"83a99f6\" data-element_type=\"widget\" data-e-type=\"widget\" data-widget_type=\"heading.default\">\n\t\t\t\t\t<h2 class=\"elementor-heading-title elementor-size-default\">3. Reduzierter oxidativer Stress:<\/h2>\t\t\t\t<\/div>\n\t\t\t\t<div class=\"elementor-element elementor-element-40f6b39 elementor-widget elementor-widget-text-editor\" data-id=\"40f6b39\" data-element_type=\"widget\" data-e-type=\"widget\" data-widget_type=\"text-editor.default\">\n\t\t\t\t\t\t\t\t\t<p class=\"body\" dir=\"auto\" data-pm-slice=\"1 1 []\"><span style=\"color: #000000;\">Intensive k\u00f6rperliche Bet\u00e4tigung kann oxidativen Stress verursachen, der zu M\u00fcdigkeit und Muskelsch\u00e4den f\u00fchren kann. Ingwer enth\u00e4lt Antioxidantien, die helfen k\u00f6nnen, oxidativen Stress zu reduzieren. Studien haben gezeigt, dass die Einnahme von Ingwerpr\u00e4paraten den Antioxidantienstatus erh\u00f6hen und vor oxidativen Sch\u00e4den sch\u00fctzen kann <span style=\"color: #99cc00;\"><u><a style=\"color: #99cc00;\" href=\"https:\/\/pubmed.ncbi.nlm.nih.gov\/22784345\/\" target=\"_blank\" rel=\"nofollow noopener\">(Quelle:)<\/a><\/u><\/span>.  <\/span><\/p>\t\t\t\t\t\t\t\t<\/div>\n\t\t\t\t<div class=\"elementor-element elementor-element-266cf49 elementor-hidden-desktop elementor-hidden-laptop elementor-widget elementor-widget-image\" data-id=\"266cf49\" data-element_type=\"widget\" data-e-type=\"widget\" data-widget_type=\"image.default\">\n\t\t\t\t\t\t\t\t\t\t\t\t\t\t\t<img decoding=\"async\" width=\"1024\" height=\"1024\" src=\"https:\/\/tinellasuperfoods.nl\/wp-content\/uploads\/2025\/04\/Biologische-Gembercapsules-Effect-Spijsverteringsstelsel.jpg-1024x1024.webp\" class=\"attachment-large size-large wp-image-3391\" alt=\"\u00dcbersicht \u00fcber wissenschaftliche Studien zu den Auswirkungen von Ingwerkapseln auf die sportliche Leistungsf\u00e4higkeit, einschlie\u00dflich der Verringerung von Muskelkater und Entz\u00fcndungen, der Verbesserung der Verdauung, des Abbaus von oxidativem Stress und der Verbesserung der Durchblutung.\" srcset=\"https:\/\/tinellasuperfoods.nl\/wp-content\/uploads\/2025\/04\/Biologische-Gembercapsules-Effect-Spijsverteringsstelsel.jpg-1024x1024.webp 1024w, https:\/\/tinellasuperfoods.nl\/wp-content\/uploads\/2025\/04\/Biologische-Gembercapsules-Effect-Spijsverteringsstelsel.jpg-300x300.webp 300w, https:\/\/tinellasuperfoods.nl\/wp-content\/uploads\/2025\/04\/Biologische-Gembercapsules-Effect-Spijsverteringsstelsel.jpg-150x150.webp 150w, https:\/\/tinellasuperfoods.nl\/wp-content\/uploads\/2025\/04\/Biologische-Gembercapsules-Effect-Spijsverteringsstelsel.jpg-768x768.webp 768w, https:\/\/tinellasuperfoods.nl\/wp-content\/uploads\/2025\/04\/Biologische-Gembercapsules-Effect-Spijsverteringsstelsel.jpg-1536x1536.webp 1536w, https:\/\/tinellasuperfoods.nl\/wp-content\/uploads\/2025\/04\/Biologische-Gembercapsules-Effect-Spijsverteringsstelsel.jpg-12x12.webp 12w, https:\/\/tinellasuperfoods.nl\/wp-content\/uploads\/2025\/04\/Biologische-Gembercapsules-Effect-Spijsverteringsstelsel.jpg-600x600.webp 600w, https:\/\/tinellasuperfoods.nl\/wp-content\/uploads\/2025\/04\/Biologische-Gembercapsules-Effect-Spijsverteringsstelsel.jpg-100x100.webp 100w, https:\/\/tinellasuperfoods.nl\/wp-content\/uploads\/2025\/04\/Biologische-Gembercapsules-Effect-Spijsverteringsstelsel.jpg.webp 1920w\" sizes=\"(max-width: 1024px) 100vw, 1024px\" \/>\t\t\t\t\t\t\t\t\t\t\t\t\t\t\t<\/div>\n\t\t\t\t<div class=\"elementor-element elementor-element-25ee9b3 elementor-widget elementor-widget-heading\" data-id=\"25ee9b3\" data-element_type=\"widget\" data-e-type=\"widget\" data-widget_type=\"heading.default\">\n\t\t\t\t\t<h2 class=\"elementor-heading-title elementor-size-default\">4. Verbesserte Durchblutung:<\/h2>\t\t\t\t<\/div>\n\t\t\t\t<div class=\"elementor-element elementor-element-f6b746e elementor-widget elementor-widget-text-editor\" data-id=\"f6b746e\" data-element_type=\"widget\" data-e-type=\"widget\" data-widget_type=\"text-editor.default\">\n\t\t\t\t\t\t\t\t\t<p class=\"body\" dir=\"auto\" data-pm-slice=\"1 1 []\"><span style=\"color: #000000;\">Eine gute Durchblutung ist f\u00fcr den Transport von Sauerstoff und N\u00e4hrstoffen zu den Muskeln w\u00e4hrend des Trainings unerl\u00e4sslich. Ingwer enth\u00e4lt Verbindungen wie Gingerole, die die Durchblutung verbessern k\u00f6nnen. Studien haben gezeigt, dass Ingwerpr\u00e4parate die Durchblutung steigern und den Blutdruck senken k\u00f6nnen, was zu einer verbesserten Leistungsf\u00e4higkeit beim Sport beitragen kann <span style=\"color: #99cc00;\"><u><a style=\"color: #99cc00;\" href=\"https:\/\/pubmed.ncbi.nlm.nih.gov\/23123794\/\" target=\"_blank\" rel=\"nofollow noopener\">(Quelle:)<\/a><\/u><\/span>.  <\/span><\/p>\t\t\t\t\t\t\t\t<\/div>\n\t\t\t\t<div class=\"elementor-element elementor-element-a2f5d1a elementor-widget elementor-widget-text-editor\" data-id=\"a2f5d1a\" data-element_type=\"widget\" data-e-type=\"widget\" data-widget_type=\"text-editor.default\">\n\t\t\t\t\t\t\t\t\t<p class=\"body\" dir=\"auto\" data-pm-slice=\"1 1 []\"><span style=\"color: #000000;\">Es ist wichtig zu beachten, dass die Reaktion auf Ingwer individuell unterschiedlich sein kann und weitere Forschung n\u00f6tig ist, um die optimale Dosierung und Anwendungsdauer zu bestimmen. Ingwer kann zudem blutverd\u00fcnnend wirken. Daher ist Vorsicht geboten, wenn Sie blutverd\u00fcnnende Medikamente einnehmen oder an einer Blutgerinnungsst\u00f6rung leiden. Es wird empfohlen, vor der Einnahme von Ingwerpr\u00e4paraten einen Arzt oder Apotheker zu konsultieren, insbesondere bei bestehenden Erkrankungen.  <\/span><\/p>\t\t\t\t\t\t\t\t<\/div>\n\t\t\t\t<\/div>\n\t\t\t\t\t<\/div>\n\t\t\t\t<\/div>\n\t\t\t\t<\/div>\n\t\t","protected":false},"excerpt":{"rendered":"<p>Was Sie \u00fcber Ingwer wissen m\u00fcssen Ingwer und Leistungsf\u00e4higkeit: Die Wissenschaft hinter den Nahrungserg\u00e4nzungsmitteln Ingwer ist ein Kraut, das seit&#8230;<\/p>\n","protected":false},"author":1,"featured_media":0,"parent":0,"menu_order":0,"comment_status":"closed","ping_status":"closed","template":"elementor_header_footer","meta":{"_acf_changed":false,"footnotes":""},"class_list":["post-3393","page","type-page","status-publish","hentry"],"acf":[],"_links":{"self":[{"href":"https:\/\/tinellasuperfoods.nl\/de\/wp-json\/wp\/v2\/pages\/3393","targetHints":{"allow":["GET"]}}],"collection":[{"href":"https:\/\/tinellasuperfoods.nl\/de\/wp-json\/wp\/v2\/pages"}],"about":[{"href":"https:\/\/tinellasuperfoods.nl\/de\/wp-json\/wp\/v2\/types\/page"}],"author":[{"embeddable":true,"href":"https:\/\/tinellasuperfoods.nl\/de\/wp-json\/wp\/v2\/users\/1"}],"replies":[{"embeddable":true,"href":"https:\/\/tinellasuperfoods.nl\/de\/wp-json\/wp\/v2\/comments?post=3393"}],"version-history":[{"count":1,"href":"https:\/\/tinellasuperfoods.nl\/de\/wp-json\/wp\/v2\/pages\/3393\/revisions"}],"predecessor-version":[{"id":3395,"href":"https:\/\/tinellasuperfoods.nl\/de\/wp-json\/wp\/v2\/pages\/3393\/revisions\/3395"}],"wp:attachment":[{"href":"https:\/\/tinellasuperfoods.nl\/de\/wp-json\/wp\/v2\/media?parent=3393"}],"curies":[{"name":"wp","href":"https:\/\/api.w.org\/{rel}","templated":true}]}}