{"id":3365,"date":"2025-03-24T16:47:45","date_gmt":"2025-03-24T16:47:45","guid":{"rendered":"https:\/\/tinellasuperfoods.nl\/verdauung\/"},"modified":"2026-03-09T07:13:37","modified_gmt":"2026-03-09T07:13:37","slug":"verdauung","status":"publish","type":"page","link":"https:\/\/tinellasuperfoods.nl\/de\/verdauung\/","title":{"rendered":"Verdauung"},"content":{"rendered":"\t\t<div data-elementor-type=\"wp-page\" data-elementor-id=\"3365\" class=\"elementor elementor-3365 elementor-142\">\n\t\t\t\t<div class=\"elementor-element elementor-element-875bc7c e-con-full e-flex e-con e-parent\" data-id=\"875bc7c\" data-element_type=\"container\" data-e-type=\"container\">\n\t\t\t\t<div class=\"elementor-element elementor-element-7843fc0 elementor-widget__width-initial elementor-widget-laptop__width-initial elementor-widget-tablet__width-initial elementor-widget elementor-widget-heading\" data-id=\"7843fc0\" data-element_type=\"widget\" data-e-type=\"widget\" data-widget_type=\"heading.default\">\n\t\t\t\t\t<h1 class=\"elementor-heading-title elementor-size-default\">Ingwer f\u00fcr die Verdauung: Entdecken Sie die Vorteile<\/h1>\t\t\t\t<\/div>\n\t\t\t\t<\/div>\n\t\t<div class=\"elementor-element elementor-element-d5e6aab e-flex e-con-boxed e-con e-parent\" data-id=\"d5e6aab\" data-element_type=\"container\" data-e-type=\"container\">\n\t\t\t\t\t<div class=\"e-con-inner\">\n\t\t<div class=\"elementor-element elementor-element-7f68aa3 e-con-full e-flex e-con e-child\" data-id=\"7f68aa3\" data-element_type=\"container\" data-e-type=\"container\">\n\t\t\t\t<div class=\"elementor-element elementor-element-dc2342e elementor-widget elementor-widget-text-editor\" data-id=\"dc2342e\" data-element_type=\"widget\" data-e-type=\"widget\" data-widget_type=\"text-editor.default\">\n\t\t\t\t\t\t\t\t\t<p class=\"body\" dir=\"auto\" data-pm-slice=\"1 1 []\"><span style=\"color: #000000;\">Unsere <a style=\"color: #99cc00;\" href=\"https:\/\/tinellasuperfoods.nl\/de\/produkt\/ingwerkapseln-tinella-120-stueck\/\" target=\"_self\" rel=\"\" data-page-id=\"zKn3FD\">Bio-Ingwerkapseln<\/a> bieten nat\u00fcrliche Linderung und Unterst\u00fctzung der Verdauung und helfen bei einer Vielzahl von Magen- und Darmbeschwerden.<\/span><\/p><p class=\"body\" dir=\"auto\"><span style=\"color: #000000;\">Die Bio-Ingwerkapseln von Tinella unterst\u00fctzen auf nat\u00fcrliche Weise die Verdauung und tragen zum Gleichgewicht des K\u00f6rpers bei. Sie bieten zudem zahlreiche weitere Vorteile f\u00fcr einen gesunden Magen und Darm und eignen sich daher ideal f\u00fcr den t\u00e4glichen Gebrauch bei Verdauungsproblemen oder f\u00fcr alle, die pr\u00e4ventiv etwas f\u00fcr ihre Gesundheit tun m\u00f6chten. <\/span><\/p>\t\t\t\t\t\t\t\t<\/div>\n\t\t\t\t<div class=\"elementor-element elementor-element-d55d8cb elementor-widget elementor-widget-heading\" data-id=\"d55d8cb\" data-element_type=\"widget\" data-e-type=\"widget\" data-widget_type=\"heading.default\">\n\t\t\t\t\t<h2 class=\"elementor-heading-title elementor-size-default\">Ingwer als nat\u00fcrliches Mittel zur F\u00f6rderung einer regelm\u00e4\u00dfigen Verdauung<\/h2>\t\t\t\t<\/div>\n\t\t\t\t<div class=\"elementor-element elementor-element-e4b564b elementor-widget elementor-widget-text-editor\" data-id=\"e4b564b\" data-element_type=\"widget\" data-e-type=\"widget\" data-widget_type=\"text-editor.default\">\n\t\t\t\t\t\t\t\t\t<p class=\"body\" dir=\"auto\" data-pm-slice=\"1 1 []\"><span style=\"color: #000000;\">Unregelm\u00e4\u00dfiger Stuhlgang ist ein h\u00e4ufiges Problem bei Verdauungsbeschwerden. Ingwer kann zu einem regelm\u00e4\u00dfigen Stuhlgang beitragen, indem er die Durchblutung des Verdauungssystems f\u00f6rdert und die Darmmuskulatur entspannt. Dadurch werden Symptome wie Kr\u00e4mpfe und Verstopfung gelindert, und Sie f\u00fchlen sich wohler.  <\/span><\/p>\t\t\t\t\t\t\t\t<\/div>\n\t\t\t\t<div class=\"elementor-element elementor-element-18a7a4a elementor-widget elementor-widget-heading\" data-id=\"18a7a4a\" data-element_type=\"widget\" data-e-type=\"widget\" data-widget_type=\"heading.default\">\n\t\t\t\t\t<h2 class=\"elementor-heading-title elementor-size-default\">Weniger Bl\u00e4hungen und Flatulenz<\/h2>\t\t\t\t<\/div>\n\t\t\t\t<div class=\"elementor-element elementor-element-8e4e928 elementor-widget elementor-widget-text-editor\" data-id=\"8e4e928\" data-element_type=\"widget\" data-e-type=\"widget\" data-widget_type=\"text-editor.default\">\n\t\t\t\t\t\t\t\t\t<p class=\"body\" dir=\"auto\" data-pm-slice=\"1 1 []\"><span style=\"color: #000000;\">Ingwer regt nicht nur die Verdauungss\u00e4fte an, sondern hilft auch, Gase in Magen und Darm zu reduzieren. Dadurch ist er ein wirksames Mittel gegen Bl\u00e4hungen und V\u00f6llegef\u00fchl, die h\u00e4ufig durch schwer verdauliche Speisen oder eine langsame Verdauung verursacht werden. Mit unseren Bio-Ingwerkapseln k\u00f6nnen Sie t\u00e4glich Beschwerden nach dem Essen lindern und sich leichter f\u00fchlen.  <\/span><\/p>\t\t\t\t\t\t\t\t<\/div>\n\t\t\t\t<\/div>\n\t\t<div class=\"elementor-element elementor-element-9e20870 e-con-full e-flex e-con e-child\" data-id=\"9e20870\" data-element_type=\"container\" data-e-type=\"container\">\n\t\t\t\t<div class=\"elementor-element elementor-element-a67e06b elementor-widget elementor-widget-image\" data-id=\"a67e06b\" data-element_type=\"widget\" data-e-type=\"widget\" data-widget_type=\"image.default\">\n\t\t\t\t\t\t\t\t\t\t\t\t\t\t\t<img fetchpriority=\"high\" decoding=\"async\" width=\"1024\" height=\"1024\" src=\"https:\/\/tinellasuperfoods.nl\/wp-content\/uploads\/2025\/04\/Gember-Capsules-Ondersteuning-Spijsvertering-Gezond-Eten.jpg-1024x1024.webp\" class=\"attachment-large size-large wp-image-3363\" alt=\"Informationen zu den Vorteilen von Bio-Ingwerkapseln f\u00fcr die Verdauung, einschlie\u00dflich der Linderung von Magen-Darm-Beschwerden, der F\u00f6rderung eines regelm\u00e4\u00dfigen Stuhlgangs und der Reduzierung von Bl\u00e4hungen und Flatulenz.\" srcset=\"https:\/\/tinellasuperfoods.nl\/wp-content\/uploads\/2025\/04\/Gember-Capsules-Ondersteuning-Spijsvertering-Gezond-Eten.jpg-1024x1024.webp 1024w, https:\/\/tinellasuperfoods.nl\/wp-content\/uploads\/2025\/04\/Gember-Capsules-Ondersteuning-Spijsvertering-Gezond-Eten.jpg-300x300.webp 300w, https:\/\/tinellasuperfoods.nl\/wp-content\/uploads\/2025\/04\/Gember-Capsules-Ondersteuning-Spijsvertering-Gezond-Eten.jpg-150x150.webp 150w, https:\/\/tinellasuperfoods.nl\/wp-content\/uploads\/2025\/04\/Gember-Capsules-Ondersteuning-Spijsvertering-Gezond-Eten.jpg-768x768.webp 768w, https:\/\/tinellasuperfoods.nl\/wp-content\/uploads\/2025\/04\/Gember-Capsules-Ondersteuning-Spijsvertering-Gezond-Eten.jpg-1536x1536.webp 1536w, https:\/\/tinellasuperfoods.nl\/wp-content\/uploads\/2025\/04\/Gember-Capsules-Ondersteuning-Spijsvertering-Gezond-Eten.jpg-12x12.webp 12w, https:\/\/tinellasuperfoods.nl\/wp-content\/uploads\/2025\/04\/Gember-Capsules-Ondersteuning-Spijsvertering-Gezond-Eten.jpg-600x600.webp 600w, https:\/\/tinellasuperfoods.nl\/wp-content\/uploads\/2025\/04\/Gember-Capsules-Ondersteuning-Spijsvertering-Gezond-Eten.jpg-100x100.webp 100w, https:\/\/tinellasuperfoods.nl\/wp-content\/uploads\/2025\/04\/Gember-Capsules-Ondersteuning-Spijsvertering-Gezond-Eten.jpg.webp 1920w\" sizes=\"(max-width: 1024px) 100vw, 1024px\" \/>\t\t\t\t\t\t\t\t\t\t\t\t\t\t\t<\/div>\n\t\t\t\t<\/div>\n\t\t\t\t\t<\/div>\n\t\t\t\t<\/div>\n\t\t<div class=\"elementor-element elementor-element-e55e860 e-flex e-con-boxed e-con e-parent\" data-id=\"e55e860\" data-element_type=\"container\" data-e-type=\"container\">\n\t\t\t\t\t<div class=\"e-con-inner\">\n\t\t<div class=\"elementor-element elementor-element-ac88220 e-con-full e-flex e-con e-child\" data-id=\"ac88220\" data-element_type=\"container\" data-e-type=\"container\">\n\t\t\t\t<div class=\"elementor-element elementor-element-eea40df elementor-widget-mobile__width-initial elementor-widget elementor-widget-image\" data-id=\"eea40df\" data-element_type=\"widget\" data-e-type=\"widget\" data-widget_type=\"image.default\">\n\t\t\t\t\t\t\t\t\t\t\t\t\t\t\t<img decoding=\"async\" width=\"1024\" height=\"1024\" src=\"https:\/\/tinellasuperfoods.nl\/wp-content\/uploads\/2025\/04\/Natuurlijke-Ontstekingsremmer-Gembercapsules-Biologisch.jpg-1024x1024.webp\" class=\"attachment-large size-large wp-image-3364\" alt=\"Nahaufnahme einer Hand, die eine frische Ingwerwurzel und eine goldfarbene Ingwerkapsel h\u00e4lt. Im verschwommenen Hintergrund ist ein Park mit einer joggenden Person zu sehen.\" srcset=\"https:\/\/tinellasuperfoods.nl\/wp-content\/uploads\/2025\/04\/Natuurlijke-Ontstekingsremmer-Gembercapsules-Biologisch.jpg-1024x1024.webp 1024w, https:\/\/tinellasuperfoods.nl\/wp-content\/uploads\/2025\/04\/Natuurlijke-Ontstekingsremmer-Gembercapsules-Biologisch.jpg-300x300.webp 300w, https:\/\/tinellasuperfoods.nl\/wp-content\/uploads\/2025\/04\/Natuurlijke-Ontstekingsremmer-Gembercapsules-Biologisch.jpg-150x150.webp 150w, https:\/\/tinellasuperfoods.nl\/wp-content\/uploads\/2025\/04\/Natuurlijke-Ontstekingsremmer-Gembercapsules-Biologisch.jpg-768x768.webp 768w, https:\/\/tinellasuperfoods.nl\/wp-content\/uploads\/2025\/04\/Natuurlijke-Ontstekingsremmer-Gembercapsules-Biologisch.jpg-1536x1536.webp 1536w, https:\/\/tinellasuperfoods.nl\/wp-content\/uploads\/2025\/04\/Natuurlijke-Ontstekingsremmer-Gembercapsules-Biologisch.jpg.webp 1920w, https:\/\/tinellasuperfoods.nl\/wp-content\/uploads\/2025\/04\/Natuurlijke-Ontstekingsremmer-Gembercapsules-Biologisch.jpg-12x12.webp 12w, https:\/\/tinellasuperfoods.nl\/wp-content\/uploads\/2025\/04\/Natuurlijke-Ontstekingsremmer-Gembercapsules-Biologisch.jpg-600x600.webp 600w, https:\/\/tinellasuperfoods.nl\/wp-content\/uploads\/2025\/04\/Natuurlijke-Ontstekingsremmer-Gembercapsules-Biologisch.jpg-100x100.webp 100w\" sizes=\"(max-width: 1024px) 100vw, 1024px\" \/>\t\t\t\t\t\t\t\t\t\t\t\t\t\t\t<\/div>\n\t\t\t\t<\/div>\n\t\t<div class=\"elementor-element elementor-element-f3f609c e-con-full e-flex e-con e-child\" data-id=\"f3f609c\" data-element_type=\"container\" data-e-type=\"container\">\n\t\t\t\t<div class=\"elementor-element elementor-element-f914f68 elementor-widget elementor-widget-heading\" data-id=\"f914f68\" data-element_type=\"widget\" data-e-type=\"widget\" data-widget_type=\"heading.default\">\n\t\t\t\t\t<h2 class=\"elementor-heading-title elementor-size-default\">Schutz vor entz\u00fcndungsbedingten Verdauungsbeschwerden<\/h2>\t\t\t\t<\/div>\n\t\t\t\t<div class=\"elementor-element elementor-element-f66cea3 elementor-widget-mobile__width-initial elementor-widget elementor-widget-text-editor\" data-id=\"f66cea3\" data-element_type=\"widget\" data-e-type=\"widget\" data-widget_type=\"text-editor.default\">\n\t\t\t\t\t\t\t\t\t<p dir=\"auto\" data-pm-slice=\"1 1 []\"><span style=\"color: #000000;\">Chronische Entz\u00fcndungen im Verdauungstrakt k\u00f6nnen zu schwerwiegenderen Problemen wie dem Reizdarmsyndrom (RDS) f\u00fchren. Ingwer besitzt entz\u00fcndungshemmende Eigenschaften, die helfen, Entz\u00fcndungen zu reduzieren und einen gereizten Magen-Darm-Trakt zu beruhigen. Daher sind Ingwerkapseln eine ausgezeichnete Wahl f\u00fcr Menschen mit chronischen Verdauungsbeschwerden.  <\/span><\/p>\t\t\t\t\t\t\t\t<\/div>\n\t\t\t\t<div class=\"elementor-element elementor-element-fcf9f23 elementor-widget elementor-widget-heading\" data-id=\"fcf9f23\" data-element_type=\"widget\" data-e-type=\"widget\" data-widget_type=\"heading.default\">\n\t\t\t\t\t<h2 class=\"elementor-heading-title elementor-size-default\">Unterst\u00fctzung bei der Gewichtskontrolle<\/h2>\t\t\t\t<\/div>\n\t\t\t\t<div class=\"elementor-element elementor-element-2d7f73c elementor-widget elementor-widget-text-editor\" data-id=\"2d7f73c\" data-element_type=\"widget\" data-e-type=\"widget\" data-widget_type=\"text-editor.default\">\n\t\t\t\t\t\t\t\t\t<p class=\"body\" dir=\"auto\" data-pm-slice=\"1 1 []\"><span style=\"color: #000000;\">Ein gut funktionierendes Verdauungssystem spielt eine Schl\u00fcsselrolle bei der Gewichtskontrolle. Ingwer regt nicht nur die Verdauung an, sondern unterst\u00fctzt auch den Stoffwechsel und die Fettverbrennung. Dadurch wird die Nahrung effizienter verdaut und \u00fcbersch\u00fcssige Kalorien werden schneller verbrannt, was sich positiv auf das Gewicht auswirken kann.  <\/span><\/p>\t\t\t\t\t\t\t\t<\/div>\n\t\t\t\t<div class=\"elementor-element elementor-element-d55ac8b elementor-widget elementor-widget-heading\" data-id=\"d55ac8b\" data-element_type=\"widget\" data-e-type=\"widget\" data-widget_type=\"heading.default\">\n\t\t\t\t\t<h2 class=\"elementor-heading-title elementor-size-default\">Warum sollten Sie sich f\u00fcr Tinellas Bio-Ingwerkapseln entscheiden?<\/h2>\t\t\t\t<\/div>\n\t\t\t\t<div class=\"elementor-element elementor-element-cf29dcf elementor-widget-mobile__width-initial elementor-widget elementor-widget-text-editor\" data-id=\"cf29dcf\" data-element_type=\"widget\" data-e-type=\"widget\" data-widget_type=\"text-editor.default\">\n\t\t\t\t\t\t\t\t\t<p dir=\"auto\" data-pm-slice=\"1 1 []\"><span style=\"color: #000000;\">Unsere Kapseln sind die einfache und praktische L\u00f6sung f\u00fcr alle, die die vielen Vorteile von Ingwer unkompliziert nutzen m\u00f6chten. Sie sind bio, rein pflanzlich und enthalten eine standardisierte Dosis hochwertigen Ingwers \u2013 f\u00fcr optimale Ergebnisse. Entdecken Sie, wie die Bio-Ingwerkapseln von Tinella Ihre Verdauung verbessern und Ihr allgemeines Wohlbefinden f\u00f6rdern k\u00f6nnen. Integrieren Sie sie noch heute in Ihre t\u00e4gliche Routine f\u00fcr ein ges\u00fcnderes und angenehmeres Leben!   <\/span><\/p>\t\t\t\t\t\t\t\t<\/div>\n\t\t\t\t<\/div>\n\t\t\t\t\t<\/div>\n\t\t\t\t<\/div>\n\t\t\t\t<\/div>\n\t\t","protected":false},"excerpt":{"rendered":"<p>Ingwer f\u00fcr die Verdauung: Entdecken Sie die Vorteile Unsere Bio-Ingwerkapseln bieten nat\u00fcrliche Linderung und Unterst\u00fctzung der Verdauung und helfen bei&#8230;<\/p>\n","protected":false},"author":1,"featured_media":0,"parent":0,"menu_order":0,"comment_status":"closed","ping_status":"closed","template":"elementor_header_footer","meta":{"_acf_changed":false,"footnotes":""},"class_list":["post-3365","page","type-page","status-publish","hentry"],"acf":[],"_links":{"self":[{"href":"https:\/\/tinellasuperfoods.nl\/de\/wp-json\/wp\/v2\/pages\/3365","targetHints":{"allow":["GET"]}}],"collection":[{"href":"https:\/\/tinellasuperfoods.nl\/de\/wp-json\/wp\/v2\/pages"}],"about":[{"href":"https:\/\/tinellasuperfoods.nl\/de\/wp-json\/wp\/v2\/types\/page"}],"author":[{"embeddable":true,"href":"https:\/\/tinellasuperfoods.nl\/de\/wp-json\/wp\/v2\/users\/1"}],"replies":[{"embeddable":true,"href":"https:\/\/tinellasuperfoods.nl\/de\/wp-json\/wp\/v2\/comments?post=3365"}],"version-history":[{"count":3,"href":"https:\/\/tinellasuperfoods.nl\/de\/wp-json\/wp\/v2\/pages\/3365\/revisions"}],"predecessor-version":[{"id":3662,"href":"https:\/\/tinellasuperfoods.nl\/de\/wp-json\/wp\/v2\/pages\/3365\/revisions\/3662"}],"wp:attachment":[{"href":"https:\/\/tinellasuperfoods.nl\/de\/wp-json\/wp\/v2\/media?parent=3365"}],"curies":[{"name":"wp","href":"https:\/\/api.w.org\/{rel}","templated":true}]}}