{"id":3347,"date":"2025-03-24T16:47:45","date_gmt":"2025-03-24T16:47:45","guid":{"rendered":"https:\/\/tinellasuperfoods.nl\/zurueckkehren\/"},"modified":"2026-03-09T07:17:49","modified_gmt":"2026-03-09T07:17:49","slug":"zurueckkehren","status":"publish","type":"page","link":"https:\/\/tinellasuperfoods.nl\/de\/zurueckkehren\/","title":{"rendered":"Zur\u00fcckkehren"},"content":{"rendered":"\t\t<div data-elementor-type=\"wp-page\" data-elementor-id=\"3347\" class=\"elementor elementor-3347 elementor-137\">\n\t\t\t\t<div class=\"elementor-element elementor-element-65f583cd e-flex e-con-boxed e-con e-parent\" data-id=\"65f583cd\" data-element_type=\"container\" data-e-type=\"container\">\n\t\t\t\t\t<div class=\"e-con-inner\">\n\t\t\t\t<div class=\"elementor-element elementor-element-25bbf45 elementor-widget elementor-widget-text-editor\" data-id=\"25bbf45\" data-element_type=\"widget\" data-e-type=\"widget\" data-widget_type=\"text-editor.default\">\n\t\t\t\t\t\t\t\t\t<h3><span style=\"color: #000000;\"><b>R\u00fccksendungen \u2013 Wie funktionieren sie?<\/b><\/span><\/h3><ol><li style=\"font-weight: 400;\" aria-level=\"1\"><span style=\"color: #000000;\">Gesetzliches Widerrufsrecht:<br>Sie haben nach Erhalt Ihrer Bestellung ein 14-t\u00e4giges Widerrufsrecht. Innerhalb dieser Frist k\u00f6nnen Sie den Kaufvertrag widerrufen und die Produkte zur\u00fccksenden.<\/span><\/li><li style=\"font-weight: 400;\" aria-level=\"1\"><span style=\"color: #000000;\"><b>Zus\u00e4tzlicher Service: <\/b><br><span style=\"font-weight: 400;\">Bei Tinella Superfoods bieten wir Ihnen zu Ihrem Vorteil ein<\/span> <b>verl\u00e4ngertes 30-t\u00e4giges <\/b><span style=\"font-weight: 400;\">R\u00fcckgaberecht mit kostenlosem Versand.<\/span><\/span><\/li><li style=\"font-weight: 400;\" aria-level=\"1\"><span style=\"color: #000000;\"><b>Schritte zur R\u00fccksendung:<\/b><\/span><ul><li style=\"font-weight: 400;\" aria-level=\"2\"><span style=\"font-weight: 400; color: #000000;\">Melden Sie Ihre R\u00fccksendung per E-Mail an klantenservice@tinellasuperfoods.nl an und geben Sie Ihren Namen, Ihre Bestellnummer und die Produkte an, die Sie zur\u00fccksenden m\u00f6chten.<\/span><\/li><li style=\"font-weight: 400;\" aria-level=\"2\"><span style=\"font-weight: 400; color: #000000;\">Sie erhalten eine Best\u00e4tigung mit weiteren Anweisungen.<\/span><\/li><li style=\"font-weight: 400;\" aria-level=\"2\"><span style=\"font-weight: 400; color: #000000;\">Bitte senden Sie Ihr Produkt innerhalb von 14 Tagen nach Ihrer R\u00fccksendebenachrichtigung an uns zur\u00fcck.<\/span><\/li><\/ul><\/li><\/ol><p><span style=\"color: #000000;\"><b>R\u00fccksendeadresse:<\/b><br><span style=\"font-weight: 400;\">Tinella Superfoods<\/span><br><span style=\"font-weight: 400;\">Rietgorsstraat 16<\/span><br><span style=\"font-weight: 400;\">2496 ML Den Haag<\/span><br><span style=\"font-weight: 400;\">Bitte legen Sie Ihrer R\u00fccksendung folgende Informationen bei<\/span>: <b>RMA-Nummer + Bestellnummer<\/b> (<span style=\"font-weight: 400;\">z. B. auf dem Paket oder in einem Zettel im Paket).<\/span><\/span><\/p><p><span style=\"color: #000000;\"><b>R\u00fcckerstattung: <\/b><br><span style=\"font-weight: 400;\">Sobald wir Ihre R\u00fccksendung oder den Versandnachweis erhalten haben, erstatten wir Ihnen den Kaufpreis (einschlie\u00dflich der Versandkosten f\u00fcr die Hinlieferung) \u00fcber die von Ihnen verwendete Zahlungsmethode. Die R\u00fcckerstattung erfolgt innerhalb von 14 Tagen.<\/span><\/span><\/p><p><span style=\"color: #000000;\"><b>Ausnahmen f\u00fcr Hygieneprodukte:<\/b><\/span><\/p><p><span style=\"font-weight: 400; color: #000000;\">Aus Gr\u00fcnden des Gesundheitsschutzes k\u00f6nnen bestimmte Produkte nicht zur\u00fcckgegeben werden, wenn die Versiegelung nach der Lieferung besch\u00e4digt wurde, wie zum Beispiel:<\/span><\/p><ul><li><span style=\"font-weight: 400; color: #000000;\">Frisuren<\/span><\/li><li><span style=\"font-weight: 400; color: #000000;\">Tabletten<\/span><\/li><li><span style=\"font-weight: 400; color: #000000;\">Pulver<\/span><\/li><li><span style=\"font-weight: 400; color: #000000;\">Getr\u00e4nke<\/span><\/li><li><span style=\"font-weight: 400; color: #000000;\">Cremes<\/span><\/li><li><span style=\"font-weight: 400; color: #000000;\">\u00d6le<\/span><\/li><\/ul>\t\t\t\t\t\t\t\t<\/div>\n\t\t\t\t\t<\/div>\n\t\t\t\t<\/div>\n\t\t\t\t<\/div>\n\t\t","protected":false},"excerpt":{"rendered":"<p>R\u00fccksendungen \u2013 Wie funktionieren sie? Gesetzliches Widerrufsrecht:Sie haben nach Erhalt Ihrer Bestellung ein 14-t\u00e4giges Widerrufsrecht. Innerhalb dieser Frist k\u00f6nnen Sie&#8230;<\/p>\n","protected":false},"author":1,"featured_media":0,"parent":0,"menu_order":0,"comment_status":"open","ping_status":"closed","template":"","meta":{"_acf_changed":false,"footnotes":""},"class_list":["post-3347","page","type-page","status-publish","hentry"],"acf":[],"_links":{"self":[{"href":"https:\/\/tinellasuperfoods.nl\/de\/wp-json\/wp\/v2\/pages\/3347","targetHints":{"allow":["GET"]}}],"collection":[{"href":"https:\/\/tinellasuperfoods.nl\/de\/wp-json\/wp\/v2\/pages"}],"about":[{"href":"https:\/\/tinellasuperfoods.nl\/de\/wp-json\/wp\/v2\/types\/page"}],"author":[{"embeddable":true,"href":"https:\/\/tinellasuperfoods.nl\/de\/wp-json\/wp\/v2\/users\/1"}],"replies":[{"embeddable":true,"href":"https:\/\/tinellasuperfoods.nl\/de\/wp-json\/wp\/v2\/comments?post=3347"}],"version-history":[{"count":3,"href":"https:\/\/tinellasuperfoods.nl\/de\/wp-json\/wp\/v2\/pages\/3347\/revisions"}],"predecessor-version":[{"id":3676,"href":"https:\/\/tinellasuperfoods.nl\/de\/wp-json\/wp\/v2\/pages\/3347\/revisions\/3676"}],"wp:attachment":[{"href":"https:\/\/tinellasuperfoods.nl\/de\/wp-json\/wp\/v2\/media?parent=3347"}],"curies":[{"name":"wp","href":"https:\/\/api.w.org\/{rel}","templated":true}]}}