{"id":3330,"date":"2025-03-24T16:47:45","date_gmt":"2025-03-24T16:47:45","guid":{"rendered":"https:\/\/tinellasuperfoods.nl\/privacyverklaring\/"},"modified":"2026-03-09T07:23:55","modified_gmt":"2026-03-09T07:23:55","slug":"privacyverklaring","status":"publish","type":"page","link":"https:\/\/tinellasuperfoods.nl\/de\/privacyverklaring\/","title":{"rendered":"Privacyverklaring"},"content":{"rendered":"\t\t<div data-elementor-type=\"wp-page\" data-elementor-id=\"3330\" class=\"elementor elementor-3330 elementor-139\">\n\t\t\t\t<div class=\"elementor-element elementor-element-4205ff58 e-flex e-con-boxed e-con e-parent\" data-id=\"4205ff58\" data-element_type=\"container\" data-e-type=\"container\">\n\t\t\t\t\t<div class=\"e-con-inner\">\n\t\t\t\t<div class=\"elementor-element elementor-element-27f0bc87 elementor-widget elementor-widget-text-editor\" data-id=\"27f0bc87\" data-element_type=\"widget\" data-e-type=\"widget\" data-widget_type=\"text-editor.default\">\n\t\t\t\t\t\t\t\t\t<h3 dir=\"auto\">DATENSCHUTZERKL\u00c4RUNG TINELLA SUPERFOODS<\/h3><p class=\"body\" dir=\"auto\"><span style=\"color: #000000;\">ARTIKEL 1. DATENVERANTWORTLICHER <\/span><\/p><p class=\"body\" dir=\"auto\"><span style=\"color: #000000;\">Tinella Superfoods (nachfolgend \u201eTinella\u201c) ist die verantwortliche Stelle f\u00fcr die in dieser Datenschutzerkl\u00e4rung beschriebene Datenverarbeitung. Tinella konzentriert sich auf den Vertrieb von Bioprodukten im In- und Ausland. Unternehmensdaten:<\/span><br><span style=\"color: #000000;\">\u2022 Firmenname: Tinella Superfoods \u2022 Handelsregisternummer: 81552963<\/span><br><span style=\"color: #000000;\">\u2022 Adresse: Rietgorsstraat 16, 2496 ML Den Haag \u2022 E-Mail: info@tinellasuperfoods.nl \u2022 Website: <a style=\"color: #000000;\" target=\"_self\" rel=\"\" data-page-id=\"MjYENaSsFas75AJRf01sI\"><\/a><a style=\"color: #000000;\" href=\"mailto:info@tinellasuperfoods-nl-128195.hostingersite.com\">tinellasuperfoods.nl<\/a> Haben Sie Fragen oder Beschwerden zur Verwendung Ihrer personenbezogenen Daten? Kontaktieren Sie uns gerne \u00fcber die oben genannten Kontaktdaten.<\/span><\/p><p class=\"body\" dir=\"auto\"><span style=\"color: #000000;\">ARTIKEL 2. VON TINELLA VERARBEITETE PERSONENBEZOGENE DATEN <\/span><\/p><p><span style=\"color: #000000;\">Tinella Superfoods verarbeitet personenbezogene Daten, die Sie beim Kauf von Produkten oder beim Ausf\u00fcllen von Formularen auf unserer Website angeben. Tinella Superfoods verarbeitet folgende Daten:<\/span><br><span style=\"color: #000000;\">\u2022 Vor- und Nachname<br>\u2022 Adresse<\/span><br><span style=\"color: #000000;\">\u2022 Geburtsdatum<br>\u2022 Telefonnummer<\/span><br><span style=\"color: #000000;\">\u2022 E-Mail-Adresse<br>\u2022 Zahlungsinformationen<br>ARTIKEL 2.1. VERARBEITUNG VON DATEN MINDERJ\u00c4HRIGER<br>Tinella Superfoods verarbeitet personenbezogene Daten von Minderj\u00e4hrigen (Personen unter 18 Jahren) nur mit schriftlicher Einwilligung eines Elternteils, Erziehungsberechtigten oder gesetzlichen Vertreters. Tinella Superfoods kann jedoch nicht \u00fcberpr\u00fcfen, ob ein Besucher 18 Jahre oder \u00e4lter ist. Eltern wird daher empfohlen, die Online-Aktivit\u00e4ten ihrer Kinder zu begleiten.<\/span><\/p><p class=\"body\" dir=\"auto\"><span style=\"color: #000000;\">ARTIKEL 3. ZWECKE UND GRUNDLAGEN DER VERARBEITUNG <\/span><\/p><p><span style=\"color: #000000;\">Tinella Superfoods verarbeitet Ihre Daten zu folgenden Zwecken:<\/span><br><span style=\"color: #000000;\">1. Bearbeitung Ihrer Bestellungen und Information \u00fcber Lieferungen. (Rechtsgrundlage: Vertragserf\u00fcllung, Art. 6 Abs. 1 lit. b DSGVO)<br>2. Optimierung unserer Gesch\u00e4ftsprozesse und Pflege der Kundenbeziehungen.<\/span><\/p><p class=\"body\" dir=\"auto\"><span style=\"color: #000000;\">ARTIKEL 4. WEITERGABE PERSONENBEZOGENER DATEN AN DRITTE <\/span><\/p><p><span style=\"color: #000000;\">Tinella Superfoods gibt personenbezogene Daten nur dann an Dritte weiter, wenn dies zur Vertragserf\u00fcllung oder zur Erf\u00fcllung gesetzlicher Verpflichtungen erforderlich ist. Beispiele hierf\u00fcr sind:<\/span><br><span style=\"color: #000000;\">\u2022 Lieferdienste zur Zustellung Ihrer Bestellung<br>\u2022 Zahlungsdienstleister zur Zahlungsabwicklung<\/span><\/p><p class=\"body\" dir=\"auto\"><span style=\"color: #000000;\">ARTIKEL 5. AUFBEWAHRUNGSDAUER PERSONENBEZOGENER DATEN <\/span><\/p><p><span style=\"color: #000000;\">Ihre personenbezogenen Daten werden nicht l\u00e4nger als f\u00fcr die oben genannten Zwecke erforderlich gespeichert. In den meisten F\u00e4llen speichert Tinella Superfoods Ihre Daten maximal sieben Jahre nach Vertragsende, entsprechend den Aufbewahrungsfristen der niederl\u00e4ndischen Steuer- und Zollverwaltung. <\/span><\/p><p class=\"body\" dir=\"auto\"><span style=\"color: #000000;\">ARTIKEL 6. SICHERHEIT PERSONENBEZOGENER DATEN <\/span><\/p><p><span style=\"color: #000000;\">Tinella Superfoods trifft geeignete technische und organisatorische Ma\u00dfnahmen, um Ihre personenbezogenen Daten vor Verlust oder jeglicher Form unrechtm\u00e4\u00dfiger Verarbeitung zu sch\u00fctzen. Die Daten werden in sicherer Software gespeichert und, wo erforderlich, verschl\u00fcsselt. Sollten Sie den Verdacht haben, dass Ihre Daten missbraucht wurden, kontaktieren Sie bitte Tinella Superfoods (siehe Artikel 1).  <\/span><\/p><p class=\"body\" dir=\"auto\"><span style=\"color: #000000;\">ARTIKEL 7. RECHTE DER BETROFFENEN PERSONEN <\/span><\/p><p><span style=\"color: #000000;\">Gem\u00e4\u00df der DSGVO haben Sie folgende Rechte in Bezug auf Ihre personenbezogenen Daten:<\/span><br><span style=\"color: #000000;\">\u2022 Recht auf Auskunft und Zugang<br>\u2022 Recht auf Berichtigung<\/span><br><span style=\"color: #000000;\">\u2022 Recht auf L\u00f6schung (\u201eRecht auf Vergessenwerden\u201c)<br>\u2022 Recht auf Einschr\u00e4nkung der Verarbeitung<\/span><br><span style=\"color: #000000;\">\u2022 Widerspruchsrecht<br>\u2022 Recht auf Daten\u00fcbertragbarkeit<\/span><br><span style=\"color: #000000;\">\u2022 Recht, nicht einer ausschlie\u00dflich auf einer automatisierten Verarbeitung beruhenden Entscheidung unterworfen zu werden<br>Sie k\u00f6nnen Ihre Anfrage an <a style=\"color: #000000;\" href=\"mailto:info@tinellasuperfoods.nl\" target=\"\">info@tinellasuperfoods.nl <\/a>senden. Tinella Superfoods wird Ihnen schnellstm\u00f6glich, sp\u00e4testens jedoch innerhalb von vier Wochen, antworten. Sollten Sie mit der Verarbeitung Ihrer Daten nicht einverstanden sein, k\u00f6nnen Sie sich auch an die niederl\u00e4ndische Datenschutzbeh\u00f6rde wenden.<\/span><\/p><p class=\"body\" dir=\"auto\"><span style=\"color: #000000;\">ARTIKEL 8. KEKSE <\/span><\/p><p><span style=\"color: #000000;\">Tinella Superfoods verwendet Cookies, um die Funktionalit\u00e4t der Website zu verbessern und Ihre Pr\u00e4ferenzen zu speichern.<\/span><br><span style=\"color: #000000;\">8.1 Cookies von Drittanbietern: Drittanbieter wie Google k\u00f6nnen Werbung schalten oder andere Dienste anbieten, die Cookies verwenden.<\/span><br><span style=\"color: #000000;\">8.2 Analyse-Cookies: Tinella Superfoods verwendet Analyse-Cookies, um Statistiken zur Website-Nutzung zu erfassen und die Benutzerfreundlichkeit zu optimieren.<\/span><br><span style=\"color: #000000;\">8.3 Tracking-Cookies: Tracking-Cookies werden verwendet, um personalisierte Werbung basierend auf Ihrem Surfverhalten anzuzeigen.<\/span><br><span style=\"color: #000000;\">8.4 Funktionale Cookies: Funktionale Cookies gew\u00e4hrleisten das ordnungsgem\u00e4\u00dfe Funktionieren der Website und speichern Pr\u00e4ferenzen wie die Spracheinstellungen.<\/span><br><span style=\"color: #000000;\">8.5 Deaktivierung von Cookies: Sie k\u00f6nnen Cookies in Ihren Browsereinstellungen deaktivieren. Dies kann jedoch die Funktionalit\u00e4t einiger Bereiche der Website beeintr\u00e4chtigen.<\/span><\/p><p class=\"body\" dir=\"auto\"><span style=\"color: #000000;\">ARTIKEL 9. \u00c4NDERUNGEN DER DATENSCHUTZERKL\u00c4RUNG <\/span><\/p><p class=\"body\" dir=\"auto\"><span style=\"color: #000000;\">Tinella Superfoods beh\u00e4lt sich das Recht vor, diese Datenschutzerkl\u00e4rung zu \u00e4ndern. \u00c4nderungen werden auf unserer Website ver\u00f6ffentlicht:<a style=\"color: #000000;\" target=\"_self\" rel=\"\" data-page-id=\"MjYENaSsFas75AJRf01sI\"> <u><a style=\"color: #000000;\" href=\"http:\/\/websitewww.tinellasuperfoods-nl-128195.hostingersite.com\" target=\"_blank\" rel=\"noopener\">tinellasuperfoods.nl<\/a><\/u><\/a> <\/span><\/p>\t\t\t\t\t\t\t\t<\/div>\n\t\t\t\t\t<\/div>\n\t\t\t\t<\/div>\n\t\t\t\t<\/div>\n\t\t","protected":false},"excerpt":{"rendered":"<p>DATENSCHUTZERKL\u00c4RUNG TINELLA SUPERFOODS ARTIKEL 1. DATENVERANTWORTLICHER Tinella Superfoods (nachfolgend \u201eTinella\u201c) ist die verantwortliche Stelle f\u00fcr die in dieser Datenschutzerkl\u00e4rung beschriebene&#8230;<\/p>\n","protected":false},"author":1,"featured_media":0,"parent":0,"menu_order":0,"comment_status":"closed","ping_status":"closed","template":"","meta":{"_acf_changed":false,"footnotes":""},"class_list":["post-3330","page","type-page","status-publish","hentry"],"acf":[],"_links":{"self":[{"href":"https:\/\/tinellasuperfoods.nl\/de\/wp-json\/wp\/v2\/pages\/3330","targetHints":{"allow":["GET"]}}],"collection":[{"href":"https:\/\/tinellasuperfoods.nl\/de\/wp-json\/wp\/v2\/pages"}],"about":[{"href":"https:\/\/tinellasuperfoods.nl\/de\/wp-json\/wp\/v2\/types\/page"}],"author":[{"embeddable":true,"href":"https:\/\/tinellasuperfoods.nl\/de\/wp-json\/wp\/v2\/users\/1"}],"replies":[{"embeddable":true,"href":"https:\/\/tinellasuperfoods.nl\/de\/wp-json\/wp\/v2\/comments?post=3330"}],"version-history":[{"count":3,"href":"https:\/\/tinellasuperfoods.nl\/de\/wp-json\/wp\/v2\/pages\/3330\/revisions"}],"predecessor-version":[{"id":3692,"href":"https:\/\/tinellasuperfoods.nl\/de\/wp-json\/wp\/v2\/pages\/3330\/revisions\/3692"}],"wp:attachment":[{"href":"https:\/\/tinellasuperfoods.nl\/de\/wp-json\/wp\/v2\/media?parent=3330"}],"curies":[{"name":"wp","href":"https:\/\/api.w.org\/{rel}","templated":true}]}}