{"id":3322,"date":"2025-03-24T16:47:47","date_gmt":"2025-03-24T16:47:47","guid":{"rendered":"https:\/\/tinellasuperfoods.nl\/ueber-uns\/"},"modified":"2026-03-09T07:26:13","modified_gmt":"2026-03-09T07:26:13","slug":"ueber-uns","status":"publish","type":"page","link":"https:\/\/tinellasuperfoods.nl\/de\/ueber-uns\/","title":{"rendered":"\u00dcber uns"},"content":{"rendered":"\t\t<div data-elementor-type=\"wp-page\" data-elementor-id=\"3322\" class=\"elementor elementor-3322 elementor-158\">\n\t\t\t\t<div class=\"elementor-element elementor-element-b563a57 bdt-backdrop-filter-yes e-flex e-con-boxed bdt-filter-backdrop e-con e-parent\" data-id=\"b563a57\" data-element_type=\"container\" data-e-type=\"container\" data-settings=\"{&quot;background_background&quot;:&quot;classic&quot;}\">\n\t\t\t\t\t<div class=\"e-con-inner\">\n\t\t\t\t<div class=\"elementor-element elementor-element-02b522a elementor-widget elementor-widget-heading\" data-id=\"02b522a\" data-element_type=\"widget\" data-e-type=\"widget\" data-widget_type=\"heading.default\">\n\t\t\t\t\t<h1 class=\"elementor-heading-title elementor-size-default\">Wof\u00fcr wir stehen!<\/h1>\t\t\t\t<\/div>\n\t\t\t\t\t<\/div>\n\t\t\t\t<\/div>\n\t\t<div class=\"elementor-element elementor-element-d129302 e-flex e-con-boxed e-con e-parent\" data-id=\"d129302\" data-element_type=\"container\" data-e-type=\"container\">\n\t\t\t\t\t<div class=\"e-con-inner\">\n\t\t<div class=\"elementor-element elementor-element-9608a49 e-con-full e-flex e-con e-child\" data-id=\"9608a49\" data-element_type=\"container\" data-e-type=\"container\">\n\t\t\t\t<div class=\"elementor-element elementor-element-58ec1f8 elementor-widget elementor-widget-heading\" data-id=\"58ec1f8\" data-element_type=\"widget\" data-e-type=\"widget\" data-widget_type=\"heading.default\">\n\t\t\t\t\t<h2 class=\"elementor-heading-title elementor-size-default\">Ihr Partner f\u00fcr nat\u00fcrliche Gesundheit<\/h2>\t\t\t\t<\/div>\n\t\t\t\t<div class=\"elementor-element elementor-element-4e72b12 elementor-widget elementor-widget-text-editor\" data-id=\"4e72b12\" data-element_type=\"widget\" data-e-type=\"widget\" data-widget_type=\"text-editor.default\">\n\t\t\t\t\t\t\t\t\t<p class=\"body\" dir=\"auto\" data-pm-slice=\"1 1 []\"><span style=\"color: #000000;\">Willkommen bei Tinella, dem Spezialisten f\u00fcr hochwertige Bio-Gesundheitsprodukte! Bei Tinella glauben wir an die Kraft von Kr\u00e4utern und Superfoods, um Ihre Gesundheit auf nat\u00fcrliche Weise zu unterst\u00fctzen. Unsere <span style=\"color: #99cc00;\"><strong><u><a style=\"color: #99cc00;\" href=\"https:\/\/tinellasuperfoods.nl\/de\/produkt\/ingwerkapseln-tinella-120-stueck\/\" target=\"\" data-page-id=\"zKn3FD\">Bio-Ingwerkapseln<\/a><\/u><\/strong><\/span><a style=\"color: #000000;\" href=\"\/tinella-vegan-gember-capsules\" target=\"\" data-page-id=\"zKn3FD\">,<\/a> hergestellt aus aus sorgf\u00e4ltig ausgew\u00e4hlten Zutaten, bieten Ihnen ein reines und wirksames Erlebnis. Entscheiden Sie sich f\u00fcr Tinella und entdecken Sie Produkte, die transparent, ehrlich und zuverl\u00e4ssig sind. Entdecken Sie noch heute die vielen Vorteile von Ingwer und f\u00fchlen Sie sich wieder energiegeladen, vital und ausgeglichen!    <\/span><\/p>\t\t\t\t\t\t\t\t<\/div>\n\t\t\t\t<div class=\"elementor-element elementor-element-51b3271 elementor-widget elementor-widget-image\" data-id=\"51b3271\" data-element_type=\"widget\" data-e-type=\"widget\" data-widget_type=\"image.default\">\n\t\t\t\t\t\t\t\t\t\t\t\t\t\t\t<img fetchpriority=\"high\" decoding=\"async\" width=\"1024\" height=\"1024\" src=\"https:\/\/tinellasuperfoods.nl\/wp-content\/uploads\/2025\/05\/Bevorder-je-algehele-gezondheid-en-welzijn-met-gember--1024x1024.webp\" class=\"attachment-large size-large wp-image-3320\" alt=\"Eine Frau mit lockigem Haar, gekleidet in ein wei\u00dfes T-Shirt und Jeans, steht an einem Fenster und schaut nach drau\u00dfen, w\u00e4hrend sie ein Glas Wasser in der Hand h\u00e4lt. Auf der Fensterbank stehen eine gr\u00fcne Zimmerpflanze und eine Flasche mit Tinellas Bio-Ingwerkapseln mit einigen losen Kapseln.\" srcset=\"https:\/\/tinellasuperfoods.nl\/wp-content\/uploads\/2025\/05\/Bevorder-je-algehele-gezondheid-en-welzijn-met-gember--1024x1024.webp 1024w, https:\/\/tinellasuperfoods.nl\/wp-content\/uploads\/2025\/05\/Bevorder-je-algehele-gezondheid-en-welzijn-met-gember--300x300.webp 300w, https:\/\/tinellasuperfoods.nl\/wp-content\/uploads\/2025\/05\/Bevorder-je-algehele-gezondheid-en-welzijn-met-gember--150x150.webp 150w, https:\/\/tinellasuperfoods.nl\/wp-content\/uploads\/2025\/05\/Bevorder-je-algehele-gezondheid-en-welzijn-met-gember--768x768.webp 768w, https:\/\/tinellasuperfoods.nl\/wp-content\/uploads\/2025\/05\/Bevorder-je-algehele-gezondheid-en-welzijn-met-gember--1536x1536.webp 1536w, https:\/\/tinellasuperfoods.nl\/wp-content\/uploads\/2025\/05\/Bevorder-je-algehele-gezondheid-en-welzijn-met-gember--12x12.png 12w, https:\/\/tinellasuperfoods.nl\/wp-content\/uploads\/2025\/05\/Bevorder-je-algehele-gezondheid-en-welzijn-met-gember--600x600.png 600w, https:\/\/tinellasuperfoods.nl\/wp-content\/uploads\/2025\/05\/Bevorder-je-algehele-gezondheid-en-welzijn-met-gember--100x100.png 100w, https:\/\/tinellasuperfoods.nl\/wp-content\/uploads\/2025\/05\/Bevorder-je-algehele-gezondheid-en-welzijn-met-gember-.webp 1920w\" sizes=\"(max-width: 1024px) 100vw, 1024px\" \/>\t\t\t\t\t\t\t\t\t\t\t\t\t\t\t<\/div>\n\t\t\t\t<\/div>\n\t\t<div class=\"elementor-element elementor-element-f49c26d e-con-full e-flex e-con e-child\" data-id=\"f49c26d\" data-element_type=\"container\" data-e-type=\"container\">\n\t\t\t\t<div class=\"elementor-element elementor-element-fb62600 elementor-widget elementor-widget-image\" data-id=\"fb62600\" data-element_type=\"widget\" data-e-type=\"widget\" data-widget_type=\"image.default\">\n\t\t\t\t\t\t\t\t\t\t\t\t\t\t\t<img decoding=\"async\" width=\"1024\" height=\"1024\" src=\"https:\/\/tinellasuperfoods.nl\/wp-content\/uploads\/2025\/04\/wij-bieden-topservice-en-kwaliteit-1024x1024.webp\" class=\"attachment-large size-large wp-image-3321\" alt=\"Willkommensgru\u00df von Tinella, einem Spezialisten f\u00fcr hochwertige Bio-Gesundheitsprodukte, mit Schwerpunkt auf der Kraft von Kr\u00e4utern und Superfoods, insbesondere den Bio-Ingwerkapseln f\u00fcr Energie, Vitalit\u00e4t und Ausgeglichenheit.\" srcset=\"https:\/\/tinellasuperfoods.nl\/wp-content\/uploads\/2025\/04\/wij-bieden-topservice-en-kwaliteit-1024x1024.webp 1024w, https:\/\/tinellasuperfoods.nl\/wp-content\/uploads\/2025\/04\/wij-bieden-topservice-en-kwaliteit-300x300.webp 300w, https:\/\/tinellasuperfoods.nl\/wp-content\/uploads\/2025\/04\/wij-bieden-topservice-en-kwaliteit-150x150.webp 150w, https:\/\/tinellasuperfoods.nl\/wp-content\/uploads\/2025\/04\/wij-bieden-topservice-en-kwaliteit-768x768.webp 768w, https:\/\/tinellasuperfoods.nl\/wp-content\/uploads\/2025\/04\/wij-bieden-topservice-en-kwaliteit-1536x1536.webp 1536w, https:\/\/tinellasuperfoods.nl\/wp-content\/uploads\/2025\/04\/wij-bieden-topservice-en-kwaliteit-12x12.webp 12w, https:\/\/tinellasuperfoods.nl\/wp-content\/uploads\/2025\/04\/wij-bieden-topservice-en-kwaliteit-600x600.webp 600w, https:\/\/tinellasuperfoods.nl\/wp-content\/uploads\/2025\/04\/wij-bieden-topservice-en-kwaliteit-100x100.webp 100w, https:\/\/tinellasuperfoods.nl\/wp-content\/uploads\/2025\/04\/wij-bieden-topservice-en-kwaliteit.webp 1920w\" sizes=\"(max-width: 1024px) 100vw, 1024px\" \/>\t\t\t\t\t\t\t\t\t\t\t\t\t\t\t<\/div>\n\t\t\t\t<div class=\"elementor-element elementor-element-927c7fb elementor-widget elementor-widget-heading\" data-id=\"927c7fb\" data-element_type=\"widget\" data-e-type=\"widget\" data-widget_type=\"heading.default\">\n\t\t\t\t\t<h2 class=\"elementor-heading-title elementor-size-default\">Warum Tinella Superfoods?<\/h2>\t\t\t\t<\/div>\n\t\t\t\t<div class=\"elementor-element elementor-element-2804585 elementor-widget elementor-widget-text-editor\" data-id=\"2804585\" data-element_type=\"widget\" data-e-type=\"widget\" data-widget_type=\"text-editor.default\">\n\t\t\t\t\t\t\t\t\t<p class=\"body\" dir=\"auto\" data-pm-slice=\"1 1 []\"><span style=\"color: #000000;\">F\u00fcr viele Sport- und Naturliebhaber ist die Kraft nat\u00fcrlicher L\u00f6sungen eine wertvolle Entdeckung f\u00fcr einen gesunden und aktiven Lebensstil. Wissenschaftliche Untersuchungen unterstreichen die einzigartigen Vorteile von Ingwer in diesem Zusammenhang. So zeigen Studien, dass bioaktive Substanzen in Ingwer, wie beispielsweise Gingerol, <span style=\"text-decoration: underline;\"><span style=\"color: #99cc00;\"><strong><a style=\"color: #99cc00; text-decoration: underline;\" href=\"https:\/\/tinellasuperfoods.nl\/de\/entzuendungshemmend\/\">entz\u00fcndungshemmende Eigenschaften<\/a><\/strong><\/span><\/span> haben, die zur Linderung von Muskelschmerzen und Entz\u00fcndungen nach k\u00f6rperlicher Anstrengung beitragen k\u00f6nnen. Dar\u00fcber hinaus zeigen Untersuchungen, dass Ingwer durch die Verbesserung der Durchblutung und die Unterst\u00fctzung der Verdauung einen nat\u00fcrlichen Energieschub bietet. Nach umfangreichen Experimenten mit verschiedenen Nahrungserg\u00e4nzungsmitteln wurde Ingwer als einzigartige Quelle von Vorteilen anerkannt. Diese wissenschaftlich fundierten Erkenntnisse bildeten die Grundlage f\u00fcr Tinella, eine Marke, die sich auf die Lieferung hochwertiger biologischer Ingwer-Nahrungserg\u00e4nzungsmittel zur Leistungssteigerung und Beschleunigung der Regeneration konzentriert.     <\/span><\/p>\t\t\t\t\t\t\t\t<\/div>\n\t\t\t\t<\/div>\n\t\t\t\t\t<\/div>\n\t\t\t\t<\/div>\n\t\t\t\t<\/div>\n\t\t","protected":false},"excerpt":{"rendered":"<p>Wof\u00fcr wir stehen! Ihr Partner f\u00fcr nat\u00fcrliche Gesundheit Willkommen bei Tinella, dem Spezialisten f\u00fcr hochwertige Bio-Gesundheitsprodukte! Bei Tinella glauben wir&#8230;<\/p>\n","protected":false},"author":1,"featured_media":0,"parent":0,"menu_order":0,"comment_status":"closed","ping_status":"closed","template":"elementor_header_footer","meta":{"_acf_changed":false,"footnotes":""},"class_list":["post-3322","page","type-page","status-publish","hentry"],"acf":[],"_links":{"self":[{"href":"https:\/\/tinellasuperfoods.nl\/de\/wp-json\/wp\/v2\/pages\/3322","targetHints":{"allow":["GET"]}}],"collection":[{"href":"https:\/\/tinellasuperfoods.nl\/de\/wp-json\/wp\/v2\/pages"}],"about":[{"href":"https:\/\/tinellasuperfoods.nl\/de\/wp-json\/wp\/v2\/types\/page"}],"author":[{"embeddable":true,"href":"https:\/\/tinellasuperfoods.nl\/de\/wp-json\/wp\/v2\/users\/1"}],"replies":[{"embeddable":true,"href":"https:\/\/tinellasuperfoods.nl\/de\/wp-json\/wp\/v2\/comments?post=3322"}],"version-history":[{"count":5,"href":"https:\/\/tinellasuperfoods.nl\/de\/wp-json\/wp\/v2\/pages\/3322\/revisions"}],"predecessor-version":[{"id":3698,"href":"https:\/\/tinellasuperfoods.nl\/de\/wp-json\/wp\/v2\/pages\/3322\/revisions\/3698"}],"wp:attachment":[{"href":"https:\/\/tinellasuperfoods.nl\/de\/wp-json\/wp\/v2\/media?parent=3322"}],"curies":[{"name":"wp","href":"https:\/\/api.w.org\/{rel}","templated":true}]}}