{"id":3268,"date":"2025-03-24T16:47:45","date_gmt":"2025-03-24T16:47:45","guid":{"rendered":"https:\/\/tinellasuperfoods.nl\/entzuendungshemmend\/"},"modified":"2026-03-09T07:16:44","modified_gmt":"2026-03-09T07:16:44","slug":"entzuendungshemmend","status":"publish","type":"page","link":"https:\/\/tinellasuperfoods.nl\/de\/entzuendungshemmend\/","title":{"rendered":"Entz\u00fcndungshemmend"},"content":{"rendered":"\t\t<div data-elementor-type=\"wp-page\" data-elementor-id=\"3268\" class=\"elementor elementor-3268 elementor-134\">\n\t\t\t\t<div class=\"elementor-element elementor-element-4292010 e-con-full e-flex e-con e-parent\" data-id=\"4292010\" data-element_type=\"container\" data-e-type=\"container\">\n\t\t\t\t<div class=\"elementor-element elementor-element-32a9593 elementor-widget__width-initial elementor-widget-laptop__width-initial elementor-widget-tablet__width-initial elementor-widget-mobile__width-initial elementor-widget elementor-widget-heading\" data-id=\"32a9593\" data-element_type=\"widget\" data-e-type=\"widget\" data-widget_type=\"heading.default\">\n\t\t\t\t\t<h1 class=\"elementor-heading-title elementor-size-default\">Nat\u00fcrliches entz\u00fcndungshemmendes Mittel mit vielf\u00e4ltigen gesundheitlichen Vorteilen<\/h1>\t\t\t\t<\/div>\n\t\t\t\t<\/div>\n\t\t<div class=\"elementor-element elementor-element-dc37b59 e-flex e-con-boxed e-con e-parent\" data-id=\"dc37b59\" data-element_type=\"container\" data-e-type=\"container\">\n\t\t\t\t\t<div class=\"e-con-inner\">\n\t\t<div class=\"elementor-element elementor-element-8c0b1a6 e-con-full e-flex e-con e-child\" data-id=\"8c0b1a6\" data-element_type=\"container\" data-e-type=\"container\">\n\t\t\t\t<div class=\"elementor-element elementor-element-3126a1c elementor-widget-laptop__width-initial elementor-widget-tablet__width-initial elementor-widget-mobile__width-initial elementor-widget elementor-widget-text-editor\" data-id=\"3126a1c\" data-element_type=\"widget\" data-e-type=\"widget\" data-widget_type=\"text-editor.default\">\n\t\t\t\t\t\t\t\t\t<p class=\"body\" dir=\"auto\" data-pm-slice=\"1 1 []\"><span style=\"color: #000000;\">Ingwer ist f\u00fcr seine starken, nat\u00fcrlichen <a style=\"color: #99cc00;\" href=\"https:\/\/www.tandfonline.com\/doi\/full\/10.1080\/10408391003624848\" target=\"_blank\" rel=\"noopener\">entz\u00fcndungshemmenden Eigenschaften <\/a>bekannt und lindert verschiedene gesundheitliche Beschwerden.<a style=\"color: #99cc00;\" href=\"https:\/\/tinellasuperfoods.nl\/de\/produkt\/ingwerkapseln-tinella-120-stueck\/\" target=\"_self\" rel=\"\" data-page-id=\"zKn3FD\"> Unsere Bio-Ingwerkapseln<\/a> k\u00f6nnen eine wertvolle, nat\u00fcrliche Erg\u00e4nzung Ihrer Gesundheitsroutine sein. <\/span><\/p><p class=\"body\" dir=\"auto\"> <\/p>\t\t\t\t\t\t\t\t<\/div>\n\t\t\t\t<\/div>\n\t\t<div class=\"elementor-element elementor-element-8909fcd e-con-full e-flex e-con e-child\" data-id=\"8909fcd\" data-element_type=\"container\" data-e-type=\"container\">\n\t\t\t\t<div class=\"elementor-element elementor-element-3d34318 elementor-widget-laptop__width-initial elementor-widget elementor-widget-image\" data-id=\"3d34318\" data-element_type=\"widget\" data-e-type=\"widget\" data-widget_type=\"image.default\">\n\t\t\t\t\t\t\t\t\t\t\t\t\t\t\t<img fetchpriority=\"high\" decoding=\"async\" width=\"1024\" height=\"1024\" src=\"https:\/\/tinellasuperfoods.nl\/wp-content\/uploads\/2025\/05\/pure-gemberwortel-extract-tinella-1-1024x1024.webp\" class=\"attachment-large size-large wp-image-3258\" alt=\"Die Bio-Ingwer-Nahrungserg\u00e4nzungsmittel von Tinella unterst\u00fctzen nachweislich Sportler und Naturliebhaber mit Energie, Erholungseffekt und entz\u00fcndungshemmenden Eigenschaften.\" srcset=\"https:\/\/tinellasuperfoods.nl\/wp-content\/uploads\/2025\/05\/pure-gemberwortel-extract-tinella-1-1024x1024.webp 1024w, https:\/\/tinellasuperfoods.nl\/wp-content\/uploads\/2025\/05\/pure-gemberwortel-extract-tinella-1-300x300.webp 300w, https:\/\/tinellasuperfoods.nl\/wp-content\/uploads\/2025\/05\/pure-gemberwortel-extract-tinella-1-150x150.webp 150w, https:\/\/tinellasuperfoods.nl\/wp-content\/uploads\/2025\/05\/pure-gemberwortel-extract-tinella-1-768x768.webp 768w, https:\/\/tinellasuperfoods.nl\/wp-content\/uploads\/2025\/05\/pure-gemberwortel-extract-tinella-1-1536x1536.webp 1536w, https:\/\/tinellasuperfoods.nl\/wp-content\/uploads\/2025\/05\/pure-gemberwortel-extract-tinella-1-12x12.webp 12w, https:\/\/tinellasuperfoods.nl\/wp-content\/uploads\/2025\/05\/pure-gemberwortel-extract-tinella-1-600x600.webp 600w, https:\/\/tinellasuperfoods.nl\/wp-content\/uploads\/2025\/05\/pure-gemberwortel-extract-tinella-1-100x100.webp 100w, https:\/\/tinellasuperfoods.nl\/wp-content\/uploads\/2025\/05\/pure-gemberwortel-extract-tinella-1.webp 1920w\" sizes=\"(max-width: 1024px) 100vw, 1024px\" \/>\t\t\t\t\t\t\t\t\t\t\t\t\t\t\t<\/div>\n\t\t\t\t<\/div>\n\t\t\t\t\t<\/div>\n\t\t\t\t<\/div>\n\t\t<div class=\"elementor-element elementor-element-c58b4d9 e-flex e-con-boxed e-con e-parent\" data-id=\"c58b4d9\" data-element_type=\"container\" data-e-type=\"container\">\n\t\t\t\t\t<div class=\"e-con-inner\">\n\t\t\t\t<div class=\"elementor-element elementor-element-31ee48e elementor-widget elementor-widget-heading\" data-id=\"31ee48e\" data-element_type=\"widget\" data-e-type=\"widget\" data-widget_type=\"heading.default\">\n\t\t\t\t\t<h2 class=\"elementor-heading-title elementor-size-default\">Linderung von Arthritissymptomen<\/h2>\t\t\t\t<\/div>\n\t\t\t\t<div class=\"elementor-element elementor-element-4f600ac elementor-widget elementor-widget-text-editor\" data-id=\"4f600ac\" data-element_type=\"widget\" data-e-type=\"widget\" data-widget_type=\"text-editor.default\">\n\t\t\t\t\t\t\t\t\t<p><span style=\"color: #000000;\">Ingwer wirkt auf nat\u00fcrliche Weise entz\u00fcndungshemmend und kann Schmerzen und Steifheit in den Gelenken lindern. Dadurch tr\u00e4gt er zu einer verbesserten Beweglichkeit und Lebensqualit\u00e4t f\u00fcr Menschen mit Arthritis bei. Das macht Ingwer zu einer ausgezeichneten Wahl f\u00fcr alle, die pflanzliche Unterst\u00fctzung f\u00fcr ihre Gelenkgesundheit suchen. <\/span><\/p>\t\t\t\t\t\t\t\t<\/div>\n\t\t\t\t<div class=\"elementor-element elementor-element-bceb9cd elementor-widget elementor-widget-heading\" data-id=\"bceb9cd\" data-element_type=\"widget\" data-e-type=\"widget\" data-widget_type=\"heading.default\">\n\t\t\t\t\t<h2 class=\"elementor-heading-title elementor-size-default\">Beschleunigte Genesung nach Verletzungen<\/h2>\t\t\t\t<\/div>\n\t\t\t\t<div class=\"elementor-element elementor-element-9887454 elementor-widget elementor-widget-text-editor\" data-id=\"9887454\" data-element_type=\"widget\" data-e-type=\"widget\" data-widget_type=\"text-editor.default\">\n\t\t\t\t\t\t\t\t\t<p class=\"body\" dir=\"auto\" data-pm-slice=\"1 1 []\"><span style=\"color: #000000;\">Die entz\u00fcndungshemmenden Eigenschaften von Ingwer unterst\u00fctzen die Genesung nach Verletzungen wie Muskelzerrungen, Prellungen und Verrenkungen. Ingwer reduziert Entz\u00fcndungen und beschleunigt den Heilungsprozess, was ihn zu einem wertvollen Helfer f\u00fcr Sportler und aktive Menschen macht. <\/span><\/p>\t\t\t\t\t\t\t\t<\/div>\n\t\t\t\t\t<\/div>\n\t\t\t\t<\/div>\n\t\t<div class=\"elementor-element elementor-element-5600a82 e-con-full e-flex e-con e-parent\" data-id=\"5600a82\" data-element_type=\"container\" data-e-type=\"container\">\n\t\t<div class=\"elementor-element elementor-element-c86b5aa e-con-full e-flex e-con e-child\" data-id=\"c86b5aa\" data-element_type=\"container\" data-e-type=\"container\">\n\t\t\t\t<div class=\"elementor-element elementor-element-b77f949 elementor-widget elementor-widget-image\" data-id=\"b77f949\" data-element_type=\"widget\" data-e-type=\"widget\" data-widget_type=\"image.default\">\n\t\t\t\t\t\t\t\t\t\t\t\t\t\t\t<img decoding=\"async\" width=\"1707\" height=\"2560\" src=\"https:\/\/tinellasuperfoods.nl\/wp-content\/uploads\/2025\/04\/photo-1584056866693-1f9d42e9feb6-scaled.jpg\" class=\"attachment-full size-full wp-image-3259\" alt=\"Erfahren Sie mehr \u00fcber die vielf\u00e4ltigen Vorteile von Bio-Ingwerkapseln, darunter Unterst\u00fctzung bei der Genesung nach Verletzungen, Linderung von Hautausschl\u00e4gen und Ekzemen, Verbesserung der Verdauung und St\u00e4rkung des Immunsystems.\" srcset=\"https:\/\/tinellasuperfoods.nl\/wp-content\/uploads\/2025\/04\/photo-1584056866693-1f9d42e9feb6-scaled.jpg 1707w, https:\/\/tinellasuperfoods.nl\/wp-content\/uploads\/2025\/04\/photo-1584056866693-1f9d42e9feb6-scaled-300x450.jpg 300w, https:\/\/tinellasuperfoods.nl\/wp-content\/uploads\/2025\/04\/photo-1584056866693-1f9d42e9feb6-scaled-600x900.jpg 600w, https:\/\/tinellasuperfoods.nl\/wp-content\/uploads\/2025\/04\/photo-1584056866693-1f9d42e9feb6-200x300.jpg 200w, https:\/\/tinellasuperfoods.nl\/wp-content\/uploads\/2025\/04\/photo-1584056866693-1f9d42e9feb6-683x1024.jpg 683w, https:\/\/tinellasuperfoods.nl\/wp-content\/uploads\/2025\/04\/photo-1584056866693-1f9d42e9feb6-768x1152.jpg 768w, https:\/\/tinellasuperfoods.nl\/wp-content\/uploads\/2025\/04\/photo-1584056866693-1f9d42e9feb6-1024x1536.jpg 1024w, https:\/\/tinellasuperfoods.nl\/wp-content\/uploads\/2025\/04\/photo-1584056866693-1f9d42e9feb6-1365x2048.jpg 1365w\" sizes=\"(max-width: 1707px) 100vw, 1707px\" \/>\t\t\t\t\t\t\t\t\t\t\t\t\t\t\t<\/div>\n\t\t\t\t<\/div>\n\t\t<div class=\"elementor-element elementor-element-f40dfba e-con-full e-flex e-con e-child\" data-id=\"f40dfba\" data-element_type=\"container\" data-e-type=\"container\">\n\t\t\t\t<div class=\"elementor-element elementor-element-1633abd elementor-widget elementor-widget-heading\" data-id=\"1633abd\" data-element_type=\"widget\" data-e-type=\"widget\" data-widget_type=\"heading.default\">\n\t\t\t\t\t<h2 class=\"elementor-heading-title elementor-size-default\">Reduzierung von Hautausschlag und Ekzemen<\/h2>\t\t\t\t<\/div>\n\t\t\t\t<div class=\"elementor-element elementor-element-0e5b02d elementor-widget elementor-widget-text-editor\" data-id=\"0e5b02d\" data-element_type=\"widget\" data-e-type=\"widget\" data-widget_type=\"text-editor.default\">\n\t\t\t\t\t\t\t\t\t<p class=\"body\" dir=\"auto\" data-pm-slice=\"1 1 []\"><span style=\"color: #000000;\">Studien belegen, dass Ingwer R\u00f6tungen und Schwellungen bei Hauterkrankungen wie Ekzemen lindern kann. <a style=\"color: #99cc00;\" href=\"https:\/\/pubmed.ncbi.nlm.nih.gov\/20418184\/\" target=\"_blank\" rel=\"noopener\">Durch <\/a>den regelm\u00e4\u00dfigen Verzehr von Ingwer oder die Einnahme unserer Ingwerkapseln unterst\u00fctzen Sie Ihre Haut von innen und tragen zu einem ges\u00fcnderen, strahlenderen Aussehen bei.<\/span><\/p><p class=\"body\" dir=\"auto\"> <\/p>\t\t\t\t\t\t\t\t<\/div>\n\t\t\t\t<div class=\"elementor-element elementor-element-3d0dbbc elementor-widget elementor-widget-heading\" data-id=\"3d0dbbc\" data-element_type=\"widget\" data-e-type=\"widget\" data-widget_type=\"heading.default\">\n\t\t\t\t\t<h2 class=\"elementor-heading-title elementor-size-default\">Verbesserte Verdauung<\/h2>\t\t\t\t<\/div>\n\t\t\t\t<div class=\"elementor-element elementor-element-e6cd09c elementor-widget elementor-widget-text-editor\" data-id=\"e6cd09c\" data-element_type=\"widget\" data-e-type=\"widget\" data-widget_type=\"text-editor.default\">\n\t\t\t\t\t\t\t\t\t<p class=\"body\" dir=\"auto\" data-pm-slice=\"1 1 []\"><span style=\"color: #000000;\">Ingwer ist nicht nur f\u00fcr seine entz\u00fcndungshemmenden Eigenschaften bekannt, sondern auch f\u00fcr seine verdauungsf\u00f6rdernde Wirkung. Er kann Beschwerden wie Bl\u00e4hungen, Magenschmerzen und \u00dcbelkeit lindern. Aufgrund dieser Vorteile ist Ingwer eine ausgezeichnete Wahl f\u00fcr Menschen mit empfindlicher Verdauung oder <a style=\"color: #99cc00;\" href=\"https:\/\/pubmed.ncbi.nlm.nih.gov\/23612703\/\" target=\"_blank\" rel=\"noopener\">Verdauungsproblemen.<\/a>  <\/span><\/p>\t\t\t\t\t\t\t\t<\/div>\n\t\t\t\t<div class=\"elementor-element elementor-element-1c11cfb elementor-widget elementor-widget-heading\" data-id=\"1c11cfb\" data-element_type=\"widget\" data-e-type=\"widget\" data-widget_type=\"heading.default\">\n\t\t\t\t\t<h2 class=\"elementor-heading-title elementor-size-default\">Eine St\u00e4rkung des Immunsystems<\/h2>\t\t\t\t<\/div>\n\t\t\t\t<div class=\"elementor-element elementor-element-da0680e elementor-widget elementor-widget-text-editor\" data-id=\"da0680e\" data-element_type=\"widget\" data-e-type=\"widget\" data-widget_type=\"text-editor.default\">\n\t\t\t\t\t\t\t\t\t<p class=\"body\" dir=\"auto\" data-pm-slice=\"1 1 []\"><span style=\"color: #000000;\">Ingwer enth\u00e4lt Antioxidantien, die das Immunsystem st\u00e4rken und den K\u00f6rper vor sch\u00e4dlichen freien Radikalen sch\u00fctzen. Regelm\u00e4\u00dfiger Ingwerkonsum kann die Abwehrkr\u00e4fte st\u00e4rken und den K\u00f6rper besser vor Erk\u00e4ltungen und Grippe sch\u00fctzen. Bio-Ingwerkapseln sind eine einfache M\u00f6glichkeit, diese Vorteile zu nutzen, insbesondere in den Wintermonaten.  <\/span><\/p>\t\t\t\t\t\t\t\t<\/div>\n\t\t\t\t<\/div>\n\t\t\t\t<\/div>\n\t\t\t\t<\/div>\n\t\t","protected":false},"excerpt":{"rendered":"<p>Nat\u00fcrliches entz\u00fcndungshemmendes Mittel mit vielf\u00e4ltigen gesundheitlichen Vorteilen Ingwer ist f\u00fcr seine starken, nat\u00fcrlichen entz\u00fcndungshemmenden Eigenschaften bekannt und lindert verschiedene gesundheitliche&#8230;<\/p>\n","protected":false},"author":1,"featured_media":0,"parent":0,"menu_order":0,"comment_status":"closed","ping_status":"closed","template":"elementor_header_footer","meta":{"_acf_changed":false,"footnotes":""},"class_list":["post-3268","page","type-page","status-publish","hentry"],"acf":[],"_links":{"self":[{"href":"https:\/\/tinellasuperfoods.nl\/de\/wp-json\/wp\/v2\/pages\/3268","targetHints":{"allow":["GET"]}}],"collection":[{"href":"https:\/\/tinellasuperfoods.nl\/de\/wp-json\/wp\/v2\/pages"}],"about":[{"href":"https:\/\/tinellasuperfoods.nl\/de\/wp-json\/wp\/v2\/types\/page"}],"author":[{"embeddable":true,"href":"https:\/\/tinellasuperfoods.nl\/de\/wp-json\/wp\/v2\/users\/1"}],"replies":[{"embeddable":true,"href":"https:\/\/tinellasuperfoods.nl\/de\/wp-json\/wp\/v2\/comments?post=3268"}],"version-history":[{"count":3,"href":"https:\/\/tinellasuperfoods.nl\/de\/wp-json\/wp\/v2\/pages\/3268\/revisions"}],"predecessor-version":[{"id":3672,"href":"https:\/\/tinellasuperfoods.nl\/de\/wp-json\/wp\/v2\/pages\/3268\/revisions\/3672"}],"wp:attachment":[{"href":"https:\/\/tinellasuperfoods.nl\/de\/wp-json\/wp\/v2\/media?parent=3268"}],"curies":[{"name":"wp","href":"https:\/\/api.w.org\/{rel}","templated":true}]}}