{"id":3264,"date":"2025-03-24T16:47:47","date_gmt":"2025-03-24T16:47:47","guid":{"rendered":"https:\/\/tinellasuperfoods.nl\/zahlung-lieferung\/"},"modified":"2026-03-09T07:01:31","modified_gmt":"2026-03-09T07:01:31","slug":"zahlung-lieferung","status":"publish","type":"page","link":"https:\/\/tinellasuperfoods.nl\/de\/zahlung-lieferung\/","title":{"rendered":"Zahlung &amp; Lieferung"},"content":{"rendered":"\t\t<div data-elementor-type=\"wp-page\" data-elementor-id=\"3264\" class=\"elementor elementor-3264 elementor-157\">\n\t\t\t\t<div class=\"elementor-element elementor-element-f3fbec1 e-flex e-con-boxed e-con e-parent\" data-id=\"f3fbec1\" data-element_type=\"container\" data-e-type=\"container\">\n\t\t\t\t\t<div class=\"e-con-inner\">\n\t\t<div class=\"elementor-element elementor-element-ccc194b e-con-full e-flex e-con e-child\" data-id=\"ccc194b\" data-element_type=\"container\" data-e-type=\"container\">\n\t\t\t\t<div class=\"elementor-element elementor-element-ac5d04d elementor-widget elementor-widget-heading\" data-id=\"ac5d04d\" data-element_type=\"widget\" data-e-type=\"widget\" data-widget_type=\"heading.default\">\n\t\t\t\t\t<h2 class=\"elementor-heading-title elementor-size-default\">Liefern<\/h2>\t\t\t\t<\/div>\n\t\t\t\t<div class=\"elementor-element elementor-element-f6cf052 elementor-widget elementor-widget-text-editor\" data-id=\"f6cf052\" data-element_type=\"widget\" data-e-type=\"widget\" data-widget_type=\"text-editor.default\">\n\t\t\t\t\t\t\t\t\t<p><span style=\"color: #000000;\"><b>Wie kann ich bestellen?<\/b><span style=\"font-weight: 400;\"><br><\/span><span style=\"font-weight: 400;\">Die Bestellung bei Tinella Superfoods ist einfach und kann auf verschiedene Arten erfolgen:<\/span><\/span><\/p><ol><li style=\"font-weight: 400;\" aria-level=\"1\"><span style=\"color: #000000;\"><b>\u00dcber unsere Website<\/b><br><span style=\"font-weight: 400;\">Legen Sie die gew\u00fcnschten Produkte und Mengen in Ihren Warenkorb. Bei jeder Produktauswahl k\u00f6nnen Sie entweder weiter einkaufen oder direkt zur Kasse gehen. Sie k\u00f6nnen Ihre Bestellung auch w\u00e4hrend des Bezahlvorgangs noch anpassen. Sie k\u00f6nnen optional ein Kundenkonto f\u00fcr zuk\u00fcnftige Bestellungen anlegen.<\/span><\/span><\/li><li style=\"font-weight: 400;\" aria-level=\"1\"><span style=\"color: #000000;\"><b>Bestellbest\u00e4tigung<\/b><br><span style=\"font-weight: 400;\">Nach Abschluss Ihrer Bestellung erhalten Sie umgehend eine Best\u00e4tigungs-E-Mail.<\/span><\/span><\/li><\/ol><p><span style=\"color: #000000;\"><b>Ben\u00f6tige ich ein Konto, um zu bestellen?<\/b><br><span style=\"font-weight: 400;\">Nein, Sie k\u00f6nnen auch als Gast bestellen. Die Erstellung eines Kontos ist optional und beschleunigt zuk\u00fcnftige Bestellungen.<\/span><\/span><\/p>\t\t\t\t\t\t\t\t<\/div>\n\t\t\t\t<\/div>\n\t\t<div class=\"elementor-element elementor-element-0c155eb e-con-full e-flex e-con e-child\" data-id=\"0c155eb\" data-element_type=\"container\" data-e-type=\"container\">\n\t\t\t\t<div class=\"elementor-element elementor-element-6eb074c elementor-widget elementor-widget-heading\" data-id=\"6eb074c\" data-element_type=\"widget\" data-e-type=\"widget\" data-widget_type=\"heading.default\">\n\t\t\t\t\t<h2 class=\"elementor-heading-title elementor-size-default\">Zahlen<\/h2>\t\t\t\t<\/div>\n\t\t\t\t<div class=\"elementor-element elementor-element-9571e34 elementor-widget elementor-widget-text-editor\" data-id=\"9571e34\" data-element_type=\"widget\" data-e-type=\"widget\" data-widget_type=\"text-editor.default\">\n\t\t\t\t\t\t\t\t\t<p><span style=\"color: #000000;\"><b>Welche Zahlungsoptionen stehen zur Verf\u00fcgung?<\/b><span style=\"font-weight: 400;\"><br><\/span><span style=\"font-weight: 400;\">Bei Tinella Superfoods k\u00f6nnen Sie folgende Zahlungsmethoden nutzen:<\/span><\/span><\/p><ul><li style=\"font-weight: 400;\" aria-level=\"1\"><span style=\"color: #000000;\"><strong>Ideal<\/strong><\/span><\/li><li style=\"font-weight: 400;\" aria-level=\"1\"><span style=\"color: #000000;\"><strong>PayPal<\/strong><\/span><\/li><\/ul><p><span style=\"color: #000000;\"><b>Sind die Preise inklusive oder exklusive Mehrwertsteuer?<\/b><br> <span style=\"font-weight: 400;\">Alle unsere Preise<\/span> <b>enthalten die Mehrwertsteuer,<\/b> <span style=\"font-weight: 400;\">sofern nicht anders angegeben.<\/span><\/span><\/p><p><span style=\"color: #000000;\"><b> <\/b><\/span><\/p><p><b style=\"color: #000000;\">Wie hoch sind die Versandkosten?<\/b><\/p><p><span style=\"color: #000000;\">Wir versenden unsere Tinella-Produkte derzeit an Kunden in den Niederlanden, Belgien, Deutschland und Frankreich. Um eine schnelle und zuverl\u00e4ssige Lieferung mit Sendungsverfolgung zu gew\u00e4hrleisten, berechnen wir folgende Geb\u00fchren: <\/span><\/p><ul><li><span style=\"color: #000000;\"><strong>Nederland:<\/strong> \u20ac 4,95 (Gratis verzending vanaf \u20ac 39,-)<\/span><\/li><li><span style=\"color: #000000;\"><strong>Belgien:<\/strong> 9,95 \u20ac (Versandkostenfrei ab 39 \u20ac)<\/span><\/li><li><span style=\"color: #000000;\"><strong>Deutschland &amp; Frankreich: <\/strong>12,50 \u20ac (Versandkostenfrei ab 75 \u20ac)<\/span><\/li><\/ul><p><span style=\"color: #000000;\"><strong> <\/strong><\/span><\/p><p><span style=\"color: #000000;\"><strong>Gr\u00f6\u00dfere R\u00fcckg\u00e4nge<\/strong><\/span><\/p><p><span style=\"color: #000000;\">Sind Sie daran interessiert, gr\u00f6\u00dfere Mengen an Tinella-Produkten f\u00fcr Ihre Praxis oder Ihr Unternehmen zu erwerben? Kontaktieren Sie uns gerne unter<a style=\"color: #000000;\" href=\"mailto:info@tinellasuperfoods.nl\"> info@tinellasuperfoods.nl<\/a> f\u00fcr ein individuelles Angebot. <\/span><\/p><p> <\/p>\t\t\t\t\t\t\t\t<\/div>\n\t\t\t\t<\/div>\n\t\t\t\t\t<\/div>\n\t\t\t\t<\/div>\n\t\t\t\t<\/div>\n\t\t","protected":false},"excerpt":{"rendered":"<p>Liefern Wie kann ich bestellen?Die Bestellung bei Tinella Superfoods ist einfach und kann auf verschiedene Arten erfolgen: \u00dcber unsere WebsiteLegen&#8230;<\/p>\n","protected":false},"author":1,"featured_media":0,"parent":0,"menu_order":0,"comment_status":"closed","ping_status":"closed","template":"","meta":{"_acf_changed":false,"footnotes":""},"class_list":["post-3264","page","type-page","status-publish","hentry"],"acf":[],"_links":{"self":[{"href":"https:\/\/tinellasuperfoods.nl\/de\/wp-json\/wp\/v2\/pages\/3264","targetHints":{"allow":["GET"]}}],"collection":[{"href":"https:\/\/tinellasuperfoods.nl\/de\/wp-json\/wp\/v2\/pages"}],"about":[{"href":"https:\/\/tinellasuperfoods.nl\/de\/wp-json\/wp\/v2\/types\/page"}],"author":[{"embeddable":true,"href":"https:\/\/tinellasuperfoods.nl\/de\/wp-json\/wp\/v2\/users\/1"}],"replies":[{"embeddable":true,"href":"https:\/\/tinellasuperfoods.nl\/de\/wp-json\/wp\/v2\/comments?post=3264"}],"version-history":[{"count":3,"href":"https:\/\/tinellasuperfoods.nl\/de\/wp-json\/wp\/v2\/pages\/3264\/revisions"}],"predecessor-version":[{"id":3630,"href":"https:\/\/tinellasuperfoods.nl\/de\/wp-json\/wp\/v2\/pages\/3264\/revisions\/3630"}],"wp:attachment":[{"href":"https:\/\/tinellasuperfoods.nl\/de\/wp-json\/wp\/v2\/media?parent=3264"}],"curies":[{"name":"wp","href":"https:\/\/api.w.org\/{rel}","templated":true}]}}