{"id":3190,"date":"2025-03-24T16:47:45","date_gmt":"2025-03-24T16:47:45","guid":{"rendered":"https:\/\/tinellasuperfoods.nl\/6-tipps-fuer-sportler\/"},"modified":"2026-03-09T10:32:17","modified_gmt":"2026-03-09T10:32:17","slug":"6-tipps-fuer-sportler","status":"publish","type":"page","link":"https:\/\/tinellasuperfoods.nl\/de\/6-tipps-fuer-sportler\/","title":{"rendered":"6 Tipps f\u00fcr Sportler"},"content":{"rendered":"\t\t<div data-elementor-type=\"wp-page\" data-elementor-id=\"3190\" class=\"elementor elementor-3190 elementor-140\">\n\t\t\t\t<div class=\"elementor-element elementor-element-5433ca5 e-flex e-con-boxed e-con e-parent\" data-id=\"5433ca5\" data-element_type=\"container\" data-e-type=\"container\">\n\t\t\t\t\t<div class=\"e-con-inner\">\n\t\t\t\t<div class=\"elementor-element elementor-element-8dffd00 elementor-widget__width-initial elementor-widget-laptop__width-initial elementor-widget-tablet__width-initial elementor-widget elementor-widget-heading\" data-id=\"8dffd00\" data-element_type=\"widget\" data-e-type=\"widget\" data-widget_type=\"heading.default\">\n\t\t\t\t\t<h1 class=\"elementor-heading-title elementor-size-default\">6 unverzichtbare Tipps f\u00fcr Sportler<\/h1>\t\t\t\t<\/div>\n\t\t\t\t\t<\/div>\n\t\t\t\t<\/div>\n\t\t<div class=\"elementor-element elementor-element-45dd24d e-flex e-con-boxed e-con e-parent\" data-id=\"45dd24d\" data-element_type=\"container\" data-e-type=\"container\">\n\t\t\t\t\t<div class=\"e-con-inner\">\n\t\t<div class=\"elementor-element elementor-element-8481bd8 e-con-full e-flex e-con e-child\" data-id=\"8481bd8\" data-element_type=\"container\" data-e-type=\"container\">\n\t\t\t\t<div class=\"elementor-element elementor-element-89b4d45 elementor-widget__width-initial elementor-widget-tablet__width-initial elementor-widget-mobile__width-initial elementor-widget elementor-widget-heading\" data-id=\"89b4d45\" data-element_type=\"widget\" data-e-type=\"widget\" data-widget_type=\"heading.default\">\n\t\t\t\t\t<h2 class=\"elementor-heading-title elementor-size-default\">1. Energie und Ausdauer vor dem Training<\/h2>\t\t\t\t<\/div>\n\t\t\t\t<div class=\"elementor-element elementor-element-e45987c elementor-widget elementor-widget-text-editor\" data-id=\"e45987c\" data-element_type=\"widget\" data-e-type=\"widget\" data-widget_type=\"text-editor.default\">\n\t\t\t\t\t\t\t\t\t<p dir=\"auto\" data-pm-slice=\"1 1 []\"><span style=\"color: #000000;\">Ingwer regt die Durchblutung an, wodurch Ihre Muskeln besser mit Sauerstoff und N\u00e4hrstoffen versorgt werden. Nehmen Sie etwa 30 Minuten vor dem Training eine<\/span> <span style=\"color: #000000;\"><span style=\"color: #99cc00;\"><strong><u><a style=\"color: #99cc00;\" href=\"https:\/\/tinellasuperfoods.nl\/de\/produkt\/ingwerkapseln-tinella-120-stueck\/\">Bio-Ingwerkapsel<\/a><\/u><\/strong><\/span><\/span> <span style=\"color: #000000;\">ein, um einen nat\u00fcrlichen Energieschub zu erhalten, M\u00fcdigkeit zu reduzieren und die Konzentration zu verbessern. Dies hilft Ihnen, Ihre Leistung zu maximieren und Ihren K\u00f6rper optimal auf intensive Anstrengungen vorzubereiten.<\/span><\/p><p class=\"body\" dir=\"auto\" data-pm-slice=\"1 1 []\"> <\/p>\t\t\t\t\t\t\t\t<\/div>\n\t\t\t\t<div class=\"elementor-element elementor-element-2219fab elementor-widget__width-initial elementor-widget-tablet__width-initial elementor-widget-mobile__width-initial elementor-widget elementor-widget-heading\" data-id=\"2219fab\" data-element_type=\"widget\" data-e-type=\"widget\" data-widget_type=\"heading.default\">\n\t\t\t\t\t<h2 class=\"elementor-heading-title elementor-size-default\">2. Beschleunigte Muskelregeneration nach dem Training<\/h2>\t\t\t\t<\/div>\n\t\t\t\t<div class=\"elementor-element elementor-element-323ad6e elementor-widget elementor-widget-text-editor\" data-id=\"323ad6e\" data-element_type=\"widget\" data-e-type=\"widget\" data-widget_type=\"text-editor.default\">\n\t\t\t\t\t\t\t\t\t<p><span style=\"color: #000000;\">Nach schwerer Anstrengung k\u00f6nnen Muskelfasern besch\u00e4digt werden, was zu Schmerzen und Steifheit f\u00fchrt. Der Wirkstoff<\/span> <span style=\"text-decoration: underline;\"><strong><a style=\"color: #99cc00; text-decoration: underline;\" href=\"https:\/\/www.tandfonline.com\/doi\/full\/10.1080\/10408398.2022.2124951\" target=\"_blank\" rel=\"noopener\">Gingerol <\/a><\/strong><\/span><span style=\"color: #000000;\">im Ingwer reduziert Entz\u00fcndungen und beschleunigt den Heilungsprozess. Dies f\u00f6rdert nicht nur eine schnellere Erholung von Muskelkater, sondern hilft auch bei der effektiven Heilung von Verletzungen wie Muskelzerrungen, Prellungen und Verstauchungen. Verabschieden Sie sich von langen Erholungszeiten und seien Sie schneller wieder einsatzbereit.<\/span><\/p>\t\t\t\t\t\t\t\t<\/div>\n\t\t\t\t<div class=\"elementor-element elementor-element-a53fbd8 elementor-widget__width-initial elementor-widget-tablet__width-initial elementor-widget-mobile__width-initial elementor-widget elementor-widget-heading\" data-id=\"a53fbd8\" data-element_type=\"widget\" data-e-type=\"widget\" data-widget_type=\"heading.default\">\n\t\t\t\t\t<h2 class=\"elementor-heading-title elementor-size-default\">3. Gest\u00e4rkte Immunit\u00e4t unter Druck<\/h2>\t\t\t\t<\/div>\n\t\t\t\t<div class=\"elementor-element elementor-element-69578b8 elementor-widget elementor-widget-text-editor\" data-id=\"69578b8\" data-element_type=\"widget\" data-e-type=\"widget\" data-widget_type=\"text-editor.default\">\n\t\t\t\t\t\t\t\t\t<p class=\"body\" dir=\"auto\" data-pm-slice=\"1 1 []\"><span style=\"color: #000000;\">Intensives Training kann Ihr Immunsystem belasten. Ingwer ist reich an Antioxidantien, st\u00e4rkt Ihre Abwehrkr\u00e4fte und sch\u00fctzt Ihren K\u00f6rper vor Infektionen und den Auswirkungen von Stress. Eine t\u00e4gliche Dosis Ingwer h\u00e4lt Sie in Topform und verringert das Krankheitsrisiko, sodass Sie Ihr Training konsequent fortsetzen k\u00f6nnen.  <\/span><\/p>\t\t\t\t\t\t\t\t<\/div>\n\t\t\t\t<\/div>\n\t\t<div class=\"elementor-element elementor-element-82bb665 e-con-full e-flex e-con e-child\" data-id=\"82bb665\" data-element_type=\"container\" data-e-type=\"container\">\n\t\t\t\t<div class=\"elementor-element elementor-element-6fe8065 elementor-hidden-mobile elementor-widget elementor-widget-image\" data-id=\"6fe8065\" data-element_type=\"widget\" data-e-type=\"widget\" data-widget_type=\"image.default\">\n\t\t\t\t\t\t\t\t\t\t\t\t\t\t\t<img fetchpriority=\"high\" decoding=\"async\" width=\"1024\" height=\"1024\" src=\"https:\/\/tinellasuperfoods.nl\/wp-content\/uploads\/2025\/04\/WhatsApp-Image-2025-03-31-at-23.16.38-1-1024x1024.jpeg\" class=\"attachment-large size-large wp-image-3179\" alt=\"6 unverzichtbare Tipps f\u00fcr Sportler\" srcset=\"https:\/\/tinellasuperfoods.nl\/wp-content\/uploads\/2025\/04\/WhatsApp-Image-2025-03-31-at-23.16.38-1-1024x1024.jpeg 1024w, https:\/\/tinellasuperfoods.nl\/wp-content\/uploads\/2025\/04\/WhatsApp-Image-2025-03-31-at-23.16.38-1-300x300.jpeg 300w, https:\/\/tinellasuperfoods.nl\/wp-content\/uploads\/2025\/04\/WhatsApp-Image-2025-03-31-at-23.16.38-1-100x100.jpeg 100w, https:\/\/tinellasuperfoods.nl\/wp-content\/uploads\/2025\/04\/WhatsApp-Image-2025-03-31-at-23.16.38-1-600x600.jpeg 600w, https:\/\/tinellasuperfoods.nl\/wp-content\/uploads\/2025\/04\/WhatsApp-Image-2025-03-31-at-23.16.38-1-150x150.jpeg 150w, https:\/\/tinellasuperfoods.nl\/wp-content\/uploads\/2025\/04\/WhatsApp-Image-2025-03-31-at-23.16.38-1-768x768.jpeg 768w, https:\/\/tinellasuperfoods.nl\/wp-content\/uploads\/2025\/04\/WhatsApp-Image-2025-03-31-at-23.16.38-1-1536x1536.jpeg 1536w, https:\/\/tinellasuperfoods.nl\/wp-content\/uploads\/2025\/04\/WhatsApp-Image-2025-03-31-at-23.16.38-1.jpeg 1600w\" sizes=\"(max-width: 1024px) 100vw, 1024px\" \/>\t\t\t\t\t\t\t\t\t\t\t\t\t\t\t<\/div>\n\t\t\t\t<\/div>\n\t\t\t\t\t<\/div>\n\t\t\t\t<\/div>\n\t\t<div class=\"elementor-element elementor-element-8c8b07a e-flex e-con-boxed e-con e-parent\" data-id=\"8c8b07a\" data-element_type=\"container\" data-e-type=\"container\">\n\t\t\t\t\t<div class=\"e-con-inner\">\n\t\t<div class=\"elementor-element elementor-element-0f46dc5 e-con-full e-flex e-con e-child\" data-id=\"0f46dc5\" data-element_type=\"container\" data-e-type=\"container\">\n\t\t\t\t<div class=\"elementor-element elementor-element-1eea82c elementor-widget elementor-widget-image\" data-id=\"1eea82c\" data-element_type=\"widget\" data-e-type=\"widget\" data-widget_type=\"image.default\">\n\t\t\t\t\t\t\t\t\t\t\t\t\t\t\t<img decoding=\"async\" width=\"1024\" height=\"1024\" src=\"https:\/\/tinellasuperfoods.nl\/wp-content\/uploads\/2025\/05\/Versterk-je-immuniteit-met-dagelijkse-gemberinname-1024x1024.png\" class=\"attachment-large size-large wp-image-3180\" alt=\"St\u00e4rken Sie Ihre Immunit\u00e4t durch t\u00e4gliche Ingweraufnahme\" srcset=\"https:\/\/tinellasuperfoods.nl\/wp-content\/uploads\/2025\/05\/Versterk-je-immuniteit-met-dagelijkse-gemberinname-1024x1024.png 1024w, https:\/\/tinellasuperfoods.nl\/wp-content\/uploads\/2025\/05\/Versterk-je-immuniteit-met-dagelijkse-gemberinname-300x300.png 300w, https:\/\/tinellasuperfoods.nl\/wp-content\/uploads\/2025\/05\/Versterk-je-immuniteit-met-dagelijkse-gemberinname-150x150.png 150w, https:\/\/tinellasuperfoods.nl\/wp-content\/uploads\/2025\/05\/Versterk-je-immuniteit-met-dagelijkse-gemberinname-768x768.png 768w, https:\/\/tinellasuperfoods.nl\/wp-content\/uploads\/2025\/05\/Versterk-je-immuniteit-met-dagelijkse-gemberinname-1536x1536.png 1536w, https:\/\/tinellasuperfoods.nl\/wp-content\/uploads\/2025\/05\/Versterk-je-immuniteit-met-dagelijkse-gemberinname-12x12.png 12w, https:\/\/tinellasuperfoods.nl\/wp-content\/uploads\/2025\/05\/Versterk-je-immuniteit-met-dagelijkse-gemberinname-600x600.png 600w, https:\/\/tinellasuperfoods.nl\/wp-content\/uploads\/2025\/05\/Versterk-je-immuniteit-met-dagelijkse-gemberinname-100x100.png 100w, https:\/\/tinellasuperfoods.nl\/wp-content\/uploads\/2025\/05\/Versterk-je-immuniteit-met-dagelijkse-gemberinname.png 2000w\" sizes=\"(max-width: 1024px) 100vw, 1024px\" \/>\t\t\t\t\t\t\t\t\t\t\t\t\t\t\t<\/div>\n\t\t\t\t<\/div>\n\t\t<div class=\"elementor-element elementor-element-7b4aca5 e-con-full e-flex e-con e-child\" data-id=\"7b4aca5\" data-element_type=\"container\" data-e-type=\"container\">\n\t\t\t\t<div class=\"elementor-element elementor-element-bac7bc8 elementor-widget__width-initial elementor-widget-tablet__width-initial elementor-widget-mobile__width-initial elementor-widget elementor-widget-heading\" data-id=\"bac7bc8\" data-element_type=\"widget\" data-e-type=\"widget\" data-widget_type=\"heading.default\">\n\t\t\t\t\t<h2 class=\"elementor-heading-title elementor-size-default\">4. Verbesserte Verdauung und N\u00e4hrstoffaufnahme<\/h2>\t\t\t\t<\/div>\n\t\t\t\t<div class=\"elementor-element elementor-element-43d8436 elementor-widget elementor-widget-text-editor\" data-id=\"43d8436\" data-element_type=\"widget\" data-e-type=\"widget\" data-widget_type=\"text-editor.default\">\n\t\t\t\t\t\t\t\t\t<p class=\"body\" dir=\"auto\" data-pm-slice=\"1 1 []\"><span style=\"color: #000000;\">Eine effiziente Verdauung ist f\u00fcr Sportler von entscheidender Bedeutung. Ingwer regt die Verdauung an, wodurch wichtige N\u00e4hrstoffe aus der Nahrung besser aufgenommen werden k\u00f6nnen. Dies ist f\u00fcr die Energiereserven und den Muskelaufbau unerl\u00e4sslich. Dar\u00fcber hinaus kann Ingwer \u00dcbelkeit lindern, was ideal f\u00fcr Sportler ist, die nach intensiver Anstrengung zu Magenbeschwerden neigen.   <\/span><\/p>\t\t\t\t\t\t\t\t<\/div>\n\t\t\t\t<div class=\"elementor-element elementor-element-3f16543 elementor-hidden-desktop elementor-hidden-laptop elementor-hidden-tablet elementor-widget elementor-widget-image\" data-id=\"3f16543\" data-element_type=\"widget\" data-e-type=\"widget\" data-widget_type=\"image.default\">\n\t\t\t\t\t\t\t\t\t\t\t\t\t\t\t<img fetchpriority=\"high\" decoding=\"async\" width=\"1024\" height=\"1024\" src=\"https:\/\/tinellasuperfoods.nl\/wp-content\/uploads\/2025\/04\/WhatsApp-Image-2025-03-31-at-23.16.38-1-1024x1024.jpeg\" class=\"attachment-large size-large wp-image-3179\" alt=\"6 unverzichtbare Tipps f\u00fcr Sportler\" srcset=\"https:\/\/tinellasuperfoods.nl\/wp-content\/uploads\/2025\/04\/WhatsApp-Image-2025-03-31-at-23.16.38-1-1024x1024.jpeg 1024w, https:\/\/tinellasuperfoods.nl\/wp-content\/uploads\/2025\/04\/WhatsApp-Image-2025-03-31-at-23.16.38-1-300x300.jpeg 300w, https:\/\/tinellasuperfoods.nl\/wp-content\/uploads\/2025\/04\/WhatsApp-Image-2025-03-31-at-23.16.38-1-100x100.jpeg 100w, https:\/\/tinellasuperfoods.nl\/wp-content\/uploads\/2025\/04\/WhatsApp-Image-2025-03-31-at-23.16.38-1-600x600.jpeg 600w, https:\/\/tinellasuperfoods.nl\/wp-content\/uploads\/2025\/04\/WhatsApp-Image-2025-03-31-at-23.16.38-1-150x150.jpeg 150w, https:\/\/tinellasuperfoods.nl\/wp-content\/uploads\/2025\/04\/WhatsApp-Image-2025-03-31-at-23.16.38-1-768x768.jpeg 768w, https:\/\/tinellasuperfoods.nl\/wp-content\/uploads\/2025\/04\/WhatsApp-Image-2025-03-31-at-23.16.38-1-1536x1536.jpeg 1536w, https:\/\/tinellasuperfoods.nl\/wp-content\/uploads\/2025\/04\/WhatsApp-Image-2025-03-31-at-23.16.38-1.jpeg 1600w\" sizes=\"(max-width: 1024px) 100vw, 1024px\" \/>\t\t\t\t\t\t\t\t\t\t\t\t\t\t\t<\/div>\n\t\t\t\t<div class=\"elementor-element elementor-element-cc7ae44 elementor-widget__width-initial elementor-widget-tablet__width-initial elementor-widget-mobile__width-initial elementor-widget elementor-widget-heading\" data-id=\"cc7ae44\" data-element_type=\"widget\" data-e-type=\"widget\" data-widget_type=\"heading.default\">\n\t\t\t\t\t<h2 class=\"elementor-heading-title elementor-size-default\">5. Wirksame nat\u00fcrliche Schmerzlinderung<\/h2>\t\t\t\t<\/div>\n\t\t\t\t<div class=\"elementor-element elementor-element-6559d4c elementor-widget elementor-widget-text-editor\" data-id=\"6559d4c\" data-element_type=\"widget\" data-e-type=\"widget\" data-widget_type=\"text-editor.default\">\n\t\t\t\t\t\t\t\t\t<p dir=\"auto\" data-pm-slice=\"1 1 []\"><span style=\"color: #000000;\">Ob bei chronischen Schmerzen wie R\u00fccken- und Nackenschmerzen, Arthritis oder schmerzhaften Menstruationskr\u00e4mpfen \u2013 Ingwer wirkt wie ein<\/span> <span style=\"text-decoration: underline;\"><span style=\"color: #99cc00; text-decoration: underline;\"><strong><a style=\"color: #99cc00; text-decoration: underline;\" href=\"https:\/\/tinellasuperfoods.nl\/de\/warum-ingwer\/\">nat\u00fcrliches Schmerzmittel<\/a><\/strong><\/span><\/span>. <span style=\"color: #000000;\">Er hilft, die Intensit\u00e4t der Schmerzen zu lindern, ohne die Nebenwirkungen synthetischer Mittel, was zu mehr Komfort und Mobilit\u00e4t beitr\u00e4gt.<\/span><\/p><p class=\"body\" dir=\"auto\" data-pm-slice=\"1 1 []\"> <\/p>\t\t\t\t\t\t\t\t<\/div>\n\t\t\t\t<div class=\"elementor-element elementor-element-e683ae4 elementor-widget__width-initial elementor-widget-tablet__width-initial elementor-widget-mobile__width-initial elementor-widget elementor-widget-heading\" data-id=\"e683ae4\" data-element_type=\"widget\" data-e-type=\"widget\" data-widget_type=\"heading.default\">\n\t\t\t\t\t<h2 class=\"elementor-heading-title elementor-size-default\">6. Regulierung des Blutzuckerspiegels und Herz-Kreislauf-Gesundheit<\/h2>\t\t\t\t<\/div>\n\t\t\t\t<div class=\"elementor-element elementor-element-7960784 elementor-widget elementor-widget-text-editor\" data-id=\"7960784\" data-element_type=\"widget\" data-e-type=\"widget\" data-widget_type=\"text-editor.default\">\n\t\t\t\t\t\t\t\t\t<p dir=\"auto\" data-pm-slice=\"1 1 []\"><span style=\"color: #000000;\">Ingwer kann dabei helfen, den Blutzuckerspiegel zu regulieren, was f\u00fcr eine gleichm\u00e4\u00dfige Energieversorgung \u00fcber den Tag hinweg unerl\u00e4sslich ist. Dar\u00fcber hinaus tr\u00e4gt die regelm\u00e4\u00dfige Einnahme zu einem ges\u00fcnderen Herzen und einem verbesserten Blutdruck bei \u2013 entscheidende Faktoren f\u00fcr die kardiovaskul\u00e4re Fitness jedes Sportlers und f\u00fcr Ihre allgemeine Gesundheit. <\/span><\/p>\t\t\t\t\t\t\t\t<\/div>\n\t\t\t\t<div class=\"elementor-element elementor-element-e92e316 elementor-widget__width-initial elementor-widget-tablet__width-initial elementor-widget-mobile__width-initial elementor-widget elementor-widget-heading\" data-id=\"e92e316\" data-element_type=\"widget\" data-e-type=\"widget\" data-widget_type=\"heading.default\">\n\t\t\t\t\t<h2 class=\"elementor-heading-title elementor-size-default\">7. Einfach in Ihren Alltag zu integrieren<\/h2>\t\t\t\t<\/div>\n\t\t\t\t<div class=\"elementor-element elementor-element-3624718 elementor-widget elementor-widget-text-editor\" data-id=\"3624718\" data-element_type=\"widget\" data-e-type=\"widget\" data-widget_type=\"text-editor.default\">\n\t\t\t\t\t\t\t\t\t<p dir=\"auto\" data-pm-slice=\"1 1 []\"><span style=\"color: #000000;\">Mit unseren Bio-Ingwerkapseln k\u00f6nnen Sie all diese Vorteile m\u00fchelos nutzen. Sie lassen sich ganz einfach in Ihre t\u00e4gliche Nahrungserg\u00e4nzungsroutine integrieren. F\u00fcr kulinarische Abenteurer eignet sich Ingwer auch hervorragend f\u00fcr Tee, Smoothies, Pfannengerichte oder Marinaden, sodass Sie die gesundheitlichen Vorteile auf vielf\u00e4ltige Weise genie\u00dfen k\u00f6nnen.  <\/span><\/p>\t\t\t\t\t\t\t\t<\/div>\n\t\t\t\t<\/div>\n\t\t\t\t\t<\/div>\n\t\t\t\t<\/div>\n\t\t\t\t<\/div>\n\t\t","protected":false},"excerpt":{"rendered":"<p>6 unverzichtbare Tipps f\u00fcr Sportler 1. Energie und Ausdauer vor dem Training Ingwer regt die Durchblutung an, wodurch Ihre Muskeln&#8230;<\/p>\n","protected":false},"author":1,"featured_media":0,"parent":0,"menu_order":0,"comment_status":"closed","ping_status":"closed","template":"elementor_header_footer","meta":{"_acf_changed":false,"footnotes":""},"class_list":["post-3190","page","type-page","status-publish","hentry"],"acf":[],"_links":{"self":[{"href":"https:\/\/tinellasuperfoods.nl\/de\/wp-json\/wp\/v2\/pages\/3190","targetHints":{"allow":["GET"]}}],"collection":[{"href":"https:\/\/tinellasuperfoods.nl\/de\/wp-json\/wp\/v2\/pages"}],"about":[{"href":"https:\/\/tinellasuperfoods.nl\/de\/wp-json\/wp\/v2\/types\/page"}],"author":[{"embeddable":true,"href":"https:\/\/tinellasuperfoods.nl\/de\/wp-json\/wp\/v2\/users\/1"}],"replies":[{"embeddable":true,"href":"https:\/\/tinellasuperfoods.nl\/de\/wp-json\/wp\/v2\/comments?post=3190"}],"version-history":[{"count":11,"href":"https:\/\/tinellasuperfoods.nl\/de\/wp-json\/wp\/v2\/pages\/3190\/revisions"}],"predecessor-version":[{"id":3738,"href":"https:\/\/tinellasuperfoods.nl\/de\/wp-json\/wp\/v2\/pages\/3190\/revisions\/3738"}],"wp:attachment":[{"href":"https:\/\/tinellasuperfoods.nl\/de\/wp-json\/wp\/v2\/media?parent=3190"}],"curies":[{"name":"wp","href":"https:\/\/api.w.org\/{rel}","templated":true}]}}